{"id":1601,"date":"2017-08-08T09:51:33","date_gmt":"2017-08-08T07:51:33","guid":{"rendered":"http:\/\/gerriets.webproofed.de\/?page_id=1601"},"modified":"2023-01-24T16:38:10","modified_gmt":"2023-01-24T15:38:10","slug":"impressum","status":"publish","type":"page","link":"http:\/\/www.gerriets-acoustics.com\/es\/imprimir\/","title":{"rendered":"Pie de imprenta"},"content":{"rendered":"<section class=\"wpb-content-wrapper\"><div id=\"agni-row-15230\" class=\"section-row\" style=\"margin-top: 5%; \"><div class=\"section-row-bg-container section-row-bg-container-agni-row-15230\"><div class=\"section-row-bg section-row-bg-color\"  ><\/div><\/div><div class=\"container\"><div class=\"vc_row vc_row_fluid vc_row-o-content-top vc_column-gap-30 vc_row-flex\"><div id=\"agni-column-84475\" class=\"wpb_column agni_column_container agni_column vc_column_container vc_col-sm-12\"><div class=\"agni_column-inner vc_column-inner text-left\"  ><div class=\"section-column-bg-container section-column-bg-container-agni-column-84475\" ><div class=\"section-column-bg section-column-bg-color\"  ><\/div><\/div><div class=\"wpb_wrapper\"><div class=\"agni_empty_space vc_empty_space\"  style=\"height: 1px\" data-height = \"1px\" data-height-tab = \"1px\" data-height-mobile = \"1px\"><span class=\"vc_empty_space_inner\"><\/span><\/div>\n<div class=\"agni_custom_heading page-scroll\" ><h2 class=\"vc_custom_heading agni_custom_heading_responsive  agni_custom_heading_content\" style=\"font-size: 60px;color: #666666;text-align: left; \"><span>Pie de imprenta<\/span><\/h2><\/div>\n\t<div id=\"\" class=\"agni_text_column agni-text-block\"  >\n\t\t<p><strong>Gerriets GmbH<\/strong><br \/>\nIm Kirchenh\u00fcrstle 5-7<br \/>\nDE-79224 Umkirch<\/p>\n<p>Tel\u00e9fono: +49 (0)7665 \/ 960-0<\/p>\n<p>Fax: +49 (0)7665 \/ 960-125<\/p>\n<p>Correo electr\u00f3nico: <strong><a href=\"mailto:aoustics@gerriets.com\">gerriets.joan@gmail.com<\/a><\/strong><\/p>\n<p>Registro mercantil: AG Freiburg<\/p>\n<p>N\u00ba HRB: 2678<\/p>\n<p>CIF: DE 142191543<\/p>\n<p>Director General: Hannes Gerriets<\/p>\n<p>Miembro del DTHG<br \/>\nMiembro de la IHK S\u00fcdlicher Oberrhein<\/p>\n<p><strong>Descargo de responsabilidad:<\/strong><\/p>\n<p>A pesar del cuidadoso control del contenido, no asumimos ninguna responsabilidad por el contenido de los enlaces externos. Los operadores de las p\u00e1ginas enlazadas son los \u00fanicos responsables de su contenido.<\/p>\n<p><strong>Nota sobre la protecci\u00f3n de datos:<\/strong><\/p>\n<p>Gerriets GmbH recopila datos de los visitantes de este sitio web con fines de optimizaci\u00f3n t\u00e9cnica y de contenidos. Para ello pueden utilizarse cookies (peque\u00f1os archivos con informaci\u00f3n de configuraci\u00f3n). En particular, se registran la direcci\u00f3n IP, las p\u00e1ginas visitadas y la hora de la visita, los datos del remitente y los datos del navegador y el sistema operativo utilizados. Los datos no se utilizan para identificar personalmente al visitante de este sitio web. Los datos s\u00f3lo se transmitir\u00e1n a terceros si existe la obligaci\u00f3n legal de hacerlo. Si no est\u00e1 de acuerdo con la recogida de sus datos, lamentablemente no podr\u00e1 utilizar el sitio web de Gerriets. Con respecto a los datos que ya se han recopilado, puede oponerse a su almacenamiento en cualquier momento con efectos para el futuro. A tal efecto, as\u00ed como para cualquier otra pregunta o duda relacionada con sus datos, p\u00f3ngase en contacto con nosotros a trav\u00e9s de los datos de contacto arriba indicados.<\/p>\n<p>Este sitio web utiliza Google Analytics, un servicio anal\u00edtico de web prestado por Google, Inc. (\"Google\") Google Analytics utiliza \"cookies\", que son archivos de texto ubicados en su ordenador, para ayudar al website a analizar el uso que hacen los usuarios del sitio web. La informaci\u00f3n que genera la cookie acerca de su uso del website (incluyendo su direcci\u00f3n IP) ser\u00e1 directamente transmitida y archivada por Google en los servidores de Estados Unidos. Google usar\u00e1 esta informaci\u00f3n por cuenta nuestra con el prop\u00f3sito de seguir la pista de su uso del website, recopilando informes de la actividad del website y prestando otros servicios relacionados con la actividad del website y el uso de Internet. Google podr\u00e1 transmitir dicha informaci\u00f3n a terceros cuando as\u00ed se lo requiera la legislaci\u00f3n, o cuando dichos terceros procesen la informaci\u00f3n por cuenta de Google. Google no asociar\u00e1 su direcci\u00f3n IP con ning\u00fan otro dato del que disponga Google. Puede rechazar el uso de cookies seleccionando la configuraci\u00f3n apropiada en su navegador, pero tenga en cuenta que si lo hace es posible que no pueda utilizar todas las funciones de este sitio web. Al utilizar este website Usted consiente el tratamiento de informaci\u00f3n acerca de Usted por Google en la forma y para los fines arriba indicados.<\/p>\n<p>P\u00e1gina web: <a href=\"https:\/\/webproofed.de\/\" target=\"_blank\" rel=\"noopener\">www.webproofed.de<\/a><\/p>\n\n\t<\/div>\n<\/div><\/div><\/div><\/div><\/div><\/div>\n<\/section>","protected":false},"excerpt":{"rendered":"Impressum Gerriets GmbH Im Kirchenh\u00fcrstle 5-7 DE-79224 Umkirch Telefon: +49 (0)7665 \/ 960-0 Telefax: +49 (0)7665 \/ 960-125 E-Mail: acoustics@gerriets.com Handelsregister: AG Freiburg HRB-Nr.: 2678 USt-ID-Nr.: DE 142191543 Gesch\u00e4ftsf\u00fchrer: Hannes Gerriets Mitglied der DTHG Mitglied der IHK S\u00fcdlicher Oberrhein Haftungshinweis: Trotz sorgf\u00e4ltiger inhaltlicher Kontrolle \u00fcbernehmen wir keine Haftung f\u00fcr die Inhalte externer Links. F\u00fcr den [...]","protected":false},"author":1,"featured_media":0,"parent":0,"menu_order":0,"comment_status":"closed","ping_status":"closed","template":"","meta":{"footnotes":""},"class_list":["post-1601","page","type-page","status-publish","hentry"],"aioseo_notices":[],"_links":{"self":[{"href":"http:\/\/www.gerriets-acoustics.com\/es\/wp-json\/wp\/v2\/pages\/1601","targetHints":{"allow":["GET"]}}],"collection":[{"href":"http:\/\/www.gerriets-acoustics.com\/es\/wp-json\/wp\/v2\/pages"}],"about":[{"href":"http:\/\/www.gerriets-acoustics.com\/es\/wp-json\/wp\/v2\/types\/page"}],"author":[{"embeddable":true,"href":"http:\/\/www.gerriets-acoustics.com\/es\/wp-json\/wp\/v2\/users\/1"}],"replies":[{"embeddable":true,"href":"http:\/\/www.gerriets-acoustics.com\/es\/wp-json\/wp\/v2\/comments?post=1601"}],"version-history":[{"count":0,"href":"http:\/\/www.gerriets-acoustics.com\/es\/wp-json\/wp\/v2\/pages\/1601\/revisions"}],"wp:attachment":[{"href":"http:\/\/www.gerriets-acoustics.com\/es\/wp-json\/wp\/v2\/media?parent=1601"}],"curies":[{"name":"wp","href":"https:\/\/api.w.org\/{rel}","templated":true}]}}