{"id":5858,"date":"2021-05-19T18:10:51","date_gmt":"2021-05-19T16:10:51","guid":{"rendered":"https:\/\/gerriets2021.webproofed.de\/?page_id=5858"},"modified":"2025-09-25T14:54:24","modified_gmt":"2025-09-25T12:54:24","slug":"schienensystem-studio-office","status":"publish","type":"page","link":"http:\/\/www.gerriets-acoustics.com\/es\/sistemas-ferroviarios\/sistema-ferroviario-estudio-oficina\/","title":{"rendered":"Sistema de v\u00edas Studio Office"},"content":{"rendered":"<section class=\"wpb-content-wrapper\"><div id=\"agni-row-82283\" class=\"section-row\" ><div class=\"section-row-bg-container section-row-bg-container-agni-row-82283\"><div class=\"section-row-bg section-row-bg-color \"  ><\/div><\/div><div class=\"container\"><div class=\"vc_row vc_row_fluid \"><div id=\"agni-column-42442\" class=\"wpb_column agni_column_container agni_column vc_column_container vc_col-sm-12\"><div class=\"agni_column-inner vc_column-inner text-left\"  ><div class=\"section-column-bg-container section-column-bg-container-agni-column-42442 \" ><div class=\"section-column-bg section-column-bg-color \"  ><\/div><\/div><div class=\"wpb_wrapper\"><div class=\"agni_empty_space vc_empty_space\"  style=\"height: 80px\" data-height = \"80px\" data-height-tab = \"80px\" data-height-mobile = \"80px\"><span class=\"vc_empty_space_inner\"><\/span><\/div>\n<div class=\" separator separator_center\" style=\"width:100%; \">\r\n\t\t\t\t\t<span class=\"sep_holder sep_holder_l\"><span style=\"border-top-style:solid; border-color:\" class=\"sep_line\"><\/span><\/span>\r\n\t\t\t\t\t\r\n\t\t\t\t\t<span class=\"sep_holder sep_holder_r\"><span style=\"border-top-style:solid; border-color:\" class=\"sep_line\"><\/span><\/span>\r\n\t\t\t\t<\/div><div class=\"agni_empty_space vc_empty_space\"  style=\"height: 20px\" data-height = \"20px\" data-height-tab = \"20px\" data-height-mobile = \"20px\"><span class=\"vc_empty_space_inner\"><\/span><\/div>\n<div class=\"agni_custom_heading page-scroll\" ><h4 class=\"vc_custom_heading agni_custom_heading_content \" style=\"text-align: left; \"><span>[SCHIENE STUDIO OFFICE]<\/span><\/h4><div class=\"divide-line text-left \"><span style=\"width:60px; height:0px; background-color:#000000\"><\/span><\/div><\/div><div class=\"agni_empty_space vc_empty_space\"  style=\"height: 20px\" data-height = \"20px\" data-height-tab = \"20px\" data-height-mobile = \"20px\"><span class=\"vc_empty_space_inner\"><\/span><\/div>\n<\/div><\/div><\/div><\/div><\/div><\/div><div id=\"schienensysteme\" class=\"section-row\" ><div class=\"section-row-bg-container section-row-bg-container-schienensysteme\"><div class=\"section-row-bg section-row-bg-color \"  ><\/div><\/div><div class=\"container\"><div class=\"vc_row vc_row_fluid \"><div id=\"agni-column-55780\" class=\"wpb_column agni_column_container agni_column vc_column_container vc_col-sm-6\"><div class=\"agni_column-inner vc_column-inner text-left\"  ><div class=\"section-column-bg-container section-column-bg-container-agni-column-55780 \" ><div class=\"section-column-bg section-column-bg-color \"  ><\/div><\/div><div class=\"wpb_wrapper\"><div class=\"agni_custom_heading page-scroll\" ><h6 class=\"vc_custom_heading agni_custom_heading_content \" style=\"text-align: left; \"><span>Leichtl\u00e4ufig mit hoher Spannweite<\/span><\/h6><\/div>\n\t<div id=\"\" class=\"agni_text_column agni-text-block \"  style=\"padding-bottom: 15px; \">\n\t\t<p>F\u00fcr elegante Rauminstallationen setzen wir unser STUDIO OFFICE-System als architektonischen Akzent und stabile Unterkonstruktion f\u00fcr unsere Akustikvorh\u00e4nge ein. Die hochwertige Vorhangschiene vereint die Vorteile des <span style=\"color: #999999;\"><a style=\"color: #999999;\" href=\"https:\/\/www.gerriets-acoustics.com\/schienensystem-trumpf-95\/\" target=\"_blank\" rel=\"noopener\">TRUMPF 95 OFFICE<\/a><\/span>-Systems, wie eine besonders hohe Laufruhe und eine hohe Auswahl an Laufwagentypen, mit einem speziell f\u00fcr Spannweiten entwickelten Aluminiumprofil. Dadurch k\u00f6nnen sogar schwere Schallvorh\u00e4nge mit nur wenigen Abh\u00e4ngepunkten installiert werden und wirken wie eine schwebende Rauminstallation.<\/p>\n<p>Mit Biegeradien ab 200 cm lassen sich auch freie und amorphe Formen sowie Kreissegmente realisieren.<\/p>\n\n\t<\/div>\n<div class=\"agni_empty_space vc_empty_space\"  style=\"height: 5px\" data-height = \"5px\" data-height-tab = \"50\" data-height-mobile = \"5\"><span class=\"vc_empty_space_inner\"><\/span><\/div>\n<\/div><\/div><\/div><div id=\"agni-column-88785\" class=\"wpb_column agni_column_container agni_column vc_column_container vc_col-sm-6\"><div class=\"agni_column-inner vc_column-inner text-left\"  ><div class=\"section-column-bg-container section-column-bg-container-agni-column-88785 \" ><div class=\"section-column-bg section-column-bg-color \"  ><\/div><\/div><div class=\"wpb_wrapper\"><div class=\"agni_custom_heading page-scroll\" ><h6 class=\"vc_custom_heading agni_custom_heading_content \" style=\"text-align: left; \"><span>Pluspunkte auf einen Blick<\/span><\/h6><\/div><ul class=\"list \">\n<li><i class=\"ion-android-checkbox-blank \" style=\"color:#dddddd\"><\/i>Spannweite bis 4,0 Meter (Link zur <a href=\"https:\/\/view.publitas.com\/gerriets-gmbh\/1-20-studio-e-wdz6373jvvka\/page\/2-3\" target=\"_blank\" rel=\"noopener\"><span style=\"color: #999999;\">Lastentabelle<\/span><\/a>)<\/li>\n<li><i class=\"ion-android-checkbox-blank \" style=\"color:#dddddd\"><\/i>gleichbleibende Laufruhe<\/li>\n<li><i class=\"ion-android-checkbox-blank \" style=\"color:#dddddd\"><\/i>flexible Schienenf\u00fchrung<\/li>\n<li><i class=\"ion-android-checkbox-blank \" style=\"color:#dddddd\"><\/i>individuelle Schienenradien und Biegungen<\/li>\n<li><i class=\"ion-android-checkbox-blank \" style=\"color:#dddddd\"><\/i>magnetischer Endanschlag<\/li>\n<li><i class=\"ion-android-checkbox-blank \" style=\"color:#dddddd\"><\/i>Vorhangteilungen mit Magnetkupplung<\/li>\n<li><i class=\"ion-android-checkbox-blank \" style=\"color:#dddddd\"><\/i>Rastbremsen f\u00fcr genaue Vorhangpositionierung<\/li>\n<li><i class=\"ion-android-checkbox-blank \" style=\"color:#dddddd\"><\/i>motorisierbar mittels FRICTION DRIVE-Antrieb<\/li>\n<\/ul>\n<\/div><\/div><\/div><\/div><\/div><\/div><div id=\"agni-row-61087\" class=\"section-row\" ><div class=\"section-row-bg-container section-row-bg-container-agni-row-61087\"><div class=\"section-row-bg section-row-bg-color \"  ><\/div><\/div><div class=\"container\"><div class=\"vc_row vc_row_fluid \"><div id=\"agni-column-43612\" class=\"wpb_column agni_column_container agni_column vc_column_container vc_col-sm-12\"><div class=\"agni_column-inner vc_column-inner text-left\"  ><div class=\"section-column-bg-container section-column-bg-container-agni-column-43612 \" ><div class=\"section-column-bg section-column-bg-color \"  ><\/div><\/div><div class=\"wpb_wrapper\"><div class=\"agni_empty_space vc_empty_space\"  style=\"height: 80px\" data-height = \"80px\" data-height-tab = \"80px\" data-height-mobile = \"80px\"><span class=\"vc_empty_space_inner\"><\/span><\/div>\n<div class=\" separator separator_center\" style=\"width:100%; \">\r\n\t\t\t\t\t<span class=\"sep_holder sep_holder_l\"><span style=\"border-top-style:solid; border-color:\" class=\"sep_line\"><\/span><\/span>\r\n\t\t\t\t\t\r\n\t\t\t\t\t<span class=\"sep_holder sep_holder_r\"><span style=\"border-top-style:solid; border-color:\" class=\"sep_line\"><\/span><\/span>\r\n\t\t\t\t<\/div><div class=\"agni_empty_space vc_empty_space\"  style=\"height: 80px\" data-height = \"80px\" data-height-tab = \"80px\" data-height-mobile = \"80px\"><span class=\"vc_empty_space_inner\"><\/span><\/div>\n<\/div><\/div><\/div><\/div><\/div><\/div><div id=\"agni-row-88343\" class=\"section-row\" ><div class=\"section-row-bg-container section-row-bg-container-agni-row-88343\"><div class=\"section-row-bg section-row-bg-color \"  ><\/div><\/div><div class=\"container\"><div class=\"vc_row vc_row_fluid \"><div id=\"agni-column-63766\" class=\"wpb_column agni_column_container agni_column vc_column_container vc_col-sm-12\"><div class=\"agni_column-inner vc_column-inner text-left\"  ><div class=\"section-column-bg-container section-column-bg-container-agni-column-63766 \" ><div class=\"section-column-bg section-column-bg-color \"  ><\/div><\/div><div class=\"wpb_wrapper\"><div class=\" agni-image custom-image-container text-left\">\r\n\t\t\t<figure class=\"agni-image-figure\">\r\n\t\t\t\t<img loading=\"lazy\" decoding=\"async\" style=\"\" width=\"1500\" height=\"1000\" src=\"https:\/\/www.gerriets-acoustics.com\/wp-content\/uploads\/2022\/03\/gerriets-akustik-projekt-berlin-change-hub-1500x1000pix.jpg\" class=\"fullwidth-image attachment-full  attachment-full\" alt=\"gelbe Kreativwerkstatt, Raum im Raum mit Akustikvorh\u00e4ngen\" title=\"Schallvorh\u00e4nge OFFICE mit St\u00e4nderkonstruktion f\u00fcr Schienensystem, Change Hub Berlin\" srcset=\"https:\/\/www.gerriets-acoustics.com\/wp-content\/uploads\/2022\/03\/gerriets-akustik-projekt-berlin-change-hub-1500x1000pix.jpg 1500w, https:\/\/www.gerriets-acoustics.com\/wp-content\/uploads\/2022\/03\/gerriets-akustik-projekt-berlin-change-hub-1500x1000pix-300x200.jpg 300w, https:\/\/www.gerriets-acoustics.com\/wp-content\/uploads\/2022\/03\/gerriets-akustik-projekt-berlin-change-hub-1500x1000pix-1024x683.jpg 1024w, https:\/\/www.gerriets-acoustics.com\/wp-content\/uploads\/2022\/03\/gerriets-akustik-projekt-berlin-change-hub-1500x1000pix-768x512.jpg 768w, https:\/\/www.gerriets-acoustics.com\/wp-content\/uploads\/2022\/03\/gerriets-akustik-projekt-berlin-change-hub-1500x1000pix-18x12.jpg 18w, https:\/\/www.gerriets-acoustics.com\/wp-content\/uploads\/2022\/03\/gerriets-akustik-projekt-berlin-change-hub-1500x1000pix-960x640.jpg 960w\" sizes=\"auto, (max-width: 1500px) 100vw, 1500px\" \/>\r\n\t\t\t\t<figcaption class=\"vc_figure-caption\"><\/figcaption>\r\n\t\t\t<\/figure>\r\n\t\t<\/div><div class=\"agni_empty_space vc_empty_space\"  style=\"height: 80px\" data-height = \"80px\" data-height-tab = \"80px\" data-height-mobile = \"80px\"><span class=\"vc_empty_space_inner\"><\/span><\/div>\n<\/div><\/div><\/div><\/div><\/div><\/div>\n<\/section>","protected":false},"excerpt":{"rendered":"[SCHIENE STUDIO OFFICE] Leichtl\u00e4ufig mit hoher Spannweite F\u00fcr elegante Rauminstallationen setzen wir unser STUDIO OFFICE-System als architektonischen Akzent und stabile Unterkonstruktion f\u00fcr unsere Akustikvorh\u00e4nge ein. Die hochwertige Vorhangschiene vereint die Vorteile des TRUMPF 95 OFFICE-Systems, wie eine besonders hohe Laufruhe und eine hohe Auswahl an Laufwagentypen, mit einem speziell f\u00fcr Spannweiten entwickelten Aluminiumprofil. Dadurch k\u00f6nnen [...]","protected":false},"author":1,"featured_media":0,"parent":6474,"menu_order":0,"comment_status":"closed","ping_status":"closed","template":"","meta":{"footnotes":""},"class_list":["post-5858","page","type-page","status-publish","hentry"],"aioseo_notices":[],"_links":{"self":[{"href":"http:\/\/www.gerriets-acoustics.com\/es\/wp-json\/wp\/v2\/pages\/5858","targetHints":{"allow":["GET"]}}],"collection":[{"href":"http:\/\/www.gerriets-acoustics.com\/es\/wp-json\/wp\/v2\/pages"}],"about":[{"href":"http:\/\/www.gerriets-acoustics.com\/es\/wp-json\/wp\/v2\/types\/page"}],"author":[{"embeddable":true,"href":"http:\/\/www.gerriets-acoustics.com\/es\/wp-json\/wp\/v2\/users\/1"}],"replies":[{"embeddable":true,"href":"http:\/\/www.gerriets-acoustics.com\/es\/wp-json\/wp\/v2\/comments?post=5858"}],"version-history":[{"count":1,"href":"http:\/\/www.gerriets-acoustics.com\/es\/wp-json\/wp\/v2\/pages\/5858\/revisions"}],"predecessor-version":[{"id":10901,"href":"http:\/\/www.gerriets-acoustics.com\/es\/wp-json\/wp\/v2\/pages\/5858\/revisions\/10901"}],"up":[{"embeddable":true,"href":"http:\/\/www.gerriets-acoustics.com\/es\/wp-json\/wp\/v2\/pages\/6474"}],"wp:attachment":[{"href":"http:\/\/www.gerriets-acoustics.com\/es\/wp-json\/wp\/v2\/media?parent=5858"}],"curies":[{"name":"wp","href":"https:\/\/api.w.org\/{rel}","templated":true}]}}