{"id":6474,"date":"2022-02-25T08:31:03","date_gmt":"2022-02-25T07:31:03","guid":{"rendered":"https:\/\/gerriets2021.webproofed.de\/?page_id=6474"},"modified":"2024-06-27T10:55:35","modified_gmt":"2024-06-27T08:55:35","slug":"schienensysteme","status":"publish","type":"page","link":"http:\/\/www.gerriets-acoustics.com\/es\/sistemas-ferroviarios\/","title":{"rendered":"Sistemas de carriles"},"content":{"rendered":"<section class=\"wpb-content-wrapper\"><div id=\"intro\" class=\"section-row\" ><div class=\"section-row-bg-container section-row-bg-container-intro\"><div class=\"section-row-bg section-row-bg-color \"  ><\/div><\/div><div class=\"container\"><div class=\"vc_row vc_row_fluid \"><div id=\"agni-column-17369\" class=\"intro wpb_column agni_column_container agni_column vc_column_container vc_col-sm-12\"><div class=\"agni_column-inner vc_column-inner text-left\" style=\"margin-right: 50px; padding-top: 100px; padding-bottom: 50px; \" ><div class=\"section-column-bg-container section-column-bg-container-agni-column-17369 \" ><div class=\"section-column-bg section-column-bg-color \"  ><\/div><\/div><div class=\"wpb_wrapper\"><div class=\"agni_custom_heading page-scroll\" ><h4 class=\"vc_custom_heading agni_custom_heading_content \" style=\"text-align: center; \"><span>[SCHIENENSYSTEME]<\/span><\/h4><div class=\"divide-line text-center \"><span style=\"width:60px; height:0px; background-color:#000000\"><\/span><\/div><\/div><div class=\"agni_custom_heading page-scroll\" ><h6 class=\"vc_custom_heading agni_custom_heading_content \" style=\"text-align: center; \"><span>LEICHTG\u00c4NGIG UND STABIL F\u00dcR EINE OPTIMALE INSTALLATION<\/span><\/h6><div class=\"divide-line text-center \"><span style=\"width:60px; height:1px; background-color:#000000\"><\/span><\/div><\/div><div class=\"agni_empty_space vc_empty_space\"  style=\"height: 30px\" data-height = \"30px\" data-height-tab = \"30px\" data-height-mobile = \"30px\"><span class=\"vc_empty_space_inner\"><\/span><\/div>\n\n\t<div id=\"\" class=\"agni_text_column agni-text-block \"  >\n\t\t<div class=\"agni_custom_heading page-scroll\">Variable Raumakustikl\u00f6sungen werden erst durch das Schienensystem tats\u00e4chlich zu einem variablen System. Gerriets plant, liefert und montiert die unterschiedlichsten Schienensysteme passend zum jeweiligen Bauvorhaben. Sowohl Schwerlastschienen aus dem Theaterbereich f\u00fcr das m\u00fchelose Bewegen extrem gro\u00dfer und schwerer Akustikvorh\u00e4nge, wie z. B. die Schallvorh\u00e4nge im <span style=\"color: #999999;\"><a style=\"color: #999999;\" href=\"https:\/\/www.gerriets-acoustics.com\/portfolio\/perez-art-museum-pamm\/\" target=\"_blank\" rel=\"noopener\">PEREZ MUSEUM OF ART<\/a><\/span> in Miami, wie auch kleine Vorhangschienen f\u00fcr den Objektbereich und zur Integration in moderne Raumkonzepte.<\/div>\n\n\t<\/div>\n<div class=\"agni_empty_space vc_empty_space\"  style=\"height: 30px\" data-height = \"30px\" data-height-tab = \"30px\" data-height-mobile = \"30px\"><span class=\"vc_empty_space_inner\"><\/span><\/div>\n<\/div><\/div><\/div><\/div><\/div><\/div><section class=\"vc_section agni-section\"><div id=\"agni-row-11151\" class=\"section-row\" ><div class=\"section-row-bg-container section-row-bg-container-agni-row-11151\"><div class=\"section-row-bg section-row-bg-color \"  ><\/div><\/div><div class=\"container\"><div class=\"vc_row vc_row_fluid \"><div id=\"agni-column-68560\" class=\"wpb_column agni_column_container agni_column vc_column_container vc_col-sm-6\"><div class=\"agni_column-inner vc_column-inner text-left\"  ><div class=\"section-column-bg-container section-column-bg-container-agni-column-68560 \" ><div class=\"section-column-bg section-column-bg-color \"  ><\/div><\/div><div class=\"wpb_wrapper\"><div class=\"agni_custom_heading page-scroll\" ><h4 class=\"vc_custom_heading agni_custom_heading_content \" style=\"text-align: center; \"><span><a href=\"https:\/\/www.gerriets-acoustics.com\/schienensysteme\/schienensystem-trumpf-95\/\" title=\"Schienensystem TRUMPF 95\">Schienensystem<br \/>\nTRUMPF 95 OFFICE<\/a><\/span><\/h4><\/div><div class=\" agni-image custom-image-container text-left\">\r\n\t\t\t<figure class=\"agni-image-figure\">\r\n\t\t\t\t<a href=\"https:\/\/www.gerriets-acoustics.com\/schienensystem-trumpf-95\/\"  target=\"_self\"><img loading=\"lazy\" decoding=\"async\" style=\"\" class=\"fullwidth-image attachment-640x640  \" src=\"https:\/\/www.gerriets-acoustics.com\/wp-content\/uploads\/2022\/03\/gw-2021-Gerriets-kriens-showroom-vorhangsschiene-schallvorhang-small.jpg\" width=\"532\" height=\"532\" alt=\"moderner, tempor\u00e4rer Meetingraum mit flexiblen Akustikvorh\u00e4ngen\" title=\"TRUMPF 95 OFFICE-Schleuderschienen im abgerundeten Rechteck von Gerriets, Showroom Waldis B\u00fcro und Wohnen AG, Kriens\" \/><\/a>\r\n\t\t\t\t<figcaption class=\"vc_figure-caption\"><\/figcaption>\r\n\t\t\t<\/figure>\r\n\t\t<\/div><div class=\"agni_custom_heading page-scroll\" ><h6 class=\"vc_custom_heading agni_custom_heading_content \" style=\"text-align: center; \"><span><a href=\"https:\/\/www.gerriets-acoustics.com\/schienensysteme\/schienensystem-trumpf-95\/\" title=\"Schienensystem TRUMPF 95\">Hohe Laufruhe bei flexibler Schienenf\u00fchrung. Individuell konfigurierbar.<\/a><\/span><\/h6><\/div><\/div><\/div><\/div><div id=\"agni-column-77209\" class=\"wpb_column agni_column_container agni_column vc_column_container vc_col-sm-6\"><div class=\"agni_column-inner vc_column-inner text-left\"  ><div class=\"section-column-bg-container section-column-bg-container-agni-column-77209 \" ><div class=\"section-column-bg section-column-bg-color \"  ><\/div><\/div><div class=\"wpb_wrapper\"><div class=\"agni_custom_heading page-scroll\" ><h4 class=\"vc_custom_heading agni_custom_heading_content \" style=\"text-align: center; \"><span><a href=\"https:\/\/www.gerriets-acoustics.com\/schienensysteme\/schienensystem-studio-office\/\" title=\"Schienensystem STUDIO OFFICE\">Schienensystem<br \/>\nSTUDIO OFFICE<\/a><\/span><\/h4><\/div><div class=\" agni-image custom-image-container text-left\">\r\n\t\t\t<figure class=\"agni-image-figure\">\r\n\t\t\t\t<a href=\"https:\/\/www.gerriets-acoustics.com\/schienensystem-studio-office\/\"  target=\"_self\"><img loading=\"lazy\" decoding=\"async\" style=\"\" class=\"fullwidth-image attachment-640x640  \" src=\"https:\/\/www.gerriets-acoustics.com\/wp-content\/uploads\/2022\/03\/gw-2021-vitra-club-office-small.jpg\" width=\"532\" height=\"532\" alt=\"Sitzinsel mit K\u00fcchennische, akustisch durch Vorhangsystem getrennt\" title=\"Verbesserung der Raumakustik von Gerriets im Gro\u00dfraumb\u00fcro, Vitra Club Office, Birsfelden\" \/><\/a>\r\n\t\t\t\t<figcaption class=\"vc_figure-caption\"><\/figcaption>\r\n\t\t\t<\/figure>\r\n\t\t<\/div><div class=\"agni_custom_heading page-scroll\" ><h6 class=\"vc_custom_heading agni_custom_heading_content \" style=\"text-align: center; \"><span><a href=\"https:\/\/www.gerriets-acoustics.com\/schienensysteme\/schienensystem-studio-office\/\" title=\"Schienensystem STUDIO OFFICE\">Leichtl\u00e4ufig mit hoher Spannweite. Flexibel und individuell verfahrbar.<\/a><\/span><\/h6><\/div><\/div><\/div><\/div><\/div><\/div><\/div><\/section><div id=\"agni-row-44867\" class=\"section-row\" ><div class=\"section-row-bg-container section-row-bg-container-agni-row-44867\"><div class=\"section-row-bg section-row-bg-color \"  ><\/div><\/div><div class=\"container\"><div class=\"vc_row vc_row_fluid \"><div id=\"agni-column-11708\" class=\"wpb_column agni_column_container agni_column vc_column_container vc_col-sm-12\"><div class=\"agni_column-inner vc_column-inner text-left\"  ><div class=\"section-column-bg-container section-column-bg-container-agni-column-11708 \" ><div class=\"section-column-bg section-column-bg-color \"  ><\/div><\/div><div class=\"wpb_wrapper\"><div class=\"agni_empty_space vc_empty_space\"  style=\"height: 80px\" data-height = \"80px\" data-height-tab = \"80px\" data-height-mobile = \"80px\"><span class=\"vc_empty_space_inner\"><\/span><\/div>\n<\/div><\/div><\/div><\/div><\/div><\/div>\n<\/section>","protected":false},"excerpt":{"rendered":"[SCHIENENSYSTEME]LEICHTG\u00c4NGIG UND STABIL F\u00dcR EINE OPTIMALE INSTALLATION Variable Raumakustikl\u00f6sungen werden erst durch das Schienensystem tats\u00e4chlich zu einem variablen System. Gerriets plant, liefert und montiert die unterschiedlichsten Schienensysteme passend zum jeweiligen Bauvorhaben. Sowohl Schwerlastschienen aus dem Theaterbereich f\u00fcr das m\u00fchelose Bewegen extrem gro\u00dfer und schwerer Akustikvorh\u00e4nge, wie z. B. die Schallvorh\u00e4nge im PEREZ MUSEUM OF ART [...]","protected":false},"author":1,"featured_media":0,"parent":0,"menu_order":0,"comment_status":"closed","ping_status":"closed","template":"","meta":{"footnotes":""},"class_list":["post-6474","page","type-page","status-publish","hentry"],"aioseo_notices":[],"_links":{"self":[{"href":"http:\/\/www.gerriets-acoustics.com\/es\/wp-json\/wp\/v2\/pages\/6474","targetHints":{"allow":["GET"]}}],"collection":[{"href":"http:\/\/www.gerriets-acoustics.com\/es\/wp-json\/wp\/v2\/pages"}],"about":[{"href":"http:\/\/www.gerriets-acoustics.com\/es\/wp-json\/wp\/v2\/types\/page"}],"author":[{"embeddable":true,"href":"http:\/\/www.gerriets-acoustics.com\/es\/wp-json\/wp\/v2\/users\/1"}],"replies":[{"embeddable":true,"href":"http:\/\/www.gerriets-acoustics.com\/es\/wp-json\/wp\/v2\/comments?post=6474"}],"version-history":[{"count":0,"href":"http:\/\/www.gerriets-acoustics.com\/es\/wp-json\/wp\/v2\/pages\/6474\/revisions"}],"wp:attachment":[{"href":"http:\/\/www.gerriets-acoustics.com\/es\/wp-json\/wp\/v2\/media?parent=6474"}],"curies":[{"name":"wp","href":"https:\/\/api.w.org\/{rel}","templated":true}]}}