{"id":5853,"date":"2021-05-19T18:08:47","date_gmt":"2021-05-19T16:08:47","guid":{"rendered":"https:\/\/gerriets2021.webproofed.de\/?page_id=5853"},"modified":"2025-09-11T13:59:59","modified_gmt":"2025-09-11T11:59:59","slug":"schienensystem-trumpf-95","status":"publish","type":"page","link":"http:\/\/www.gerriets-acoustics.com\/pl\/systemy-kolejowe\/system-kolejowy-trump-95\/","title":{"rendered":"System szynowy TRUMPF 95 OFFICE"},"content":{"rendered":"<section class=\"wpb-content-wrapper\"><div id=\"agni-row-79313\" class=\"section-row\" ><div class=\"section-row-bg-container section-row-bg-container-agni-row-79313\"><div class=\"section-row-bg section-row-bg-color \"  ><\/div><\/div><div class=\"container\"><div class=\"vc_row vc_row_fluid \"><div id=\"agni-column-86533\" class=\"wpb_column agni_column_container agni_column vc_column_container vc_col-sm-12\"><div class=\"agni_column-inner vc_column-inner text-left\"  ><div class=\"section-column-bg-container section-column-bg-container-agni-column-86533 \" ><div class=\"section-column-bg section-column-bg-color \"  ><\/div><\/div><div class=\"wpb_wrapper\"><div class=\"agni_empty_space vc_empty_space\"  style=\"height: 80px\" data-height = \"80px\" data-height-tab = \"80px\" data-height-mobile = \"80px\"><span class=\"vc_empty_space_inner\"><\/span><\/div>\n<div class=\" separator separator_center\" style=\"width:100%; \">\r\n\t\t\t\t\t<span class=\"sep_holder sep_holder_l\"><span style=\"border-top-style:solid; border-color:\" class=\"sep_line\"><\/span><\/span>\r\n\t\t\t\t\t\r\n\t\t\t\t\t<span class=\"sep_holder sep_holder_r\"><span style=\"border-top-style:solid; border-color:\" class=\"sep_line\"><\/span><\/span>\r\n\t\t\t\t<\/div><div class=\"agni_empty_space vc_empty_space\"  style=\"height: 20px\" data-height = \"20px\" data-height-tab = \"20px\" data-height-mobile = \"20px\"><span class=\"vc_empty_space_inner\"><\/span><\/div>\n<div class=\"agni_custom_heading page-scroll\" ><h4 class=\"vc_custom_heading agni_custom_heading_content \" style=\"text-align: left; \"><span>[SCHIENE TRUMPF 95 OFFICE]<\/span><\/h4><\/div><div class=\"agni_empty_space vc_empty_space\"  style=\"height: 20px\" data-height = \"20px\" data-height-tab = \"20px\" data-height-mobile = \"20px\"><span class=\"vc_empty_space_inner\"><\/span><\/div>\n<\/div><\/div><\/div><\/div><\/div><\/div><div id=\"schienensysteme\" class=\"section-row\" ><div class=\"section-row-bg-container section-row-bg-container-schienensysteme\"><div class=\"section-row-bg section-row-bg-color \"  ><\/div><\/div><div class=\"container\"><div class=\"vc_row vc_row_fluid \"><div id=\"agni-column-63319\" class=\"wpb_column agni_column_container agni_column vc_column_container vc_col-sm-6\"><div class=\"agni_column-inner vc_column-inner text-left\"  ><div class=\"section-column-bg-container section-column-bg-container-agni-column-63319 \" ><div class=\"section-column-bg section-column-bg-color \"  ><\/div><\/div><div class=\"wpb_wrapper\"><div class=\"agni_custom_heading page-scroll\" ><h6 class=\"vc_custom_heading agni_custom_heading_content \" style=\"text-align: left; \"><span>Leise und zuverl\u00e4ssig<\/span><\/h6><\/div>\n\t<div id=\"\" class=\"agni_text_column agni-text-block \"  style=\"padding-bottom: 15px; \">\n\t\t<p>F\u00fcr unser <a href=\"https:\/\/www.gerriets-acoustics.com\/produkte\/schallschutz\/schallvorhang-office-2\/\" target=\"_blank\" rel=\"noopener\"><span style=\"color: #999999;\">Schallvorhang OFFICE<\/span><\/a>-System kommt die bew\u00e4hrte TRUMPF 95 OFFICE Schiene zum Einsatz, um die mehrlagigen Vorh\u00e4nge optimal aufzunehmen. Eine besonders hohe Laufruhe und eine hohe Auswahl an Laufwagentypen und technischen Anbauteilen zeichnet dieses Schienensystem aus. Durch die Erg\u00e4nzung mit dem Treibradantrieb FRICTION DRIVE entstehen &#8222;R\u00e4ume auf Knopfdruck\u201c.<br \/>\nIhren gestalterischen Ideen sind hier keine Grenzen gesetzt \u2013 von Schienenweichen \u00fcber Drehkreuze bis hin zu dreidimensional gebogenen Schienenverl\u00e4ufen bietet das TRUMPF 95 OFFICE Schienensystem fast unendliche M\u00f6glichkeiten der Raumteilung.<br \/>\nF\u00fcr eine individuelle Raumplanung laden Sie sich gerne unsere Planungsunterlagen und Zeichnungen herunter oder sprechen Sie uns direkt an, wir freuen uns auf die Zusammenarbeit mit Ihnen in herausfordernden Projekten!<\/p>\n\n\t<\/div>\n<div class=\"agni_empty_space vc_empty_space\"  style=\"height: 10px\" data-height = \"10px\" data-height-tab = \"10px\" data-height-mobile = \"10px\"><span class=\"vc_empty_space_inner\"><\/span><\/div>\n<\/div><\/div><\/div><div id=\"agni-column-50106\" class=\"wpb_column agni_column_container agni_column vc_column_container vc_col-sm-6\"><div class=\"agni_column-inner vc_column-inner text-left\"  ><div class=\"section-column-bg-container section-column-bg-container-agni-column-50106 \" ><div class=\"section-column-bg section-column-bg-color \"  ><\/div><\/div><div class=\"wpb_wrapper\"><div class=\"agni_custom_heading page-scroll\" ><h6 class=\"vc_custom_heading agni_custom_heading_content \" style=\"text-align: left; \"><span>Pluspunkte auf einen Blick<\/span><\/h6><\/div><ul class=\"list \">\n<li><i class=\"ion-android-checkbox-blank \" style=\"color:#dddddd\"><\/i>hohe Laufruhe<\/li>\n<li><i class=\"ion-android-checkbox-blank \" style=\"color:#dddddd\"><\/i>flexible Schienenf\u00fchrung<\/li>\n<li><i class=\"ion-android-checkbox-blank \" style=\"color:#dddddd\"><\/i>individuelle Schienenradien und Biegungen<\/li>\n<li><i class=\"ion-android-checkbox-blank \" style=\"color:#dddddd\"><\/i>auch dreidimensionale Biegungen m\u00f6glich<\/li>\n<li><i class=\"ion-android-checkbox-blank \" style=\"color:#dddddd\"><\/i>magnetischer Endanschlag<\/li>\n<li><i class=\"ion-android-checkbox-blank \" style=\"color:#dddddd\"><\/i>Vorhangteilungen mit Magnetkupplung<\/li>\n<li><i class=\"ion-android-checkbox-blank \" style=\"color:#dddddd\"><\/i>Rastbremsen f\u00fcr genaue Vorhangpositionierung<\/li>\n<li><i class=\"ion-android-checkbox-blank \" style=\"color:#dddddd\"><\/i>Schienenweichen und Drehweichen f\u00fcr flexible Raumaufteilung<\/li>\n<li><i class=\"ion-android-checkbox-blank \" style=\"color:#dddddd\"><\/i>motorisierbar mittels FRICTION DRIVE Antrieb<\/li>\n<\/ul>\n<\/div><\/div><\/div><\/div><\/div><\/div><div id=\"agni-row-92040\" class=\"section-row\" ><div class=\"section-row-bg-container section-row-bg-container-agni-row-92040\"><div class=\"section-row-bg section-row-bg-color \"  ><\/div><\/div><div class=\"container\"><div class=\"vc_row vc_row_fluid \"><div id=\"agni-column-52036\" class=\"wpb_column agni_column_container agni_column vc_column_container vc_col-sm-12\"><div class=\"agni_column-inner vc_column-inner text-left\"  ><div class=\"section-column-bg-container section-column-bg-container-agni-column-52036 \" ><div class=\"section-column-bg section-column-bg-color \"  ><\/div><\/div><div class=\"wpb_wrapper\"><div class=\"agni_empty_space vc_empty_space\"  style=\"height: 80px\" data-height = \"80px\" data-height-tab = \"80px\" data-height-mobile = \"80px\"><span class=\"vc_empty_space_inner\"><\/span><\/div>\n<div class=\" separator separator_center\" style=\"width:100%; \">\r\n\t\t\t\t\t<span class=\"sep_holder sep_holder_l\"><span style=\"border-top-style:solid; border-color:\" class=\"sep_line\"><\/span><\/span>\r\n\t\t\t\t\t\r\n\t\t\t\t\t<span class=\"sep_holder sep_holder_r\"><span style=\"border-top-style:solid; border-color:\" class=\"sep_line\"><\/span><\/span>\r\n\t\t\t\t<\/div><div class=\"agni_empty_space vc_empty_space\"  style=\"height: 80px\" data-height = \"80px\" data-height-tab = \"80px\" data-height-mobile = \"80px\"><span class=\"vc_empty_space_inner\"><\/span><\/div>\n<\/div><\/div><\/div><\/div><\/div><\/div><div id=\"agni-row-97335\" class=\"section-row\" ><div class=\"section-row-bg-container section-row-bg-container-agni-row-97335\"><div class=\"section-row-bg section-row-bg-color \"  ><\/div><\/div><div class=\"container\"><div class=\"vc_row vc_row_fluid \"><div id=\"agni-column-12029\" class=\"wpb_column agni_column_container agni_column vc_column_container vc_col-sm-6\"><div class=\"agni_column-inner vc_column-inner text-left\"  ><div class=\"section-column-bg-container section-column-bg-container-agni-column-12029 \" ><div class=\"section-column-bg section-column-bg-color \"  ><\/div><\/div><div class=\"wpb_wrapper\"><div class=\" agni-image custom-image-container text-left\">\r\n\t\t\t<figure class=\"agni-image-figure\">\r\n\t\t\t\t<img loading=\"lazy\" decoding=\"async\" style=\"\" width=\"1500\" height=\"1000\" src=\"https:\/\/www.gerriets-acoustics.com\/wp-content\/uploads\/2022\/04\/gerriets-schienensystem-friction-drive.jpg\" class=\"fullwidth-image attachment-full  attachment-full\" alt=\"Detailansicht TRUMPF 95 OFFICE-Schienensystems von Gerriets\" title=\"Schienensystem Friction Drive (Motor mit Treibrad) von Gerriets\" srcset=\"https:\/\/www.gerriets-acoustics.com\/wp-content\/uploads\/2022\/04\/gerriets-schienensystem-friction-drive.jpg 1500w, https:\/\/www.gerriets-acoustics.com\/wp-content\/uploads\/2022\/04\/gerriets-schienensystem-friction-drive-300x200.jpg 300w, https:\/\/www.gerriets-acoustics.com\/wp-content\/uploads\/2022\/04\/gerriets-schienensystem-friction-drive-1024x683.jpg 1024w, https:\/\/www.gerriets-acoustics.com\/wp-content\/uploads\/2022\/04\/gerriets-schienensystem-friction-drive-768x512.jpg 768w, https:\/\/www.gerriets-acoustics.com\/wp-content\/uploads\/2022\/04\/gerriets-schienensystem-friction-drive-18x12.jpg 18w, https:\/\/www.gerriets-acoustics.com\/wp-content\/uploads\/2022\/04\/gerriets-schienensystem-friction-drive-960x640.jpg 960w\" sizes=\"auto, (max-width: 1500px) 100vw, 1500px\" \/>\r\n\t\t\t\t<figcaption class=\"vc_figure-caption\"><\/figcaption>\r\n\t\t\t<\/figure>\r\n\t\t<\/div><\/div><\/div><\/div><div id=\"agni-column-24153\" class=\"wpb_column agni_column_container agni_column vc_column_container vc_col-sm-6\"><div class=\"agni_column-inner vc_column-inner text-left\"  ><div class=\"section-column-bg-container section-column-bg-container-agni-column-24153 \" ><div class=\"section-column-bg section-column-bg-color \"  ><\/div><\/div><div class=\"wpb_wrapper\"><div class=\"agni_custom_heading page-scroll\" ><h6 class=\"vc_custom_heading agni_custom_heading_content \" style=\"text-align: center; \"><span>Einfach elektrisch!<\/span><\/h6><\/div>\n\t<div id=\"\" class=\"agni_text_column agni-text-block \"  >\n\t\t<p style=\"text-align: center;\">Die Gerriets Schallvorh\u00e4nge k\u00f6nnen ganz einfach sowohl von Hand als auch per Friction Drive Motor gezogen werden. Der Motor f\u00e4hrt mittels Treibrad nahezu lautlos und mit extrem effektiver Kraft\u00fcbertragung an der Schiene entlang. Somit sind auch komplexe Schienenf\u00fchrungen, Endlosfahrten im Kreis und der Einsatz mehrerer Motoren an einer Schiene m\u00f6glich.<\/p>\n\n\t<\/div>\n<div class=\"agni_empty_space vc_empty_space\"  style=\"height: 30px\" data-height = \"30px\" data-height-tab = \"30px\" data-height-mobile = \"30px\"><span class=\"vc_empty_space_inner\"><\/span><\/div>\n<\/div><\/div><\/div><\/div><\/div><\/div><div id=\"agni-row-53509\" class=\"section-row\" ><div class=\"section-row-bg-container section-row-bg-container-agni-row-53509\"><div class=\"section-row-bg section-row-bg-color \"  ><\/div><\/div><div class=\"container\"><div class=\"vc_row vc_row_fluid \"><div id=\"agni-column-14695\" class=\"wpb_column agni_column_container agni_column vc_column_container vc_col-sm-12\"><div class=\"agni_column-inner vc_column-inner text-left\"  ><div class=\"section-column-bg-container section-column-bg-container-agni-column-14695 \" ><div class=\"section-column-bg section-column-bg-color \"  ><\/div><\/div><div class=\"wpb_wrapper\"><div class=\"agni_empty_space vc_empty_space\"  style=\"height: 80px\" data-height = \"80px\" data-height-tab = \"80px\" data-height-mobile = \"80px\"><span class=\"vc_empty_space_inner\"><\/span><\/div>\n<div class=\" separator separator_center\" style=\"width:100%; \">\r\n\t\t\t\t\t<span class=\"sep_holder sep_holder_l\"><span style=\"border-top-style:solid; border-color:\" class=\"sep_line\"><\/span><\/span>\r\n\t\t\t\t\t\r\n\t\t\t\t\t<span class=\"sep_holder sep_holder_r\"><span style=\"border-top-style:solid; border-color:\" class=\"sep_line\"><\/span><\/span>\r\n\t\t\t\t<\/div><div class=\"agni_empty_space vc_empty_space\"  style=\"height: 80px\" data-height = \"80px\" data-height-tab = \"80px\" data-height-mobile = \"80px\"><span class=\"vc_empty_space_inner\"><\/span><\/div>\n<\/div><\/div><\/div><\/div><\/div><\/div><div id=\"agni-row-58639\" class=\"section-row\" ><div class=\"section-row-bg-container section-row-bg-container-agni-row-58639\"><div class=\"section-row-bg section-row-bg-color \"  ><\/div><\/div><div class=\"container\"><div class=\"vc_row vc_row_fluid \"><div id=\"agni-column-82091\" class=\"wpb_column agni_column_container agni_column vc_column_container vc_col-sm-6\"><div class=\"agni_column-inner vc_column-inner text-left\"  ><div class=\"section-column-bg-container section-column-bg-container-agni-column-82091 \" ><div class=\"section-column-bg section-column-bg-color \"  ><\/div><\/div><div class=\"wpb_wrapper\"><div class=\"agni_custom_heading page-scroll\" ><h6 class=\"vc_custom_heading agni_custom_heading_content \" style=\"text-align: center; \"><span>Von der B\u00fchne ins B\u00fcro<\/span><\/h6><\/div>\n\t<div id=\"\" class=\"agni_text_column agni-text-block \"  >\n\t\t<p style=\"text-align: center;\">In unserer eigenen Fertigung am Hauptsitz in Umkirch bei Freiburg entstehen innovative Weiterentwicklungen, die das klassische TRUMPF 95 Schienensystem aus der Theatertechnik in das moderne B\u00fcro \u00fcberf\u00fchren. Magnetische Verschl\u00fcsse, Rastbremsen zur exakten Vorhangpositionierung oder Kupplungshaken f\u00fcr individuelle Vorhangteilungen sind bereits Teil des Technikportfolios.<\/p>\n<p style=\"text-align: center;\">Eine \u00dcbersicht \u00fcber die technischen M\u00f6glichkeiten finden Sie <span style=\"color: #999999;\"><a style=\"color: #999999;\" href=\"https:\/\/www.gerriets-acoustics.com\/technische-datenblaetter\/\" target=\"_blank\" rel=\"noopener\">hier<\/a><\/span>.<\/p>\n\n\t<\/div>\n<\/div><\/div><\/div><div id=\"agni-column-58252\" class=\"wpb_column agni_column_container agni_column vc_column_container vc_col-sm-6\"><div class=\"agni_column-inner vc_column-inner text-left\"  ><div class=\"section-column-bg-container section-column-bg-container-agni-column-58252 \" ><div class=\"section-column-bg section-column-bg-color \"  ><\/div><\/div><div class=\"wpb_wrapper\"><div class=\" agni-image custom-image-container text-left\">\r\n\t\t\t<figure class=\"agni-image-figure\">\r\n\t\t\t\t<img loading=\"lazy\" decoding=\"async\" style=\"\" width=\"1500\" height=\"1000\" src=\"https:\/\/www.gerriets-acoustics.com\/wp-content\/uploads\/2022\/04\/gerriets-schienensystem-schweissen.jpg\" class=\"fullwidth-image attachment-full  attachment-full\" alt=\"Funkenflug bei Arbeiten an Schwei\u00dfmaschine in einer Werkstatt\" title=\"Schwei\u00dfen der Schienensysteme bei Gerriets, Umkirch\" srcset=\"https:\/\/www.gerriets-acoustics.com\/wp-content\/uploads\/2022\/04\/gerriets-schienensystem-schweissen.jpg 1500w, https:\/\/www.gerriets-acoustics.com\/wp-content\/uploads\/2022\/04\/gerriets-schienensystem-schweissen-300x200.jpg 300w, https:\/\/www.gerriets-acoustics.com\/wp-content\/uploads\/2022\/04\/gerriets-schienensystem-schweissen-1024x683.jpg 1024w, https:\/\/www.gerriets-acoustics.com\/wp-content\/uploads\/2022\/04\/gerriets-schienensystem-schweissen-768x512.jpg 768w, https:\/\/www.gerriets-acoustics.com\/wp-content\/uploads\/2022\/04\/gerriets-schienensystem-schweissen-18x12.jpg 18w, https:\/\/www.gerriets-acoustics.com\/wp-content\/uploads\/2022\/04\/gerriets-schienensystem-schweissen-960x640.jpg 960w\" sizes=\"auto, (max-width: 1500px) 100vw, 1500px\" \/>\r\n\t\t\t\t<figcaption class=\"vc_figure-caption\"><\/figcaption>\r\n\t\t\t<\/figure>\r\n\t\t<\/div><\/div><\/div><\/div><\/div><\/div><\/div><div id=\"agni-row-87230\" class=\"section-row\" ><div class=\"section-row-bg-container section-row-bg-container-agni-row-87230\"><div class=\"section-row-bg section-row-bg-color \"  ><\/div><\/div><div class=\"container\"><div class=\"vc_row vc_row_fluid \"><div id=\"agni-column-28036\" class=\"wpb_column agni_column_container agni_column vc_column_container vc_col-sm-12\"><div class=\"agni_column-inner vc_column-inner text-left\"  ><div class=\"section-column-bg-container section-column-bg-container-agni-column-28036 \" ><div class=\"section-column-bg section-column-bg-color \"  ><\/div><\/div><div class=\"wpb_wrapper\"><div class=\"agni_empty_space vc_empty_space\"  style=\"height: 80px\" data-height = \"80px\" data-height-tab = \"80px\" data-height-mobile = \"80px\"><span class=\"vc_empty_space_inner\"><\/span><\/div>\n<div class=\" separator separator_center\" style=\"width:100%; \">\r\n\t\t\t\t\t<span class=\"sep_holder sep_holder_l\"><span style=\"border-top-style:solid; border-color:\" class=\"sep_line\"><\/span><\/span>\r\n\t\t\t\t\t\r\n\t\t\t\t\t<span class=\"sep_holder sep_holder_r\"><span style=\"border-top-style:solid; border-color:\" class=\"sep_line\"><\/span><\/span>\r\n\t\t\t\t<\/div><div class=\"agni_empty_space vc_empty_space\"  style=\"height: 80px\" data-height = \"80px\" data-height-tab = \"80px\" data-height-mobile = \"80px\"><span class=\"vc_empty_space_inner\"><\/span><\/div>\n<\/div><\/div><\/div><\/div><\/div><\/div><div id=\"agni-row-97911\" class=\"section-row\" ><div class=\"section-row-bg-container section-row-bg-container-agni-row-97911\"><div class=\"section-row-bg section-row-bg-color \"  ><\/div><\/div><div class=\"container\"><div class=\"vc_row vc_row_fluid \"><div id=\"agni-column-69471\" class=\"wpb_column agni_column_container agni_column vc_column_container vc_col-sm-6\"><div class=\"agni_column-inner vc_column-inner text-left\"  ><div class=\"section-column-bg-container section-column-bg-container-agni-column-69471 \" ><div class=\"section-column-bg section-column-bg-color \"  ><\/div><\/div><div class=\"wpb_wrapper\"><div class=\" agni-image custom-image-container text-left\">\r\n\t\t\t<figure class=\"agni-image-figure\">\r\n\t\t\t\t<img loading=\"lazy\" decoding=\"async\" style=\"\" width=\"1500\" height=\"1000\" src=\"https:\/\/www.gerriets-acoustics.com\/wp-content\/uploads\/2022\/04\/gerriets-schienenkreis-oval-carl-goetz-abhaengungen.jpg\" class=\"fullwidth-image attachment-full  attachment-full\" alt=\"Schallschutzvorhang um Ruhezone mit ovalem Schienenkreis\" title=\"abgependelter Schienenkreis TRUMPF 95 f\u00fcr Ruhezone, Carl G\u00f6tz GmbH Neu-Ulm\" srcset=\"https:\/\/www.gerriets-acoustics.com\/wp-content\/uploads\/2022\/04\/gerriets-schienenkreis-oval-carl-goetz-abhaengungen.jpg 1500w, https:\/\/www.gerriets-acoustics.com\/wp-content\/uploads\/2022\/04\/gerriets-schienenkreis-oval-carl-goetz-abhaengungen-300x200.jpg 300w, https:\/\/www.gerriets-acoustics.com\/wp-content\/uploads\/2022\/04\/gerriets-schienenkreis-oval-carl-goetz-abhaengungen-1024x683.jpg 1024w, https:\/\/www.gerriets-acoustics.com\/wp-content\/uploads\/2022\/04\/gerriets-schienenkreis-oval-carl-goetz-abhaengungen-768x512.jpg 768w, https:\/\/www.gerriets-acoustics.com\/wp-content\/uploads\/2022\/04\/gerriets-schienenkreis-oval-carl-goetz-abhaengungen-18x12.jpg 18w, https:\/\/www.gerriets-acoustics.com\/wp-content\/uploads\/2022\/04\/gerriets-schienenkreis-oval-carl-goetz-abhaengungen-960x640.jpg 960w\" sizes=\"auto, (max-width: 1500px) 100vw, 1500px\" \/>\r\n\t\t\t\t<figcaption class=\"vc_figure-caption\"><\/figcaption>\r\n\t\t\t<\/figure>\r\n\t\t<\/div><\/div><\/div><\/div><div id=\"agni-column-71208\" class=\"wpb_column agni_column_container agni_column vc_column_container vc_col-sm-6\"><div class=\"agni_column-inner vc_column-inner text-left\"  ><div class=\"section-column-bg-container section-column-bg-container-agni-column-71208 \" ><div class=\"section-column-bg section-column-bg-color \"  ><\/div><\/div><div class=\"wpb_wrapper\"><div class=\"agni_custom_heading page-scroll\" ><h6 class=\"vc_custom_heading agni_custom_heading_content \" style=\"text-align: center; \"><span>Abh\u00e4ngungen<\/span><\/h6><\/div>\n\t<div id=\"\" class=\"agni_text_column agni-text-block \"  >\n\t\t<p style=\"text-align: center;\">Auch komplexe Deckenaufbauten und Geometrien sind f\u00fcr die Montage des TRUMPF 95 OFFICE Schienensystem kein Hindernis. Durch eine gro\u00dfe Auswahl an Abh\u00e4ngungen und einer professionellen Planung durch unsere Projektleiter:innen und Konstrukteur:innen finden wir f\u00fcr jede Herausforderung die passende technische L\u00f6sung.<\/p>\n<p style=\"text-align: center;\">Kontaktieren Sie uns f\u00fcr eine konkrete Projektplanung.<\/p>\n\n\t<\/div>\n<div class=\"agni_empty_space vc_empty_space\"  style=\"height: 30px\" data-height = \"30px\" data-height-tab = \"30px\" data-height-mobile = \"30px\"><span class=\"vc_empty_space_inner\"><\/span><\/div>\n<div class=\" agni-button  text-center page-scroll\"><a class=\"btn btn-alt btn-lg btn-accent\" target=\"_blank\" href=\"https:\/\/www.gerriets-acoustics.com\/kontakt\/\"  >Kontakt<\/a><\/div><\/div><\/div><\/div><\/div><\/div><\/div><div id=\"agni-row-75608\" class=\"section-row\" ><div class=\"section-row-bg-container section-row-bg-container-agni-row-75608\"><div class=\"section-row-bg section-row-bg-color \"  ><\/div><\/div><div class=\"container\"><div class=\"vc_row vc_row_fluid \"><div id=\"agni-column-92333\" class=\"wpb_column agni_column_container agni_column vc_column_container vc_col-sm-12\"><div class=\"agni_column-inner vc_column-inner text-left\"  ><div class=\"section-column-bg-container section-column-bg-container-agni-column-92333 \" ><div class=\"section-column-bg section-column-bg-color \"  ><\/div><\/div><div class=\"wpb_wrapper\"><div class=\"agni_empty_space vc_empty_space\"  style=\"height: 60px\" data-height = \"60px\" data-height-tab = \"60px\" data-height-mobile = \"60px\"><span class=\"vc_empty_space_inner\"><\/span><\/div>\n<\/div><\/div><\/div><\/div><\/div><\/div>\n<\/section>","protected":false},"excerpt":{"rendered":"[SCHIENE TRUMPF 95 OFFICE] Leise und zuverl\u00e4ssig F\u00fcr unser Schallvorhang OFFICE-System kommt die bew\u00e4hrte TRUMPF 95 OFFICE Schiene zum Einsatz, um die mehrlagigen Vorh\u00e4nge optimal aufzunehmen. Eine besonders hohe Laufruhe und eine hohe Auswahl an Laufwagentypen und technischen Anbauteilen zeichnet dieses Schienensystem aus. Durch die Erg\u00e4nzung mit dem Treibradantrieb FRICTION DRIVE entstehen \"R\u00e4ume auf Knopfdruck\u201c. [...]","protected":false},"author":1,"featured_media":0,"parent":6474,"menu_order":0,"comment_status":"closed","ping_status":"closed","template":"","meta":{"footnotes":""},"class_list":["post-5853","page","type-page","status-publish","hentry"],"aioseo_notices":[],"_links":{"self":[{"href":"http:\/\/www.gerriets-acoustics.com\/pl\/wp-json\/wp\/v2\/pages\/5853","targetHints":{"allow":["GET"]}}],"collection":[{"href":"http:\/\/www.gerriets-acoustics.com\/pl\/wp-json\/wp\/v2\/pages"}],"about":[{"href":"http:\/\/www.gerriets-acoustics.com\/pl\/wp-json\/wp\/v2\/types\/page"}],"author":[{"embeddable":true,"href":"http:\/\/www.gerriets-acoustics.com\/pl\/wp-json\/wp\/v2\/users\/1"}],"replies":[{"embeddable":true,"href":"http:\/\/www.gerriets-acoustics.com\/pl\/wp-json\/wp\/v2\/comments?post=5853"}],"version-history":[{"count":2,"href":"http:\/\/www.gerriets-acoustics.com\/pl\/wp-json\/wp\/v2\/pages\/5853\/revisions"}],"predecessor-version":[{"id":10878,"href":"http:\/\/www.gerriets-acoustics.com\/pl\/wp-json\/wp\/v2\/pages\/5853\/revisions\/10878"}],"up":[{"embeddable":true,"href":"http:\/\/www.gerriets-acoustics.com\/pl\/wp-json\/wp\/v2\/pages\/6474"}],"wp:attachment":[{"href":"http:\/\/www.gerriets-acoustics.com\/pl\/wp-json\/wp\/v2\/media?parent=5853"}],"curies":[{"name":"wp","href":"https:\/\/api.w.org\/{rel}","templated":true}]}}