{"id":1601,"date":"2017-08-08T09:51:33","date_gmt":"2017-08-08T07:51:33","guid":{"rendered":"http:\/\/gerriets.webproofed.de\/?page_id=1601"},"modified":"2023-01-24T16:38:10","modified_gmt":"2023-01-24T15:38:10","slug":"impressum","status":"publish","type":"page","link":"https:\/\/www.gerriets-acoustics.com\/en\/imprint\/","title":{"rendered":"Imprint"},"content":{"rendered":"<section class=\"wpb-content-wrapper\"><div id=\"agni-row-16220\" class=\"section-row\" style=\"margin-top: 5%; \"><div class=\"section-row-bg-container section-row-bg-container-agni-row-16220\"><div class=\"section-row-bg section-row-bg-color\"  ><\/div><\/div><div class=\"container\"><div class=\"vc_row vc_row_fluid vc_row-o-content-top vc_column-gap-30 vc_row-flex\"><div id=\"agni-column-35523\" class=\"wpb_column agni_column_container agni_column vc_column_container vc_col-sm-12\"><div class=\"agni_column-inner vc_column-inner text-left\"  ><div class=\"section-column-bg-container section-column-bg-container-agni-column-35523\" ><div class=\"section-column-bg section-column-bg-color\"  ><\/div><\/div><div class=\"wpb_wrapper\"><div class=\"agni_empty_space vc_empty_space\"  style=\"height: 1px\" data-height = \"1px\" data-height-tab = \"1px\" data-height-mobile = \"1px\"><span class=\"vc_empty_space_inner\"><\/span><\/div>\n<div class=\"agni_custom_heading page-scroll\" ><h2 class=\"vc_custom_heading agni_custom_heading_responsive  agni_custom_heading_content\" style=\"font-size: 60px;color: #666666;text-align: left; \"><span>Imprint<\/span><\/h2><\/div>\n\t<div id=\"\" class=\"agni_text_column agni-text-block\"  >\n\t\t<p><strong>Gerriets GmbH<\/strong><br \/>\nIm Kirchenh\u00fcrstle 5-7<br \/>\nDE-79224 Umkirch<\/p>\n<p>Phone: +49 (0)7665 \/ 960-0<\/p>\n<p>Fax: +49 (0)7665 \/ 960-125<\/p>\n<p>E-mail: <strong><a href=\"mailto:aoustics@gerriets.com\">acoustics@gerriets.com<\/a><\/strong><\/p>\n<p>Commercial register: AG Freiburg<\/p>\n<p>HRB no.: 2678<\/p>\n<p>VAT ID no.: DE 142191543<\/p>\n<p>Managing Director: Hannes Gerriets<\/p>\n<p>Member of the DTHG<br \/>\nMember of the IHK S\u00fcdlicher Oberrhein<\/p>\n<p><strong>Disclaimer:<\/strong><\/p>\n<p>Despite careful control of the content, we assume no liability for the content of external links. The operators of the linked pages are solely responsible for their content.<\/p>\n<p><strong>Note on data protection:<\/strong><\/p>\n<p>Gerriets GmbH collects data from visitors to this website for the purposes of technical and content optimisation. Cookies (small files with configuration information) may be used for this purpose. In particular, the IP address, the pages visited and the time of the visit, details of the referrer and details of the browser and operating system used are recorded. The data is not used to personally identify the visitor to this website. Data will only be passed on to third parties if there is a legal obligation to do so. If you do not agree to the collection of your data, you will unfortunately not be able to use the Gerriets website. With regard to data that has already been collected, you can object to its storage at any time with effect for the future. For this purpose, as well as for all other questions and concerns regarding your data, please contact us at the above-mentioned contact details.<\/p>\n<p>This website uses Google Analytics, a web analytics service provided by Google, Inc. (\"Google\") Google Analytics uses \"cookies\", which are text files placed on your computer, to help the website analyse how users use the site. The information generated by the cookie about your use of the website (including your IP address) will be transmitted to and stored by Google on servers in the United States. Google will use this information for the purpose of evaluating your use of the website, compiling reports on website activity for website operators and providing other services relating to website activity and internet usage. Google may also transfer this information to third parties where required to do so by law, or where such third parties process the information on Google's behalf. Google will not associate your IP address with any other data held by Google. You may refuse the use of cookies by selecting the appropriate settings on your browser, however please note that if you do this you may not be able to use the full functionality of this website. By using this website, you consent to the processing of data about you by Google in the manner and for the purposes set out above.<\/p>\n<p>Website: <a href=\"https:\/\/webproofed.de\/\" target=\"_blank\" rel=\"noopener\">www.webproofed.de<\/a><\/p>\n\n\t<\/div>\n<\/div><\/div><\/div><\/div><\/div><\/div>\n<\/section>","protected":false},"excerpt":{"rendered":"Impressum Gerriets GmbH Im Kirchenh\u00fcrstle 5-7 DE-79224 Umkirch Telefon: +49 (0)7665 \/ 960-0 Telefax: +49 (0)7665 \/ 960-125 E-Mail: acoustics@gerriets.com Handelsregister: AG Freiburg HRB-Nr.: 2678 USt-ID-Nr.: DE 142191543 Gesch\u00e4ftsf\u00fchrer: Hannes Gerriets Mitglied der DTHG Mitglied der IHK S\u00fcdlicher Oberrhein Haftungshinweis: Trotz sorgf\u00e4ltiger inhaltlicher Kontrolle \u00fcbernehmen wir keine Haftung f\u00fcr die Inhalte externer Links. F\u00fcr den [...]","protected":false},"author":1,"featured_media":0,"parent":0,"menu_order":0,"comment_status":"closed","ping_status":"closed","template":"","meta":{"footnotes":""},"class_list":["post-1601","page","type-page","status-publish","hentry"],"aioseo_notices":[],"_links":{"self":[{"href":"https:\/\/www.gerriets-acoustics.com\/en\/wp-json\/wp\/v2\/pages\/1601","targetHints":{"allow":["GET"]}}],"collection":[{"href":"https:\/\/www.gerriets-acoustics.com\/en\/wp-json\/wp\/v2\/pages"}],"about":[{"href":"https:\/\/www.gerriets-acoustics.com\/en\/wp-json\/wp\/v2\/types\/page"}],"author":[{"embeddable":true,"href":"https:\/\/www.gerriets-acoustics.com\/en\/wp-json\/wp\/v2\/users\/1"}],"replies":[{"embeddable":true,"href":"https:\/\/www.gerriets-acoustics.com\/en\/wp-json\/wp\/v2\/comments?post=1601"}],"version-history":[{"count":0,"href":"https:\/\/www.gerriets-acoustics.com\/en\/wp-json\/wp\/v2\/pages\/1601\/revisions"}],"wp:attachment":[{"href":"https:\/\/www.gerriets-acoustics.com\/en\/wp-json\/wp\/v2\/media?parent=1601"}],"curies":[{"name":"wp","href":"https:\/\/api.w.org\/{rel}","templated":true}]}}