{"id":9753,"date":"2023-01-26T11:58:29","date_gmt":"2023-01-26T10:58:29","guid":{"rendered":"https:\/\/www.gerriets-acoustics.com\/?page_id=9753"},"modified":"2025-06-16T13:56:02","modified_gmt":"2025-06-16T11:56:02","slug":"open-space-buero","status":"publish","type":"page","link":"https:\/\/www.gerriets-acoustics.com\/en\/planning-consulting\/open-space-buero\/","title":{"rendered":"Acoustics in the Open Space"},"content":{"rendered":"<section class=\"wpb-content-wrapper\"><section class=\"vc_section agni-section vc_custom_1674556576803 vc_section-has-fill\"><div id=\"intro\" class=\"section-row\" ><div class=\"section-row-bg-container section-row-bg-container-intro\"><div class=\"section-row-bg section-row-bg-color\" style=\"background-color: #ffffff; \" ><\/div><\/div><div class=\"container\"><div class=\"vc_row vc_row_fluid\"><div id=\"agni-column-33475\" class=\"wpb_column agni_column_container agni_column vc_column_container vc_col-sm-12\"><div class=\"agni_column-inner vc_column-inner text-left\"  ><div class=\"section-column-bg-container section-column-bg-container-agni-column-33475\" ><div class=\"section-column-bg section-column-bg-color\"  ><\/div><\/div><div class=\"wpb_wrapper\"><div class=\"agni_empty_space vc_empty_space\"  style=\"height: 32px\" data-height = \"32px\" data-height-tab = \"32px\" data-height-mobile = \"300px\"><span class=\"vc_empty_space_inner\"><\/span><\/div>\n<div class=\"agni_custom_heading page-scroll\" ><h1 class=\"vc_custom_heading agni_custom_heading_content\" style=\"font-size: 36px;text-align: center; \"><span>Acoustic space planning in the Open Space office<\/span><\/h1><div class=\"divide-line text-center\"><span style=\"width:90px; height:1px; background-color:#020000\"><\/span><\/div><\/div>\n\t<div id=\"\" class=\"agni_text_column agni-text-block\"  style=\"padding-bottom: 15px; \">\n\t\t<p>It is impossible to imagine modern office concepts without it: the open space office. Particularly since Corona's strong incursion, the concept of the so-called open space office is gaining more and more importance. The working world has changed and with it the demand for the good old open office.<\/p>\n<p>The core of the modern office landscape is often a large multi-space office area where different types of daily work can be combined. The great advantage of such open space offices are the short distances, the possibility of open communication and the depiction of flat hierarchies through open architectural means.<\/p>\n\n\t<\/div>\n<div class=\"agni_empty_space vc_empty_space\"  style=\"height: 32px\" data-height = \"32px\" data-height-tab = \"32px\" data-height-mobile = \"300px\"><span class=\"vc_empty_space_inner\"><\/span><\/div>\n<\/div><\/div><\/div><\/div><\/div><\/div><\/section><div id=\"herausforderung\" class=\"section-row\" ><div class=\"section-row-bg-container section-row-bg-container-herausforderung\"><div class=\"section-row-bg section-row-bg-color  parallax\" style=\"background-color: #efefef; \" data-top-bottom=\"background-position: 0px 600px;\" data-center=\"background-position: 0px 0px\" data-bottom-top=\"background-position: 0px 0px\"><\/div><\/div><div class=\"container\"><div class=\"vc_row vc_row_fluid vc_row-o-equal-height vc_row-flex\"><div id=\"agni-column-51576\" class=\"wpb_column agni_column_container agni_column vc_column_container vc_col-sm-12 vc_col-md-5\"><div class=\"agni_column-inner vc_column-inner text-left\" style=\"padding-top: 100px; padding-bottom: 50px; \" ><div class=\"section-column-bg-container section-column-bg-container-agni-column-51576\" ><div class=\"section-column-bg section-column-bg-color\"  ><\/div><\/div><div class=\"wpb_wrapper\"><div class=\"agni_custom_heading page-scroll\" ><h2 class=\"vc_custom_heading agni_custom_heading_content\" style=\"font-size: 24px;text-align: center; \"><span>Acoustic challenge<br \/>\nin the open office<\/span><\/h2><div class=\"divide-line text-center\"><span style=\"width:90px; height:1px; background-color:#020000\"><\/span><\/div><\/div>\n\t<div id=\"\" class=\"agni_text_column agni-text-block\"  >\n\t\t<p>But as nice as it can be to enjoy the flexibility of an open office concept, challenges often arise when it comes to acoustics. As positive as the advantages of working together in an open space office are, the acoustic situation in such a multi-space area without acoustic room separation is difficult.<\/p>\n<p>One colleague is talking loudly on the phone, the next is typing ecstatically and in the background people are briefly exchanging their experiences from the weekend. Great for collegial interaction, but not an optimal acoustic situation for working in the New Work Office.<\/p>\n\n\t<\/div>\n<div class=\"agni_empty_space vc_empty_space\"  style=\"height: 150px\" data-height = \"150px\" data-height-tab = \"30\" data-height-mobile = \"5\"><span class=\"vc_empty_space_inner\"><\/span><\/div>\n<\/div><\/div><\/div><div id=\"agni-column-51079\" class=\"wpb_column agni_column_container agni_column vc_column_container vc_col-sm-12 vc_col-md-offset-1 vc_col-md-6\"><div class=\"agni_column-inner vc_column-inner text-left\"  ><div class=\"section-column-bg-container section-column-bg-container-agni-column-51079 has-bg-edge\" data-bg-edge=\"right\"><div class=\"section-column-bg section-column-bg-image\" style=\"background-image: url('https:\/\/www.gerriets-acoustics.com\/wp-content\/uploads\/2023\/01\/2022-Uster-CH-foryouandyourcustomers-Gerriets-Schallvorhang-02.jpg'); background-repeat:repeat; background-size:cover; background-position:left top; background-attachment:scroll; \" ><\/div><\/div><div class=\"wpb_wrapper\"><div class=\"agni_empty_space vc_empty_space\"  style=\"height: 32px\" data-height = \"32px\" data-height-tab = \"32px\" data-height-mobile = \"300px\"><span class=\"vc_empty_space_inner\"><\/span><\/div>\n<\/div><\/div><\/div><\/div><\/div><\/div><div id=\"agni-row-78040\" class=\"section-row\" ><div class=\"section-row-bg-container section-row-bg-container-agni-row-78040\"><div class=\"section-row-bg section-row-bg-color\" style=\"background-color: #efefef; \" ><\/div><\/div><div class=\"container\"><div class=\"vc_row vc_row_fluid vc_row-o-equal-height vc_row-flex\"><div id=\"agni-column-77409\" class=\"wpb_column agni_column_container agni_column vc_column_container vc_col-sm-12 vc_col-md-6 vc_hidden-sm vc_hidden-xs\"><div class=\"agni_column-inner vc_column-inner text-left\"  ><div class=\"section-column-bg-container section-column-bg-container-agni-column-77409 has-bg-edge\" data-bg-edge=\"left\"><div class=\"section-column-bg section-column-bg-image\" style=\"background-image: url('https:\/\/www.gerriets-acoustics.com\/wp-content\/uploads\/2023\/01\/2022-Stuttgart-Studio-Hans-SVO-6.jpg'); background-repeat:repeat; background-size:cover; background-position:center center; background-attachment:scroll; background-color: #ffffff; \" ><\/div><\/div><div class=\"wpb_wrapper\"><div class=\"agni_empty_space vc_empty_space\"  style=\"height: 32px\" data-height = \"32px\" data-height-tab = \"32px\" data-height-mobile = \"300px\"><span class=\"vc_empty_space_inner\"><\/span><\/div>\n<\/div><\/div><\/div><div id=\"agni-column-90541\" class=\"wpb_column agni_column_container agni_column vc_column_container vc_col-sm-12 vc_col-md-offset-1 vc_col-md-5\"><div class=\"agni_column-inner vc_column-inner text-left\" style=\"padding-top: 40px; padding-bottom: 40px; \" ><div class=\"section-column-bg-container section-column-bg-container-agni-column-90541\" ><div class=\"section-column-bg section-column-bg-color\"  ><\/div><\/div><div class=\"wpb_wrapper\"><div class=\"agni_custom_heading page-scroll\" ><h2 class=\"vc_custom_heading agni_custom_heading_content\" style=\"font-size: 24px;text-align: center; \"><span>Sound curtains in the<br \/>\nOpen Space Office<\/span><\/h2><div class=\"divide-line text-center\"><span style=\"width:90px; height:1px; background-color:#020000\"><\/span><\/div><\/div><div class=\"agni_empty_space vc_empty_space\"  style=\"height: 20px\" data-height = \"20px\" data-height-tab = \"50\" data-height-mobile = \"5\"><span class=\"vc_empty_space_inner\"><\/span><\/div>\n\n\t<div id=\"\" class=\"agni_text_column agni-text-block\"  >\n\t\t<p>We wouldn't be specialists in acoustics if we didn't have a solution for this problem in the open space office. That's why we offer planners of New Work offices with our <a href=\"https:\/\/www.gerriets-acoustics.com\/en\/soundproof-curtains\/\">Sound curtains<\/a> now makes it possible to realise flexible areas within the Open Space office concept. This allows acoustic separation to be created in the Multi Space Office without reducing the lightness of the open architecture.<\/p>\n<p>By temporarily separating meeting zones, think tanks or quiet areas, for example, the openness of the multi-space area can be maintained while still creating acoustically separate work zones for a focussed working atmosphere.<\/p>\n<p>Would you like to coordinate your personal soundproofing solution for your Open Space or Multi Space office with us? Get in touch with us here!<\/p>\n\n\t<\/div>\n<div class=\"agni-button  text-center page-scroll\"><a class=\"btn btn-alt btn-lg btn-accent\" target=\"_blank\" href=\"https:\/\/www.gerriets-acoustics.com\/en\/contact-en-2\/\"  >Contact<\/a><\/div><div class=\"agni_empty_space vc_empty_space\"  style=\"height: 32px\" data-height = \"32px\" data-height-tab = \"50\" data-height-mobile = \"5\"><span class=\"vc_empty_space_inner\"><\/span><\/div>\n<\/div><\/div><\/div><\/div><\/div><\/div><div id=\"agni-row-91196\" class=\"section-row\" ><div class=\"section-row-bg-container section-row-bg-container-agni-row-91196\"><div class=\"section-row-bg section-row-bg-color  parallax\" style=\"background-color: #efefef; \" data-top-bottom=\"background-position: 0px 600px;\" data-center=\"background-position: 0px 0px\" data-bottom-top=\"background-position: 0px 0px\"><\/div><\/div><div class=\"container\"><div class=\"vc_row vc_row_fluid vc_row-o-equal-height vc_row-flex\"><div id=\"agni-column-57392\" class=\"wpb_column agni_column_container agni_column vc_column_container vc_col-sm-12 vc_col-md-5\"><div class=\"agni_column-inner vc_column-inner text-left\" style=\"padding-top: 40px; padding-bottom: 40px; \" ><div class=\"section-column-bg-container section-column-bg-container-agni-column-57392\" ><div class=\"section-column-bg section-column-bg-color\" style=\"background-color: #efefef; \" ><\/div><\/div><div class=\"wpb_wrapper\"><div class=\"agni_custom_heading page-scroll\" ><h2 class=\"vc_custom_heading agni_custom_heading_content\" style=\"font-size: 24px;text-align: center; \"><span>Room acoustic office planning for the New Work Office<\/span><\/h2><div class=\"divide-line text-center\"><span style=\"width:90px; height:1px; background-color:#020000\"><\/span><\/div><\/div>\n\t<div id=\"\" class=\"agni_text_column agni-text-block\"  >\n\t\t<p>Well planned makes it possible to work more quietly. Therefore, one should take a closer look at the area of the open space office before equipping it. Current acoustic office planning often uses ISO 22955 (Acoustic Quality in Open Plan Offices) for the planning process of open offices.<\/p>\n<p>This divides an open space office into different application types, which can then be acoustically separated from each other by means of room-in-room solutions, variable zoning, mobile partition walls and well thought-out room partitioning.<\/p>\n<p>Within these types (\"Space Types\"), the New Work workplaces are planned either in terms of communication with each other or concentrated individual work. Sound absorbers placed sensibly in the open space office and, for example, flexible workspaces can help. <a href=\"https:\/\/www.gerriets-acoustics.com\/en\/planning-consulting\/acoustic-curtain\/\">Acoustic curtains<\/a>to acoustically divide the Open Space Office.<\/p>\n\n\t<\/div>\n<div class=\"agni_empty_space vc_empty_space\"  style=\"height: 60px\" data-height = \"60px\" data-height-tab = \"50\" data-height-mobile = \"5\"><span class=\"vc_empty_space_inner\"><\/span><\/div>\n<\/div><\/div><\/div><div id=\"agni-column-57863\" class=\"wpb_column agni_column_container agni_column vc_column_container vc_col-sm-12 vc_col-md-offset-1 vc_col-md-6\"><div class=\"agni_column-inner vc_column-inner text-left\"  ><div class=\"section-column-bg-container section-column-bg-container-agni-column-57863 has-bg-edge\" data-bg-edge=\"right\"><div class=\"section-column-bg section-column-bg-image\" style=\"background-image: url('https:\/\/www.gerriets-acoustics.com\/wp-content\/uploads\/2023\/01\/2022-Stuttgart-Gerriets_Schallvorhang_OFFICE_Fraunhofer_Institut_-1.jpg'); background-repeat:repeat; background-size:cover; background-position:center center; background-attachment:scroll; background-color: #ffffff; \" ><\/div><\/div><div class=\"wpb_wrapper\"><div class=\"agni_empty_space vc_empty_space\"  style=\"height: 32px\" data-height = \"32px\" data-height-tab = \"32px\" data-height-mobile = \"300px\"><span class=\"vc_empty_space_inner\"><\/span><\/div>\n<\/div><\/div><\/div><\/div><\/div><\/div><div id=\"agni-row-57102\" class=\"section-row\" ><div class=\"section-row-bg-container section-row-bg-container-agni-row-57102\"><div class=\"section-row-bg section-row-bg-color\" style=\"background-color: #efefef; \" ><\/div><\/div><div class=\"container\"><div class=\"vc_row vc_row_fluid vc_row-o-equal-height vc_row-flex\"><div id=\"agni-column-98980\" class=\"wpb_column agni_column_container agni_column vc_column_container vc_col-sm-12 vc_col-md-6 vc_hidden-sm vc_hidden-xs\"><div class=\"agni_column-inner vc_column-inner text-left\"  ><div class=\"section-column-bg-container section-column-bg-container-agni-column-98980 has-bg-edge\" data-bg-edge=\"left\"><div class=\"section-column-bg section-column-bg-image\" style=\"background-image: url('https:\/\/www.gerriets-acoustics.com\/wp-content\/uploads\/2022\/03\/gw-2021-vitra-club-office-03.jpg'); background-repeat:repeat; background-size:cover; background-position:right top; background-attachment:scroll; background-color: #ffffff; \" ><\/div><\/div><div class=\"wpb_wrapper\"><div class=\"agni_empty_space vc_empty_space\"  style=\"height: 32px\" data-height = \"32px\" data-height-tab = \"32px\" data-height-mobile = \"300px\"><span class=\"vc_empty_space_inner\"><\/span><\/div>\n<\/div><\/div><\/div><div id=\"agni-column-86688\" class=\"wpb_column agni_column_container agni_column vc_column_container vc_col-sm-12 vc_col-md-offset-1 vc_col-md-5\"><div class=\"agni_column-inner vc_column-inner text-left\" style=\"padding-top: 40px; padding-bottom: 40px; \" ><div class=\"section-column-bg-container section-column-bg-container-agni-column-86688\" ><div class=\"section-column-bg section-column-bg-color\"  ><\/div><\/div><div class=\"wpb_wrapper\"><div class=\"agni_custom_heading page-scroll\" ><h2 class=\"vc_custom_heading agni_custom_heading_content\" style=\"font-size: 24px;text-align: center; \"><span>Vitra - a Club Office as an open space office<\/span><\/h2><div class=\"divide-line text-center\"><span style=\"width:90px; height:1px; background-color:#020000\"><\/span><\/div><\/div><div class=\"agni_empty_space vc_empty_space\"  style=\"height: 20px\" data-height = \"20px\" data-height-tab = \"50\" data-height-mobile = \"5\"><span class=\"vc_empty_space_inner\"><\/span><\/div>\n\n\t<div id=\"\" class=\"agni_text_column agni-text-block\"  >\n\t\t<p>A prime example of such a modern open space office concept is the <a href=\"https:\/\/www.gerriets-acoustics.com\/en\/portfolio\/vitra-club-office\/\" target=\"_blank\" rel=\"noopener\">Vitra Club Office<\/a> at Vitra's headquarters in Birsfelden. Gerriets Interior Acoustic Solutions is proud to provide sound-absorbing curtains (<a href=\"https:\/\/www.gerriets-acoustics.com\/en\/interior-acoustic-collection\/transparent-textiles\/\" target=\"_blank\" rel=\"noopener\">ABSORBER LIGHT<\/a>), sound-absorbing curtains (<a href=\"https:\/\/www.gerriets-acoustics.com\/en\/soundproof-curtains\/\" target=\"_blank\" rel=\"noopener\">OFFICE SOUND CURTAIN<\/a>) and special rail profiles (<a href=\"https:\/\/www.gerriets-acoustics.com\/en\/rail-systems\/\" target=\"_blank\" rel=\"noopener\">Track system STUDIO OFFICE<\/a>) to be represented in the project.<\/p>\n<p>With the help of our flexible room dividers for the Open Space Office, the Vitra Club Office can be divided into a public, a semi-public and a private zone. The resulting variable room acoustics in the New Work office support the fact that spontaneous meetings in the Vitra Club Office can be held semi-publicly, while workshops or video conferences take place in the private area of the Open Space Office.<\/p>\n\n\t<\/div>\n<div class=\"agni_empty_space vc_empty_space\"  style=\"height: 50px\" data-height = \"50px\" data-height-tab = \"50\" data-height-mobile = \"5\"><span class=\"vc_empty_space_inner\"><\/span><\/div>\n<\/div><\/div><\/div><\/div><\/div><\/div><div id=\"agni-row-38958\" class=\"section-row\" ><div class=\"section-row-bg-container section-row-bg-container-agni-row-38958\"><div class=\"section-row-bg section-row-bg-color  parallax\" style=\"background-color: #efefef; \" data-top-bottom=\"background-position: 0px 600px;\" data-center=\"background-position: 0px 0px\" data-bottom-top=\"background-position: 0px 0px\"><\/div><\/div><div class=\"container\"><div class=\"vc_row vc_row_fluid vc_row-o-equal-height vc_row-flex\"><div id=\"agni-column-75105\" class=\"wpb_column agni_column_container agni_column vc_column_container vc_col-sm-12 vc_col-md-5\"><div class=\"agni_column-inner vc_column-inner text-left\" style=\"padding-top: 40px; padding-bottom: 40px; \" ><div class=\"section-column-bg-container section-column-bg-container-agni-column-75105\" ><div class=\"section-column-bg section-column-bg-color\" style=\"background-color: #efefef; \" ><\/div><\/div><div class=\"wpb_wrapper\"><div class=\"agni_custom_heading page-scroll\" ><h2 class=\"vc_custom_heading agni_custom_heading_content\" style=\"font-size: 24px;text-align: center; \"><span>Flexible and temporary room dividers in the Open Space Office<\/span><\/h2><div class=\"divide-line text-center\"><span style=\"width:90px; height:1px; background-color:#020000\"><\/span><\/div><\/div>\n\t<div id=\"\" class=\"agni_text_column agni-text-block\"  >\n\t\t<p>Acoustic space planning in an open space office should therefore always keep in mind the respective usage requirements of the individual areas within a multi-space area. Once clearly defined, the information can be used to fundamentally zone the space of the open space office.<\/p>\n<p>Flexible and temporary room dividers provide optimal support in creating meeting islands, lounge areas or room-in-room zones within the Multi Space office. Coupled with acoustically effective room elements that create a micro-architecture in the Multi Space area, an open office concept can also function with little disruption and create a stimulating, modern working atmosphere in an Open Space office.<\/p>\n\n\t<\/div>\n<div class=\"agni_empty_space vc_empty_space\"  style=\"height: 60px\" data-height = \"60px\" data-height-tab = \"50\" data-height-mobile = \"5\"><span class=\"vc_empty_space_inner\"><\/span><\/div>\n<\/div><\/div><\/div><div id=\"agni-column-53621\" class=\"wpb_column agni_column_container agni_column vc_column_container vc_col-sm-12 vc_col-md-offset-1 vc_col-md-6\"><div class=\"agni_column-inner vc_column-inner text-left\"  ><div class=\"section-column-bg-container section-column-bg-container-agni-column-53621 has-bg-edge\" data-bg-edge=\"right\"><div class=\"section-column-bg section-column-bg-image\" style=\"background-image: url('https:\/\/www.gerriets-acoustics.com\/wp-content\/uploads\/2025\/04\/2025-Bad-Homburg-Mainmetall-SVO-10.jpg'); background-repeat:repeat; background-size:cover; background-position:center center; background-attachment:scroll; background-color: #ffffff; \" ><\/div><\/div><div class=\"wpb_wrapper\"><div class=\"agni_empty_space vc_empty_space\"  style=\"height: 32px\" data-height = \"32px\" data-height-tab = \"32px\" data-height-mobile = \"300px\"><span class=\"vc_empty_space_inner\"><\/span><\/div>\n<\/div><\/div><\/div><\/div><\/div><\/div><div id=\"agni-row-25018\" class=\"section-row\" ><div class=\"section-row-bg-container section-row-bg-container-agni-row-25018\"><div class=\"section-row-bg section-row-bg-color\" style=\"background-color: #efefef; \" ><\/div><\/div><div class=\"container\"><div class=\"vc_row vc_row_fluid vc_row-o-equal-height vc_row-flex\"><div id=\"agni-column-57288\" class=\"wpb_column agni_column_container agni_column vc_column_container vc_col-sm-12 vc_col-md-6 vc_hidden-sm vc_hidden-xs\"><div class=\"agni_column-inner vc_column-inner text-left\"  ><div class=\"section-column-bg-container section-column-bg-container-agni-column-57288 has-bg-edge\" data-bg-edge=\"left\"><div class=\"section-column-bg section-column-bg-image\" style=\"background-image: url('https:\/\/www.gerriets-acoustics.com\/wp-content\/uploads\/2023\/01\/2022-Gerriets-London-Vitra-Showroom-Tramshed-HR-1-curtains-05.jpg'); background-repeat:repeat; background-size:cover; background-position:left center; background-attachment:scroll; background-color: #ffffff; \" ><\/div><\/div><div class=\"wpb_wrapper\"><div class=\"agni_empty_space vc_empty_space\"  style=\"height: 32px\" data-height = \"32px\" data-height-tab = \"32px\" data-height-mobile = \"300px\"><span class=\"vc_empty_space_inner\"><\/span><\/div>\n<\/div><\/div><\/div><div id=\"agni-column-82370\" class=\"wpb_column agni_column_container agni_column vc_column_container vc_col-sm-12 vc_col-md-offset-1 vc_col-md-5\"><div class=\"agni_column-inner vc_column-inner text-left\" style=\"padding-top: 40px; padding-bottom: 40px; \" ><div class=\"section-column-bg-container section-column-bg-container-agni-column-82370\" ><div class=\"section-column-bg section-column-bg-color\"  ><\/div><\/div><div class=\"wpb_wrapper\"><div class=\"agni_custom_heading page-scroll\" ><h2 class=\"vc_custom_heading agni_custom_heading_content\" style=\"font-size: 24px;text-align: center; \"><span>Your New Work office - we are there from planning to installation<br \/>\nthere for you<\/span><\/h2><div class=\"divide-line text-center\"><span style=\"width:90px; height:1px; background-color:#020000\"><\/span><\/div><\/div><div class=\"agni_empty_space vc_empty_space\"  style=\"height: 20px\" data-height = \"20px\" data-height-tab = \"50\" data-height-mobile = \"5\"><span class=\"vc_empty_space_inner\"><\/span><\/div>\n\n\t<div id=\"\" class=\"agni_text_column agni-text-block\"  >\n\t\t<p>For the acoustic office planning of Multi Space offices, reliable measured values as well as the possibility of accompanying measurements and advice during the entire construction process are crucial. That is why we are there for you from the initial idea to the final implementation, we plan, deliver and install.<\/p>\n<p>We test all textiles used for their effectiveness in order to find the optimal combination for your open space office. Our portfolio of soundproofing solutions for new work offices is so versatile that we can put together a suitable variant for you individually. Are you interested in an optimised and flexible office soundproofing solution for your Multi Space Office?<\/p>\n<p>Then let's talk without any obligation.<\/p>\n\n\t<\/div>\n<div class=\"agni_empty_space vc_empty_space\"  style=\"height: 50px\" data-height = \"50px\" data-height-tab = \"50\" data-height-mobile = \"5\"><span class=\"vc_empty_space_inner\"><\/span><\/div>\n<div class=\"agni-button  text-center page-scroll\"><a class=\"btn btn-alt btn-lg btn-accent\" target=\"_blank\" href=\"https:\/\/www.gerriets-acoustics.com\/en\/contact-en-2\/\"  >Arrange a consultation appointment now<\/a><\/div><div class=\"agni_empty_space vc_empty_space\"  style=\"height: 50px\" data-height = \"50px\" data-height-tab = \"50\" data-height-mobile = \"5\"><span class=\"vc_empty_space_inner\"><\/span><\/div>\n<\/div><\/div><\/div><\/div><\/div><\/div>\n<\/section>","protected":false},"excerpt":{"rendered":"Akustische Raumplanung im Open Space \u00adB\u00fcro Es ist aus dem Bereich der modernen B\u00fcrokonzepte nicht mehr wegzudenken: das Open Space B\u00fcro. Insbesondere seit dem starken Einschnitt durch Corona gewinnt der Begriff des sogenannten Open Space Office immer mehr an Bedeutung. Die Arbeitswelt hat sich ver\u00e4ndert und damit auch der Anspruch an das gute alte offene [...]","protected":false},"author":33,"featured_media":0,"parent":4800,"menu_order":0,"comment_status":"closed","ping_status":"closed","template":"","meta":{"footnotes":""},"class_list":["post-9753","page","type-page","status-publish","hentry"],"aioseo_notices":[],"_links":{"self":[{"href":"https:\/\/www.gerriets-acoustics.com\/en\/wp-json\/wp\/v2\/pages\/9753","targetHints":{"allow":["GET"]}}],"collection":[{"href":"https:\/\/www.gerriets-acoustics.com\/en\/wp-json\/wp\/v2\/pages"}],"about":[{"href":"https:\/\/www.gerriets-acoustics.com\/en\/wp-json\/wp\/v2\/types\/page"}],"author":[{"embeddable":true,"href":"https:\/\/www.gerriets-acoustics.com\/en\/wp-json\/wp\/v2\/users\/33"}],"replies":[{"embeddable":true,"href":"https:\/\/www.gerriets-acoustics.com\/en\/wp-json\/wp\/v2\/comments?post=9753"}],"version-history":[{"count":3,"href":"https:\/\/www.gerriets-acoustics.com\/en\/wp-json\/wp\/v2\/pages\/9753\/revisions"}],"predecessor-version":[{"id":10796,"href":"https:\/\/www.gerriets-acoustics.com\/en\/wp-json\/wp\/v2\/pages\/9753\/revisions\/10796"}],"up":[{"embeddable":true,"href":"https:\/\/www.gerriets-acoustics.com\/en\/wp-json\/wp\/v2\/pages\/4800"}],"wp:attachment":[{"href":"https:\/\/www.gerriets-acoustics.com\/en\/wp-json\/wp\/v2\/media?parent=9753"}],"curies":[{"name":"wp","href":"https:\/\/api.w.org\/{rel}","templated":true}]}}