{"id":4021,"date":"2019-11-15T10:24:22","date_gmt":"2019-11-15T09:24:22","guid":{"rendered":"https:\/\/gerriets2021.webproofed.de\/de\/?page_id=4021"},"modified":"2025-06-16T14:01:33","modified_gmt":"2025-06-16T12:01:33","slug":"technische-daten","status":"publish","type":"page","link":"https:\/\/www.gerriets-acoustics.com\/es\/datos-tecnicos\/","title":{"rendered":"Descargas"},"content":{"rendered":"<section class=\"wpb-content-wrapper\"><section id=\"pdf\" class=\"vc_section agni-section\"><div id=\"agni-row-54856\" class=\"section-row\" ><div class=\"section-row-bg-container section-row-bg-container-agni-row-54856\"><div class=\"section-row-bg section-row-bg-color\"  ><\/div><\/div><div class=\"container\"><div class=\"vc_row vc_row_fluid\"><div id=\"agni-column-58943\" class=\"wpb_column agni_column_container agni_column vc_column_container vc_col-sm-12\"><div class=\"agni_column-inner vc_column-inner text-left\"  ><div class=\"section-column-bg-container section-column-bg-container-agni-column-58943\" ><div class=\"section-column-bg section-column-bg-color\"  ><\/div><\/div><div class=\"wpb_wrapper\">\n\t<div id=\"\" class=\"agni_text_column agni-text-block\"  >\n\t\t<p style=\"text-align: right;\"><span style=\"font-size: 10pt;\">Museo de Artes Chazen en Madison, Wisconsin \/ EE.UU., Dise\u00f1o: Petra Blaisse de Interior Exterior<\/span><\/p>\n\n\t<\/div>\n<div class=\"agni_empty_space vc_empty_space\"  style=\"height: 80px\" data-height = \"80px\" data-height-tab = \"80px\" data-height-mobile = \"80px\"><span class=\"vc_empty_space_inner\"><\/span><\/div>\n<\/div><\/div><\/div><\/div><\/div><\/div><div id=\"kataloge\" class=\"section-row\" ><div class=\"section-row-bg-container section-row-bg-container-kataloge\"><div class=\"section-row-bg section-row-bg-color\"  ><\/div><\/div><div class=\"container\"><div class=\"vc_row vc_row_fluid\"><div id=\"agni-column-90722\" class=\"wpb_column agni_column_container agni_column vc_column_container vc_col-sm-6\"><div class=\"agni_column-inner vc_column-inner text-left\"  ><div class=\"section-column-bg-container section-column-bg-container-agni-column-90722\" ><div class=\"section-column-bg section-column-bg-color\"  ><\/div><\/div><div class=\"wpb_wrapper\">\n\t<div id=\"\" class=\"agni_text_column agni-text-block\"  >\n\t\t<p>En la secci\u00f3n de descargas usted encontrar\u00e1 toda la informaci\u00f3n y datos t\u00e9cnicos relevantes sobre nuestros productos, colecciones y soluciones en formato digital. Si necesita la versi\u00f3n impresa correspondiente, por ejemplo de nuestra colecci\u00f3n, p\u00f3ngase en contacto con nosotros.<\/p>\n\n\t<\/div>\n\n\t<div id=\"\" class=\"agni_text_column agni-text-block\"  >\n\t\t<p><strong>Nota para el \u00e1rea de descargas:<\/strong><\/p>\n\n\t<\/div>\n<ul class=\"list\">\n<li><i class=\"fa fa-file-pdf-o\" style=\"color:\"><\/i><span style=\"color: #999999;\"><a style=\"color: #999999;\" href=\"https:\/\/www.gerriets-acoustics.com\/wp-content\/uploads\/2022\/06\/gerriets-information-beschraenkte-garantie-digitaler-daten.pdf\" target=\"_blank\" rel=\"noopener\">Hoja informativa sobre la garant\u00eda limitada de datos digitales (en alem\u00e1n)<\/a><\/span><\/li>\n<li><i class=\"fa fa-file-pdf-o\" style=\"color:\"><\/i><span style=\"color: #999999;\"><a style=\"color: #999999;\" href=\"https:\/\/www.gerriets-acoustics.com\/wp-content\/uploads\/2022\/06\/gerriets-information-limited-warranty-digital-data.pdf\" target=\"_blank\" rel=\"noopener\">Hoja informativa sobre la garant\u00eda limitada para datos digitales (en ingl\u00e9s)<\/a><\/span><\/li>\n<\/ul>\n<\/div><\/div><\/div><div id=\"agni-column-95167\" class=\"wpb_column agni_column_container agni_column vc_column_container vc_col-sm-6\"><div class=\"agni_column-inner vc_column-inner text-left\"  ><div class=\"section-column-bg-container section-column-bg-container-agni-column-95167\" ><div class=\"section-column-bg section-column-bg-color\"  ><\/div><\/div><div class=\"wpb_wrapper\"><div class=\"agni-button  text-center page-scroll\"><a class=\"btn btn-alt btn-lg btn-accent\" target=\"_blank\" href=\"https:\/\/www.gerriets-acoustics.com\/es\/pongase-en-contacto-con\/\"  >Cont\u00e1ctenos<\/a><\/div><\/div><\/div><\/div><\/div><\/div><\/div><div id=\"agni-row-18942\" class=\"section-row\" ><div class=\"section-row-bg-container section-row-bg-container-agni-row-18942\"><div class=\"section-row-bg section-row-bg-color\"  ><\/div><\/div><div class=\"container\"><div class=\"vc_row vc_row_fluid\"><div id=\"agni-column-85934\" class=\"wpb_column agni_column_container agni_column vc_column_container vc_col-sm-12\"><div class=\"agni_column-inner vc_column-inner text-left\"  ><div class=\"section-column-bg-container section-column-bg-container-agni-column-85934\" ><div class=\"section-column-bg section-column-bg-color\"  ><\/div><\/div><div class=\"wpb_wrapper\"><div class=\"agni_empty_space vc_empty_space\"  style=\"height: 40px\" data-height = \"40px\" data-height-tab = \"40px\" data-height-mobile = \"40px\"><span class=\"vc_empty_space_inner\"><\/span><\/div>\n<div class=\"agni_custom_heading page-scroll\" ><h6 class=\"vc_custom_heading agni_custom_heading_content\" style=\"text-align: left; \"><span>Serie Soluciones Gerriets<\/span><\/h6><\/div><\/div><\/div><\/div><div id=\"agni-column-16017\" class=\"wpb_column agni_column_container agni_column vc_column_container vc_col-sm-4\"><div class=\"agni_column-inner vc_column-inner text-left\"  ><div class=\"section-column-bg-container section-column-bg-container-agni-column-16017\" ><div class=\"section-column-bg section-column-bg-color\"  ><\/div><\/div><div class=\"wpb_wrapper\">\n\t<div id=\"\" class=\"agni_text_column agni-text-block\"  >\n\t\t<p>Versiones en espa\u00f1ol<\/p>\n\n\t<\/div>\n<ul class=\"list\">\n<li style=\"list-style-type: none;\">\n<ul class=\"list\">\n<li><i class=\"ion-ios-book-outline\" style=\"color:\"><\/i><a href=\"https:\/\/www.gerriets-acoustics.com\/wp-content\/uploads\/2023\/04\/SOLUCIONES_TEXTILES_GERRIETS.pdf\" target=\"_blank\" rel=\"noopener\">SOLUCIONES AC\u00daSTICAS<\/a><\/li>\n<li><i class=\"ion-ios-book-outline\" style=\"color:\"><\/i><a href=\"https:\/\/www.gerriets-acoustics.com\/wp-content\/uploads\/2023\/04\/SOLUCIONES-ACUSTICAS-PARA-EL-INTERIOR.pdf\" target=\"_blank\" rel=\"noopener\">SOLUCIONES AC\u00daSTICAS PARA INTERIORES<\/a><\/li>\n<li><i class=\"ion-ios-book-outline\" style=\"color:\"><\/i><a href=\"https:\/\/www.gerriets-acoustics.com\/wp-content\/uploads\/2023\/04\/SOLUCIONES_TEXTILES_GERRIETS.pdf\" target=\"_blank\" rel=\"noopener\">SOLUCIONES TEXTILES<\/a><\/li>\n<li><i class=\"ion-ios-book-outline\" style=\"color:\"><\/i><a href=\"https:\/\/www.gerriets-acoustics.com\/wp-content\/uploads\/2023\/04\/Soluciones-Tecnicas.pdf\" target=\"_blank\" rel=\"noopener\">SOLUCIONES T\u00c9CNICAS<\/a><\/li>\n<li><i class=\"ion-ios-book-outline\" style=\"color:\"><\/i><a href=\"https:\/\/www.gerriets-acoustics.com\/wp-content\/uploads\/2023\/04\/SOLUCIONES-PARA-SUELOS-GERRIETS.pdf\" target=\"_blank\" rel=\"noopener\">SOLUCIONES PARA SUELOS<\/a><\/li>\n<li><i class=\"ion-ios-book-outline\" style=\"color:\"><\/i><a href=\"https:\/\/www.gerriets-acoustics.com\/wp-content\/uploads\/2023\/04\/SOLUCIONES-DE-PROYECCION.pdf\" target=\"_blank\" rel=\"noopener\">SOLUCIONES DE PANTALLA<\/a><\/li>\n<\/ul>\n<\/li>\n<\/ul>\n<\/div><\/div><\/div><div id=\"agni-column-29839\" class=\"wpb_column agni_column_container agni_column vc_column_container vc_col-sm-4\"><div class=\"agni_column-inner vc_column-inner text-left\"  ><div class=\"section-column-bg-container section-column-bg-container-agni-column-29839\" ><div class=\"section-column-bg section-column-bg-color\"  ><\/div><\/div><div class=\"wpb_wrapper\">\n\t<div id=\"\" class=\"agni_text_column agni-text-block\"  >\n\t\t<p>Versiones en ingl\u00e9s<\/p>\n\n\t<\/div>\n<ul class=\"list\">\n<li style=\"list-style-type: none;\">\n<ul class=\"list\">\n<li><i class=\"ion-ios-book-outline\" style=\"color:\"><\/i><a href=\"https:\/\/view.publitas.com\/gerriets-gmbh\/gerriets-acoustic-solutions-en\" target=\"_blank\" rel=\"noopener\">SOLUCIONES AC\u00daSTICAS<\/a><\/li>\n<li><i class=\"ion-ios-book-outline\" style=\"color:\"><\/i><a href=\"https:\/\/view.publitas.com\/gerriets-gmbh\/gerriets-interior-acoustic-solutions-en\" target=\"_blank\" rel=\"noopener\">SOLUCIONES AC\u00daSTICAS PARA INTERIORES<\/a><\/li>\n<li><i class=\"ion-ios-book-outline\" style=\"color:\"><\/i><a href=\"https:\/\/view.publitas.com\/gerriets-gmbh\/gerriets-textile-solutions-en\" target=\"_blank\" rel=\"noopener\">SOLUCIONES TEXTILES<\/a><\/li>\n<li><i class=\"ion-ios-book-outline\" style=\"color:\"><\/i><a href=\"https:\/\/view.publitas.com\/gerriets-gmbh\/gerriets-technical-solutions-en\" target=\"_blank\" rel=\"noopener\">SOLUCIONES T\u00c9CNICAS<\/a><\/li>\n<li><i class=\"ion-ios-book-outline\" style=\"color:\"><\/i><a href=\"https:\/\/view.publitas.com\/gerriets-gmbh\/gerriets-flooring-solutions-en\" target=\"_blank\" rel=\"noopener\">SOLUCIONES PARA SUELOS<\/a><\/li>\n<li><i class=\"ion-ios-book-outline\" style=\"color:\"><\/i><a href=\"https:\/\/view.publitas.com\/gerriets-gmbh\/gerriets-screen-solutions-en\" target=\"_blank\" rel=\"noopener\">SOLUCIONES DE PANTALLA<\/a><\/li>\n<\/ul>\n<\/li>\n<\/ul>\n<\/div><\/div><\/div><div id=\"agni-column-97579\" class=\"wpb_column agni_column_container agni_column vc_column_container vc_col-sm-4\"><div class=\"agni_column-inner vc_column-inner text-left\"  ><div class=\"section-column-bg-container section-column-bg-container-agni-column-97579\" ><div class=\"section-column-bg section-column-bg-color\"  ><\/div><\/div><div class=\"wpb_wrapper\">\n\t<div id=\"\" class=\"agni_text_column agni-text-block\"  >\n\t\t<p>Versiones en franc\u00e9s<\/p>\n\n\t<\/div>\n<ul class=\"list\">\n<li><i class=\"ion-ios-book-outline\" style=\"color:\"><\/i><a href=\"https:\/\/view.publitas.com\/gerriets-gmbh\/gerriets-interior-acoustic-solutions-fr\" target=\"_blank\" rel=\"noopener\">SOLUCIONES AC\u00daSTICAS PARA INTERIORES<\/a><\/li>\n<li><i class=\"ion-ios-book-outline\" style=\"color:\"><\/i><a href=\"https:\/\/view.publitas.com\/gerriets-gmbh\/gerriets-flooring-solutions-fr\" target=\"_blank\" rel=\"noopener\">SOLUCIONES PARA SUELOS<\/a><\/li>\n<\/ul>\n<\/div><\/div><\/div><\/div><\/div><\/div><div id=\"farbmuster\" class=\"section-row\" ><div class=\"section-row-bg-container section-row-bg-container-farbmuster\"><div class=\"section-row-bg section-row-bg-color\"  ><\/div><\/div><div class=\"container\"><div class=\"vc_row vc_row_fluid\"><div id=\"agni-column-61393\" class=\"wpb_column agni_column_container agni_column vc_column_container vc_col-sm-12\"><div class=\"agni_column-inner vc_column-inner text-left\"  ><div class=\"section-column-bg-container section-column-bg-container-agni-column-61393\" ><div class=\"section-column-bg section-column-bg-color\"  ><\/div><\/div><div class=\"wpb_wrapper\"><div class=\"agni_empty_space vc_empty_space\"  style=\"height: 80px\" data-height = \"80px\" data-height-tab = \"80px\" data-height-mobile = \"80px\"><span class=\"vc_empty_space_inner\"><\/span><\/div>\n<div class=\"separator separator_center\" style=\"width:100%; \">\r\n\t\t\t\t\t<span class=\"sep_holder sep_holder_l\"><span style=\"border-top-style:solid; border-color:\" class=\"sep_line\"><\/span><\/span>\r\n\t\t\t\t\t<p >MUESTRA DE COLOR<\/p>\r\n\t\t\t\t\t<span class=\"sep_holder sep_holder_r\"><span style=\"border-top-style:solid; border-color:\" class=\"sep_line\"><\/span><\/span>\r\n\t\t\t\t<\/div><div class=\"agni_empty_space vc_empty_space\"  style=\"height: 40px\" data-height = \"40px\" data-height-tab = \"40px\" data-height-mobile = \"40px\"><span class=\"vc_empty_space_inner\"><\/span><\/div>\n<\/div><\/div><\/div><\/div><\/div><\/div><div id=\"agni-row-60885\" class=\"section-row\" ><div class=\"section-row-bg-container section-row-bg-container-agni-row-60885\"><div class=\"section-row-bg section-row-bg-color\"  ><\/div><\/div><div class=\"container\"><div class=\"vc_row vc_row_fluid\"><div id=\"agni-column-83998\" class=\"wpb_column agni_column_container agni_column vc_column_container vc_col-sm-12\"><div class=\"agni_column-inner vc_column-inner text-left\"  ><div class=\"section-column-bg-container section-column-bg-container-agni-column-83998\" ><div class=\"section-column-bg section-column-bg-color\"  ><\/div><\/div><div class=\"wpb_wrapper\"><div class=\"agni_custom_heading page-scroll\" ><h6 class=\"vc_custom_heading agni_custom_heading_content\" style=\"text-align: left; \"><span>COLECCI\u00d3N AC\u00daSTICA INTERIOR<\/span><\/h6><\/div><div class=\"agni_empty_space vc_empty_space\"  style=\"height: 20px\" data-height = \"20px\" data-height-tab = \"20px\" data-height-mobile = \"20px\"><span class=\"vc_empty_space_inner\"><\/span><\/div>\n<div id=\"agni-row-inner-39904\" class=\"section-row-inner vc_inner\" ><div class=\"section-row-inner-bg-container section-row-inner-bg-container-agni-row-inner-39904\"><div class=\"section-row-inner-bg section-row-inner-bg-color\"  ><\/div><\/div><div class=\"vc_row vc_row_fluid\"><div class=\"wpb_column agni_column_container vc_column_container vc_col-sm-3\"><div class=\"section-column-bg-container section-column-bg-container-agni-column-21525\"><div class=\"section-column-inner-bg section-column-inner-bg-color\"  ><\/div><\/div><div class=\"agni_column-inner vc_column-inner text-left\" ><div class=\"wpb_wrapper\"><ul class=\"list\">\n<li><i class=\"ion-android-color-palette\" style=\"color:#757575\"><\/i><a href=\"https:\/\/www.gerriets-acoustics.com\/wp-content\/uploads\/2023\/04\/FLORA.pdf\" target=\"_blank\" rel=\"noopener\">FLORA<\/a><\/li>\n<li><i class=\"ion-android-color-palette\" style=\"color:#757575\"><\/i><a href=\"https:\/\/www.gerriets-acoustics.com\/wp-content\/uploads\/2023\/04\/JUNO-1.pdf\" target=\"_blank\" rel=\"noopener\">JUNO<\/a><\/li>\n<li><i class=\"ion-android-color-palette\" style=\"color:#757575\"><\/i><a href=\"https:\/\/www.gerriets-acoustics.com\/wp-content\/uploads\/2023\/04\/MINERVA.pdf\" target=\"_blank\" rel=\"noopener\">MINERVA<\/a><\/li>\n<li><i class=\"ion-android-color-palette\" style=\"color:#757575\"><\/i><a href=\"https:\/\/view.publitas.com\/gerriets-gmbh\/akustik-woolserge-melange\/page\/1\" target=\"_blank\" rel=\"noopener\">SARGA DE LANA MELANGE<\/a><\/li>\n<\/ul>\n<\/div><\/div><\/div><div class=\"wpb_column agni_column_container vc_column_container vc_col-sm-3\"><div class=\"section-column-bg-container section-column-bg-container-agni-column-10718\"><div class=\"section-column-inner-bg section-column-inner-bg-color\"  ><\/div><\/div><div class=\"agni_column-inner vc_column-inner text-left\" ><div class=\"wpb_wrapper\"><ul class=\"list\">\n<li><i class=\"ion-android-color-palette\" style=\"color:#757575\"><\/i><a href=\"https:\/\/www.gerriets-acoustics.com\/wp-content\/uploads\/2023\/04\/WOOLSERGE-OFFICE.pdf\" target=\"_blank\" rel=\"noopener\">WOOLSERGE OFFICE<\/a><\/li>\n<li><i class=\"ion-android-color-palette\" style=\"color:#757575\"><\/i><a href=\"https:\/\/www.gerriets-acoustics.com\/wp-content\/uploads\/2023\/04\/ALICANTE-1.pdf\" target=\"_blank\" rel=\"noopener\">ALICANTE<\/a><\/li>\n<li><i class=\"ion-android-color-palette\" style=\"color:#757575\"><\/i><a href=\"https:\/\/www.gerriets-acoustics.com\/wp-content\/uploads\/2023\/04\/TERRA.pdf\" target=\"_blank\" rel=\"noopener\">TERRA<\/a><\/li>\n<\/ul>\n<\/div><\/div><\/div><div class=\"wpb_column agni_column_container vc_column_container vc_col-sm-3\"><div class=\"section-column-bg-container section-column-bg-container-agni-column-51488\"><div class=\"section-column-inner-bg section-column-inner-bg-color\"  ><\/div><\/div><div class=\"agni_column-inner vc_column-inner text-left\" ><div class=\"wpb_wrapper\"><ul class=\"list\">\n<li><i class=\"ion-android-color-palette\" style=\"color:#757575\"><\/i><a href=\"https:\/\/www.gerriets-acoustics.com\/wp-content\/uploads\/2023\/04\/SATIN-CS.pdf\" target=\"_blank\" rel=\"noopener\">SATIN CS<\/a><\/li>\n<li><i class=\"ion-android-color-palette\" style=\"color:#757575\"><\/i><a href=\"https:\/\/www.gerriets-acoustics.com\/wp-content\/uploads\/2023\/04\/ABSORBER-CS.pdf\" target=\"_blank\" rel=\"noopener\">ABSORBER CS<\/a><\/li>\n<li><i class=\"ion-android-color-palette\" style=\"color:#757575\"><\/i><a href=\"https:\/\/www.gerriets-acoustics.com\/wp-content\/uploads\/2023\/04\/ABSORBER-LIGHT.pdf\" target=\"_blank\" rel=\"noopener\">ABSORBER LIGHT<\/a><\/li>\n<\/ul>\n<\/div><\/div><\/div><div class=\"wpb_column agni_column_container vc_column_container vc_col-sm-3\"><div class=\"section-column-bg-container section-column-bg-container-agni-column-95910\"><div class=\"section-column-inner-bg section-column-inner-bg-color\"  ><\/div><\/div><div class=\"agni_column-inner vc_column-inner text-left\" ><div class=\"wpb_wrapper\"><ul class=\"list\">\n<li><i class=\"ion-android-color-palette\" style=\"color:#757575\"><\/i><a href=\"https:\/\/www.gerriets-acoustics.com\/wp-content\/uploads\/2023\/04\/BORDE_DE_AGARRE.pdf\" target=\"_blank\" rel=\"noopener\">BORDE DE AGARRE<\/a><\/li>\n<li><i class=\"ion-android-color-palette\" style=\"color:#757575\"><\/i><a href=\"https:\/\/www.gerriets-acoustics.com\/wp-content\/uploads\/2023\/04\/VESTA.pdf\" target=\"_blank\" rel=\"noopener\">VESTA<\/a><\/li>\n<\/ul>\n<\/div><\/div><\/div><\/div><\/div><\/div><\/div><\/div><\/div><\/div><\/div><div id=\"agni-row-10878\" class=\"section-row\" ><div class=\"section-row-bg-container section-row-bg-container-agni-row-10878\"><div class=\"section-row-bg section-row-bg-color\"  ><\/div><\/div><div class=\"container\"><div class=\"vc_row vc_row_fluid\"><div id=\"agni-column-71599\" class=\"wpb_column agni_column_container agni_column vc_column_container vc_col-sm-12\"><div class=\"agni_column-inner vc_column-inner text-left\"  ><div class=\"section-column-bg-container section-column-bg-container-agni-column-71599\" ><div class=\"section-column-bg section-column-bg-color\"  ><\/div><\/div><div class=\"wpb_wrapper\"><\/div><\/div><\/div><\/div><\/div><\/div><div id=\"montage\" class=\"section-row\" ><div class=\"section-row-bg-container section-row-bg-container-montage\"><div class=\"section-row-bg section-row-bg-color\"  ><\/div><\/div><div class=\"container\"><div class=\"vc_row vc_row_fluid\"><div id=\"agni-column-61227\" class=\"wpb_column agni_column_container agni_column vc_column_container vc_col-sm-12\"><div class=\"agni_column-inner vc_column-inner text-left\"  ><div class=\"section-column-bg-container section-column-bg-container-agni-column-61227\" ><div class=\"section-column-bg section-column-bg-color\"  ><\/div><\/div><div class=\"wpb_wrapper\"><div class=\"agni_empty_space vc_empty_space\"  style=\"height: 120px\" data-height = \"120px\" data-height-tab = \"120px\" data-height-mobile = \"120px\"><span class=\"vc_empty_space_inner\"><\/span><\/div>\n<div class=\"separator separator_center\" style=\"width:100%; \">\r\n\t\t\t\t\t<span class=\"sep_holder sep_holder_l\"><span style=\"border-top-style:solid; border-color:\" class=\"sep_line\"><\/span><\/span>\r\n\t\t\t\t\t<p >INSTRUCCIONES DE MONTAJE<\/p>\r\n\t\t\t\t\t<span class=\"sep_holder sep_holder_r\"><span style=\"border-top-style:solid; border-color:\" class=\"sep_line\"><\/span><\/span>\r\n\t\t\t\t<\/div><div class=\"agni_empty_space vc_empty_space\"  style=\"height: 40px\" data-height = \"40px\" data-height-tab = \"40px\" data-height-mobile = \"40px\"><span class=\"vc_empty_space_inner\"><\/span><\/div>\n<div id=\"agni-row-inner-93049\" class=\"section-row-inner vc_inner\" ><div class=\"section-row-inner-bg-container section-row-inner-bg-container-agni-row-inner-93049\"><div class=\"section-row-inner-bg section-row-inner-bg-color\"  ><\/div><\/div><div class=\"vc_row vc_row_fluid\"><div class=\"wpb_column agni_column_container vc_column_container vc_col-sm-12\"><div class=\"section-column-bg-container section-column-bg-container-agni-column-10558\"><div class=\"section-column-inner-bg section-column-inner-bg-color\"  ><\/div><\/div><div class=\"agni_column-inner vc_column-inner text-left\" ><div class=\"wpb_wrapper\"><div class=\"agni_empty_space vc_empty_space\"  style=\"height: 20px\" data-height = \"20px\" data-height-tab = \"20px\" data-height-mobile = \"20px\"><span class=\"vc_empty_space_inner\"><\/span><\/div>\n<div class=\"agni_custom_heading page-scroll\" ><h6 class=\"vc_custom_heading agni_custom_heading_content\" style=\"text-align: left; \"><span>Instrucciones de montaje y funcionamiento<\/span><\/h6><\/div><div class=\"agni-button  text-left page-scroll\"><a class=\"btn btn-alt btn-accent\" target=\"_blank\" href=\"mailto:kernmarkt3@gerriets.com?subject=Anfrage%20Montage-%20und%20Bedienungsanleitungen\"  >Solicitar instrucciones<\/a><\/div><\/div><\/div><\/div><\/div><\/div><\/div><\/div><\/div><\/div><\/div><\/div><div id=\"agni-row-33182\" class=\"section-row\" ><div class=\"section-row-bg-container section-row-bg-container-agni-row-33182\"><div class=\"section-row-bg section-row-bg-color\"  ><\/div><\/div><div class=\"container\"><div class=\"vc_row vc_row_fluid\"><div id=\"agni-column-73489\" class=\"wpb_column agni_column_container agni_column vc_column_container vc_col-sm-12\"><div class=\"agni_column-inner vc_column-inner text-left\"  ><div class=\"section-column-bg-container section-column-bg-container-agni-column-73489\" ><div class=\"section-column-bg section-column-bg-color\"  ><\/div><\/div><div class=\"wpb_wrapper\"><div class=\"agni_empty_space vc_empty_space\"  style=\"height: 160px\" data-height = \"160px\" data-height-tab = \"160px\" data-height-mobile = \"160px\"><span class=\"vc_empty_space_inner\"><\/span><\/div>\n<\/div><\/div><\/div><\/div><\/div><\/div><\/section>\n<\/section>","protected":false},"excerpt":{"rendered":"Chazen Museum of Art Madison, Wisconsin \/ USA, Design: Petra Blaisse Inside Outside Im Downloadbereich finden Sie alle relevanten Informationen sowie technischen Daten \u00fcber unsere Produkte, Kollektionen und Solutions in digitaler Form. Sollten Sie die jeweilige Printversion ben\u00f6tigen, wie beispielsweise von unserer Kollektion, dann setzen Sie sich gerne mit uns in Verbindung. Hinweis f\u00fcr den [...]","protected":false},"author":1,"featured_media":0,"parent":0,"menu_order":0,"comment_status":"closed","ping_status":"closed","template":"","meta":{"footnotes":""},"class_list":["post-4021","page","type-page","status-publish","hentry"],"aioseo_notices":[],"_links":{"self":[{"href":"https:\/\/www.gerriets-acoustics.com\/es\/wp-json\/wp\/v2\/pages\/4021","targetHints":{"allow":["GET"]}}],"collection":[{"href":"https:\/\/www.gerriets-acoustics.com\/es\/wp-json\/wp\/v2\/pages"}],"about":[{"href":"https:\/\/www.gerriets-acoustics.com\/es\/wp-json\/wp\/v2\/types\/page"}],"author":[{"embeddable":true,"href":"https:\/\/www.gerriets-acoustics.com\/es\/wp-json\/wp\/v2\/users\/1"}],"replies":[{"embeddable":true,"href":"https:\/\/www.gerriets-acoustics.com\/es\/wp-json\/wp\/v2\/comments?post=4021"}],"version-history":[{"count":8,"href":"https:\/\/www.gerriets-acoustics.com\/es\/wp-json\/wp\/v2\/pages\/4021\/revisions"}],"predecessor-version":[{"id":10797,"href":"https:\/\/www.gerriets-acoustics.com\/es\/wp-json\/wp\/v2\/pages\/4021\/revisions\/10797"}],"wp:attachment":[{"href":"https:\/\/www.gerriets-acoustics.com\/es\/wp-json\/wp\/v2\/media?parent=4021"}],"curies":[{"name":"wp","href":"https:\/\/api.w.org\/{rel}","templated":true}]}}