{"id":4817,"date":"2021-02-01T10:22:51","date_gmt":"2021-02-01T09:22:51","guid":{"rendered":"https:\/\/gerriets2021.webproofed.de\/?page_id=4817"},"modified":"2025-06-27T13:08:29","modified_gmt":"2025-06-27T11:08:29","slug":"schienensysteme-2","status":"publish","type":"page","link":"https:\/\/www.gerriets-acoustics.com\/es\/sistemas-ferroviarios-2\/","title":{"rendered":"Sistemas de carriles"},"content":{"rendered":"<section class=\"wpb-content-wrapper\"><div id=\"intro\" class=\"section-row\" ><div class=\"section-row-bg-container section-row-bg-container-intro\"><div class=\"section-row-bg section-row-bg-color \"  ><\/div><\/div><div class=\"container\"><div class=\"vc_row vc_row_fluid \"><div id=\"agni-column-99720\" class=\"intro wpb_column agni_column_container agni_column vc_column_container vc_col-sm-12\"><div class=\"agni_column-inner vc_column-inner text-left\" style=\"margin-right: 50px; padding-top: 100px; padding-bottom: 50px; \" ><div class=\"section-column-bg-container section-column-bg-container-agni-column-99720 \" ><div class=\"section-column-bg section-column-bg-color \"  ><\/div><\/div><div class=\"wpb_wrapper\"><div class=\"agni_custom_heading page-scroll\" ><h4 class=\"vc_custom_heading agni_custom_heading_content \" style=\"text-align: center; \"><span>[SCHALLVORHANG OFFICE]<\/span><\/h4><div class=\"divide-line text-center \"><span style=\"width:60px; height:1px; background-color:#000000\"><\/span><\/div><\/div><div class=\"agni_custom_heading page-scroll\" ><p class=\"vc_custom_heading agni_custom_heading_content \" style=\"font-size: 22px;text-align: center; \"><span>Schalld\u00e4mmung ist im t\u00e4glichen Leben ein immer wichtigeres Thema, sei es im privaten, \u00f6ffentlichen oder im beruflichen Umfeld.<\/span><\/p><\/div><div id=\"agni-video-77726\" class=\" custom-video agni-video embed-responsive embed-responsive-16by9\">\r\n\t\t\t\t<iframe loading=\"lazy\" src=\"https:\/\/player.vimeo.com\/video\/187326323?loop=1&title=0&byline=0&portrait=0\" width=\"640\" height=\"360\" frameborder=\"0\" webkitallowfullscreen mozallowfullscreen allowfullscreen><\/iframe>\r\n\t\t\t<\/div>  <div class=\"agni_empty_space vc_empty_space\"  style=\"height: 60px\" data-height = \"60px\" data-height-tab = \"50\" data-height-mobile = \"5\"><span class=\"vc_empty_space_inner\"><\/span><\/div>\n\n\t<div id=\"\" class=\"agni_text_column agni-text-block \"  >\n\t\t<p>Ob es in modernen B\u00fcros um die akustische Trennung verschiedener Arbeitsbereiche oder um die Schaffung von Besprechungsinseln geht, die Schallvorh\u00e4nge OFFICE verbinden Effektivit\u00e4t, Flexibilit\u00e4t, \u00c4sthetik und ansprechendes Design in idealer Weise.<\/p>\n<p>Mit unserem Schallvorhang OFFICE-System entstehen &#8222;R\u00e4ume auf Knopfdruck&#8220;. Sie m\u00f6chten Arbeitsbereiche flexibel trennen oder Besprechungsinseln schaffen, dann profitieren Sie von unserer breiten Palette an Konfigurationsm\u00f6glichkeiten: Egal ob 3-, 5- oder 7-lagig, einfarbige oder aufwendig bedruckte Sichtseite, manuelle Verfahrbarkeit oder voll automatisierte Bedienung &#8211; wir konfektionieren Ihren Schallvorhang OFFICE individuell und nach Ihren W\u00fcnschen!<\/p>\n\n\t<\/div>\n<div class=\"agni_empty_space vc_empty_space\"  style=\"height: 60px\" data-height = \"60px\" data-height-tab = \"50\" data-height-mobile = \"5\"><span class=\"vc_empty_space_inner\"><\/span><\/div>\n<\/div><\/div><\/div><\/div><\/div><\/div><div id=\"office\" class=\"section-row\" ><div class=\"section-row-bg-container section-row-bg-container-office\"><div class=\"section-row-bg section-row-bg-color \" style=\"background-color: #e2e2e2; \" ><\/div><\/div><div class=\"container\"><div class=\"vc_row vc_row_fluid \"><div id=\"agni-column-75877\" class=\"wpb_column agni_column_container agni_column vc_column_container vc_col-sm-12\"><div class=\"agni_column-inner vc_column-inner text-left\" style=\"padding-top: 100px; padding-bottom: 50px; \" ><div class=\"section-column-bg-container section-column-bg-container-agni-column-75877 \" ><div class=\"section-column-bg section-column-bg-color \"  ><\/div><\/div><div class=\"wpb_wrapper\"><div class=\"agni_custom_heading page-scroll\" ><h4 class=\"vc_custom_heading agni_custom_heading_content \" style=\"font-size: 22px;text-align: center; \"><span>schallabsorbierend und schalld\u00e4mmend<br \/>\nwahlweise in 3-, 5- oder 7-lagiger Ausf\u00fchrung<\/span><\/h4><div class=\"divide-line text-center \"><span style=\"width:90px; height:1px; background-color:#020000\"><\/span><\/div><\/div><div class=\"agni_empty_space vc_empty_space\"  style=\"height: 60px\" data-height = \"60px\" data-height-tab = \"50\" data-height-mobile = \"5\"><span class=\"vc_empty_space_inner\"><\/span><\/div>\n\n\t<div id=\"\" class=\"agni_text_column agni-text-block \"  >\n\t\t<p>Als Au\u00dfenlage kann einer unserer Stoffe aus der umfangreichen <a href=\"https:\/\/www.gerriets-acoustics.com\/de\/acousitc-design-collection\/\">ACOUSTIC DESIGN COLLECTION<\/a> ausgew\u00e4hlt werden. Innenlagen aus Spezialgewebe, permanent schwer entflammbar, waschbar, geruchsneutral, schallschluckend bzw. schallhart. Das gesamte Schallvorhangsystem ist nachtr\u00e4glich von 5 auf 7 Lagen erweiterbar. Eine besondere Rolle spielt das dazugeh\u00f6rige Schienensystem. Es besteht aus einer modifizierten Version unserer bew\u00e4hrten Schienentechnik TRUMPF 95, welche das Gewicht des Schallvorhangs von ca. 3 kg\/m\u00b2 problemlos tr\u00e4gt. Die Schallvorh\u00e4nge OFFICE sind sowohl von Hand als auch motorisch, mit dem extrem leisen Zugmotor FRICTION-DRIVE, verfahrbar. Endlosfahrten sowie Ansteuerung \u00fcber Funkfernbedienung oder bauseitiges BUS System bis hin zum Touch Panel sind m\u00f6glich.<\/p>\n\n\t<\/div>\n<div class=\"agni_empty_space vc_empty_space\"  style=\"height: 60px\" data-height = \"60px\" data-height-tab = \"50\" data-height-mobile = \"5\"><span class=\"vc_empty_space_inner\"><\/span><\/div>\n<div id=\"agni-row-inner-89382\" class=\"section-row-inner vc_inner \" ><div class=\"section-row-inner-bg-container section-row-inner-bg-container-agni-row-inner-89382\"><div class=\"section-row-inner-bg section-row-inner-bg-color \"  ><\/div><\/div><div class=\"vc_row vc_row_fluid \"><div class=\"wpb_column agni_column_container vc_column_container vc_col-sm-6\"><div class=\"section-column-bg-container section-column-bg-container-agni-column-66202\"><div class=\"section-column-inner-bg section-column-inner-bg-color \"  ><\/div><\/div><div class=\"agni_column-inner vc_column-inner text-left\" ><div class=\"wpb_wrapper\"><div id=\"agni-video-34075\" class=\" custom-video agni-video embed-responsive embed-responsive-16by9\">\r\n\t\t\t\t<iframe loading=\"lazy\" src=\"https:\/\/player.vimeo.com\/video\/241662053?loop=1&title=0&byline=0&portrait=0\" width=\"640\" height=\"427\" frameborder=\"0\" webkitallowfullscreen mozallowfullscreen allowfullscreen><\/iframe>\r\n\t\t\t<\/div>  \n\t<div id=\"\" class=\"agni_text_column agni-text-block \"  >\n\t\t<p style=\"text-align: center;\">Schalld\u00e4mmung eines 5-lagigen Schallvorhang OFFICE<br \/>\n(Gemessenes Schalld\u00e4mmma\u00df 13 dB)<\/p>\n\n\t<\/div>\n<\/div><\/div><\/div><div class=\"wpb_column agni_column_container vc_column_container vc_col-sm-6\"><div class=\"section-column-bg-container section-column-bg-container-agni-column-24769\"><div class=\"section-column-inner-bg section-column-inner-bg-color \"  ><\/div><\/div><div class=\"agni_column-inner vc_column-inner text-left\" ><div class=\"wpb_wrapper\"><div id=\"agni-video-35018\" class=\" custom-video agni-video embed-responsive embed-responsive-16by9\">\r\n\t\t\t\t<iframe loading=\"lazy\" src=\"https:\/\/player.vimeo.com\/video\/241663319?loop=1&title=0&byline=0&portrait=0\" width=\"640\" height=\"427\" frameborder=\"0\" webkitallowfullscreen mozallowfullscreen allowfullscreen><\/iframe>\r\n\t\t\t<\/div>  \n\t<div id=\"\" class=\"agni_text_column agni-text-block \"  >\n\t\t<p style=\"text-align: center;\">Schalld\u00e4mmung eines 7-lagigen Schallvorhang OFFICE<br \/>\n(Gemessenes Schalld\u00e4mmma\u00df 16 dB)<\/p>\n\n\t<\/div>\n<\/div><\/div><\/div><\/div><\/div><div class=\"agni_empty_space vc_empty_space\"  style=\"height: 30px\" data-height = \"30px\" data-height-tab = \"50\" data-height-mobile = \"5\"><span class=\"vc_empty_space_inner\"><\/span><\/div>\n\n\t<div id=\"\" class=\"agni_text_column agni-text-block \"  >\n\t\t<p style=\"text-align: center;\"><a href=\"https:\/\/view.publitas.com\/gerriets-gmbh\/gerriets-interior-acoustic-solutions-de\/page\/1\"><span style=\"text-decoration: underline;\"><strong>DOWNLOAD<\/strong> <\/span><\/a>technische Daten und Brosch\u00fcre<\/p>\n\n\t<\/div>\n<div class=\"agni_empty_space vc_empty_space\"  style=\"height: 60px\" data-height = \"60px\" data-height-tab = \"50\" data-height-mobile = \"5\"><span class=\"vc_empty_space_inner\"><\/span><\/div>\n<\/div><\/div><\/div><\/div><\/div><\/div><div id=\"sichtfenster\" class=\"section-row\" ><div class=\"section-row-bg-container section-row-bg-container-sichtfenster\"><div class=\"section-row-bg section-row-bg-color \"  ><\/div><\/div><div class=\"container\"><div class=\"vc_row vc_row_fluid \"><div id=\"sichtfenster\" class=\"wpb_column agni_column_container agni_column vc_column_container vc_col-sm-12\"><div class=\"agni_column-inner vc_column-inner text-left\" style=\"padding-top: 100px; padding-bottom: 50px; \" ><div class=\"section-column-bg-container section-column-bg-container-sichtfenster \" ><div class=\"section-column-bg section-column-bg-color \"  ><\/div><\/div><div class=\"wpb_wrapper\"><div class=\"agni_custom_heading page-scroll\" ><h4 class=\"vc_custom_heading agni_custom_heading_content \" style=\"font-size: 22px;text-align: center; \"><span>NEU: Schallvorhang OFFICE WINDOW*<\/span><\/h4><div class=\"divide-line text-center \"><span style=\"width:90px; height:1px; background-color:#020000\"><\/span><\/div><\/div><div class=\"agni_empty_space vc_empty_space\"  style=\"height: 60px\" data-height = \"60px\" data-height-tab = \"50\" data-height-mobile = \"5\"><span class=\"vc_empty_space_inner\"><\/span><\/div>\n\n\t<div id=\"\" class=\"agni_text_column agni-text-block \"  >\n\t\t<p>*<em>patentiert<\/em><\/p>\n<p>Weltweit einzigartig ist der flexible Schallvorhang mit Durchblick!<\/p>\n<p>Das Fensterelement kann variabel in das Schallvorhangsystem integriert werden, ohne dabei die akustische Wirkung zu mindern. Um einen Sichtbezug nach au\u00dfen und Tageslichteinfall nach innen zu gew\u00e4hrleisten haben unsere Ingenieure eine weltweit einzigartige L\u00f6sung entwickelt: das flexible Schallvorhang OFFICE WINDOW. Der bodentiefe Einsatz aus Plexiglas erm\u00f6glicht eine Sichtverbindung, ohne die schalld\u00e4mmenden Eigenschaften zu beeintr\u00e4chtigen. Zudem bietet das Fenster eine aufregende Optik, die im modernen Design optimal eingebunden werden kann. Dadurch entstehen variable textile R\u00e4ume, die nicht nur die Sicht nach innen freigeben, sondern auch den Blick nach au\u00dfen erm\u00f6glichen. Hiermit tr\u00e4gt Gerriets auch den Forderungen des Brandschutzes Rechnung, der in vielen Bundesl\u00e4ndern den direkten Sichtbezug nach au\u00dfen fordert.<\/p>\n\n\t<\/div>\n<div class=\"agni_empty_space vc_empty_space\"  style=\"height: 20px\" data-height = \"20px\" data-height-tab = \"50\" data-height-mobile = \"5\"><span class=\"vc_empty_space_inner\"><\/span><\/div>\n<div class=\" agni-button  text-center page-scroll\"><a class=\"btn btn-accent\" target=\"_self\" href=\"https:\/\/www.gerriets-acoustics.com\/de\/schallvorhang-office-window\" style=\"border-radius:50px;\" >mehr Informationen zum Schallvorhang OFFICE WINDOW<\/a><\/div><div class=\"agni_empty_space vc_empty_space\"  style=\"height: 20px\" data-height = \"20px\" data-height-tab = \"50\" data-height-mobile = \"5\"><span class=\"vc_empty_space_inner\"><\/span><\/div>\n<div class=\"agni-gallery img-carousel custom-gallery\"><div class=\"agni-gallery-row row carousel-gallery \" data-gallery-margin=30 data-gallery-autoplay=true data-gallery-autoplay-timeout=5000 data-gallery-autoplay-hover=true data-gallery-loop=true data-gallery-autoheight=false data-gallery-center=false data-gallery-pagination=true data-gallery-m=2 data-gallery-tp=4 data-gallery-tl=5 data-gallery-d=5  ><div class=\"custom-gallery-item agni-gallery-column\" style=\"\" ><figure class=\"agni-gallery-figure\"><a href=\"\"><\/a><\/figure><\/div><div class=\"custom-gallery-item agni-gallery-column\" style=\"\" ><figure class=\"agni-gallery-figure\"><a href=\"\"><\/a><\/figure><\/div><div class=\"custom-gallery-item agni-gallery-column\" style=\"\" ><figure class=\"agni-gallery-figure\"><a href=\"\"><\/a><\/figure><\/div><div class=\"custom-gallery-item agni-gallery-column\" style=\"\" ><figure class=\"agni-gallery-figure\"><a href=\"\"><\/a><\/figure><\/div><div class=\"custom-gallery-item agni-gallery-column\" style=\"\" ><figure class=\"agni-gallery-figure\"><a href=\"https:\/\/www.gerriets-acoustics.com\/wp-content\/uploads\/2018\/10\/Gerriets_Schallvorhang_Orgatec_Akustikvorhang.jpg\" data-rel=\"lightbox-image-0\" data-rl_title=\"\" data-rl_caption=\"\" title=\"\"><img loading=\"lazy\" decoding=\"async\" width=\"150\" height=\"150\" src=\"https:\/\/www.gerriets-acoustics.com\/wp-content\/uploads\/2018\/10\/Gerriets_Schallvorhang_Orgatec_Akustikvorhang-150x150.jpg\" class=\"attachment-thumbnail size-thumbnail\" alt=\"Messestand Gerriets mit Akustikvorhang und Farbmuster, ORGATEC 2018 in K\u00f6ln\" srcset=\"https:\/\/www.gerriets-acoustics.com\/wp-content\/uploads\/2018\/10\/Gerriets_Schallvorhang_Orgatec_Akustikvorhang-150x150.jpg 150w, https:\/\/www.gerriets-acoustics.com\/wp-content\/uploads\/2018\/10\/Gerriets_Schallvorhang_Orgatec_Akustikvorhang-960x960.jpg 960w\" sizes=\"auto, (max-width: 150px) 100vw, 150px\" \/><\/a><\/figure><\/div><\/div><\/div><\/div><\/div><\/div><\/div><\/div><\/div><section class=\"vc_section agni-section vc_custom_1599226789464 vc_section-has-fill\"><div id=\"agni-row-74303\" class=\"section-row\" ><div class=\"section-row-bg-container section-row-bg-container-agni-row-74303\"><div class=\"section-row-bg section-row-bg-color \"  ><\/div><\/div><div class=\"container\"><div class=\"vc_row vc_row_fluid \"><div id=\"agni-column-18252\" class=\"wpb_column agni_column_container agni_column vc_column_container vc_col-sm-12\"><div class=\"agni_column-inner vc_column-inner text-left\"  ><div class=\"section-column-bg-container section-column-bg-container-agni-column-18252 \" ><div class=\"section-column-bg section-column-bg-color \"  ><\/div><\/div><div class=\"wpb_wrapper\"><div class=\"agni_empty_space vc_empty_space\"  style=\"height: 32px\" data-height = \"32px\" data-height-tab = \"32px\" data-height-mobile = \"32px\"><span class=\"vc_empty_space_inner\"><\/span><\/div>\n<\/div><\/div><\/div><\/div><\/div><\/div><\/section>\n<\/section>","protected":false},"excerpt":{"rendered":"[SCHALLVORHANG OFFICE]Schalld\u00e4mmung ist im t\u00e4glichen Leben ein immer wichtigeres Thema, sei es im privaten, \u00f6ffentlichen oder im beruflichen Umfeld. Ob es in modernen B\u00fcros um die akustische Trennung verschiedener Arbeitsbereiche oder um die Schaffung von Besprechungsinseln geht, die Schallvorh\u00e4nge OFFICE verbinden Effektivit\u00e4t, Flexibilit\u00e4t, \u00c4sthetik und ansprechendes Design in idealer Weise. Mit unserem Schallvorhang OFFICE-System entstehen [...]","protected":false},"author":1,"featured_media":0,"parent":0,"menu_order":0,"comment_status":"closed","ping_status":"closed","template":"","meta":{"footnotes":""},"class_list":["post-4817","page","type-page","status-publish","hentry"],"aioseo_notices":[],"_links":{"self":[{"href":"https:\/\/www.gerriets-acoustics.com\/es\/wp-json\/wp\/v2\/pages\/4817","targetHints":{"allow":["GET"]}}],"collection":[{"href":"https:\/\/www.gerriets-acoustics.com\/es\/wp-json\/wp\/v2\/pages"}],"about":[{"href":"https:\/\/www.gerriets-acoustics.com\/es\/wp-json\/wp\/v2\/types\/page"}],"author":[{"embeddable":true,"href":"https:\/\/www.gerriets-acoustics.com\/es\/wp-json\/wp\/v2\/users\/1"}],"replies":[{"embeddable":true,"href":"https:\/\/www.gerriets-acoustics.com\/es\/wp-json\/wp\/v2\/comments?post=4817"}],"version-history":[{"count":1,"href":"https:\/\/www.gerriets-acoustics.com\/es\/wp-json\/wp\/v2\/pages\/4817\/revisions"}],"predecessor-version":[{"id":10850,"href":"https:\/\/www.gerriets-acoustics.com\/es\/wp-json\/wp\/v2\/pages\/4817\/revisions\/10850"}],"wp:attachment":[{"href":"https:\/\/www.gerriets-acoustics.com\/es\/wp-json\/wp\/v2\/media?parent=4817"}],"curies":[{"name":"wp","href":"https:\/\/api.w.org\/{rel}","templated":true}]}}