{"id":1601,"date":"2017-08-08T09:51:33","date_gmt":"2017-08-08T07:51:33","guid":{"rendered":"http:\/\/gerriets.webproofed.de\/?page_id=1601"},"modified":"2023-01-24T16:38:10","modified_gmt":"2023-01-24T15:38:10","slug":"impressum","status":"publish","type":"page","link":"https:\/\/www.gerriets-acoustics.com\/fr\/mentions-legales\/","title":{"rendered":"Mentions l\u00e9gales"},"content":{"rendered":"<section class=\"wpb-content-wrapper\"><div id=\"agni-row-18022\" class=\"section-row\" style=\"margin-top: 5%; \"><div class=\"section-row-bg-container section-row-bg-container-agni-row-18022\"><div class=\"section-row-bg section-row-bg-color\"  ><\/div><\/div><div class=\"container\"><div class=\"vc_row vc_row_fluid vc_row-o-content-top vc_column-gap-30 vc_row-flex\"><div id=\"agni-column-24157\" class=\"wpb_column agni_column_container agni_column vc_column_container vc_col-sm-12\"><div class=\"agni_column-inner vc_column-inner text-left\"  ><div class=\"section-column-bg-container section-column-bg-container-agni-column-24157\" ><div class=\"section-column-bg section-column-bg-color\"  ><\/div><\/div><div class=\"wpb_wrapper\"><div class=\"agni_empty_space vc_empty_space\"  style=\"height: 1px\" data-height = \"1px\" data-height-tab = \"1px\" data-height-mobile = \"1px\"><span class=\"vc_empty_space_inner\"><\/span><\/div>\n<div class=\"agni_custom_heading page-scroll\" ><h2 class=\"vc_custom_heading agni_custom_heading_responsive  agni_custom_heading_content\" style=\"font-size: 60px;color: #666666;text-align: left; \"><span>Mentions l\u00e9gales<\/span><\/h2><\/div>\n\t<div id=\"\" class=\"agni_text_column agni-text-block\"  >\n\t\t<p><strong>Gerriets GmbH<\/strong><br \/>\nDans le Kirchenh\u00fcrstle 5-7<br \/>\nDE-79224 Umkirch<\/p>\n<p>T\u00e9l\u00e9phone : +49 (0)7665 \/ 960-0<\/p>\n<p>T\u00e9l\u00e9copieur : +49 (0)7665 \/ 960-125<\/p>\n<p>Mail : <strong><a href=\"mailto:aoustics@gerriets.com\">acoustics@gerriets.com<\/a><\/strong><\/p>\n<p>Registre du commerce : AG Freiburg<\/p>\n<p>N\u00b0 de registre du commerce (HRB) : 2678<\/p>\n<p>N\u00b0 de TVA : DE 142191543<\/p>\n<p>Directeur g\u00e9n\u00e9ral : Hannes Gerriets<\/p>\n<p>Membre du DTHG<br \/>\nMembre de la CCI du Sud du Rhin sup\u00e9rieur<\/p>\n<p><strong>Mention de responsabilit\u00e9 :<\/strong><\/p>\n<p>Malgr\u00e9 un contr\u00f4le minutieux du contenu, nous n'assumons aucune responsabilit\u00e9 pour le contenu des liens externes. Seuls les exploitants de ces sites sont responsables de leur contenu.<\/p>\n<p><strong>Remarque sur la protection des donn\u00e9es :<\/strong><\/p>\n<p>Gerriets GmbH collecte les donn\u00e9es des visiteurs de ce site web \u00e0 des fins d'optimisation technique et de contenu. Des cookies (petits fichiers contenant des informations de configuration) peuvent \u00eatre utilis\u00e9s \u00e0 cet effet. Sont notamment saisis l'adresse IP, les pages visit\u00e9es et l'heure de la visite, des indications sur le r\u00e9f\u00e9rent ainsi que des indications sur le navigateur utilis\u00e9 et le syst\u00e8me d'exploitation. Ces donn\u00e9es ne sont pas utilis\u00e9es pour identifier personnellement le visiteur de ce site. Une transmission \u00e0 des tiers n'a lieu que dans la mesure o\u00f9 il existe une obligation l\u00e9gale \u00e0 cet effet. Si vous n'\u00eates pas d'accord avec la saisie de vos donn\u00e9es, vous ne pouvez malheureusement pas utiliser le site web de Gerriets. En ce qui concerne les donn\u00e9es d\u00e9j\u00e0 saisies, vous pouvez \u00e0 tout moment vous opposer \u00e0 leur enregistrement avec effet pour l'avenir. Pour cela, ainsi que pour toute autre question ou demande concernant vos donn\u00e9es, veuillez vous adresser aux coordonn\u00e9es mentionn\u00e9es ci-dessus.<\/p>\n<p>Ce site web utilise Google Analytics, un service d'analyse web de Google Inc (\"Google\"). Google Analytics utilise des \"cookies\", des fichiers texte qui sont enregistr\u00e9s sur votre ordinateur et qui permettent d'analyser votre utilisation du site web. Les donn\u00e9es g\u00e9n\u00e9r\u00e9es par les cookies concernant votre utilisation du site (y compris votre adresse IP) seront transmises et stock\u00e9es par Google sur des serveurs situ\u00e9s aux Etats-Unis. Google utilisera cette information dans le but d'\u00e9valuer votre utilisation du site, de compiler des rapports sur l'activit\u00e9 du site \u00e0 destination de son \u00e9diteur et de fournir d'autres services relatifs \u00e0 l'activit\u00e9 du site et \u00e0 l'utilisation d'Internet. Le cas \u00e9ch\u00e9ant, Google transmettra \u00e9galement ces informations \u00e0 des tiers, dans la mesure o\u00f9 cela est prescrit par la loi ou si des tiers traitent ces donn\u00e9es pour le compte de Google. Google n'associera en aucun cas votre adresse IP \u00e0 d'autres donn\u00e9es de Google. Vous pouvez emp\u00eacher l'installation des cookies en param\u00e9trant votre navigateur en cons\u00e9quence ; nous attirons toutefois votre attention sur le fait que, dans ce cas, vous ne pourrez peut-\u00eatre pas utiliser toutes les fonctions de ce site web dans leur int\u00e9gralit\u00e9. En utilisant ce site Internet, vous acceptez que les donn\u00e9es collect\u00e9es \u00e0 votre sujet par Google soient trait\u00e9es de la mani\u00e8re et aux fins d\u00e9crites ci-dessus.<\/p>\n<p>Site web : <a href=\"https:\/\/webproofed.de\/\" target=\"_blank\" rel=\"noopener\">www.webproofed.de<\/a><\/p>\n\n\t<\/div>\n<\/div><\/div><\/div><\/div><\/div><\/div>\n<\/section>","protected":false},"excerpt":{"rendered":"Impressum Gerriets GmbH Im Kirchenh\u00fcrstle 5-7 DE-79224 Umkirch Telefon: +49 (0)7665 \/ 960-0 Telefax: +49 (0)7665 \/ 960-125 E-Mail: acoustics@gerriets.com Handelsregister: AG Freiburg HRB-Nr.: 2678 USt-ID-Nr.: DE 142191543 Gesch\u00e4ftsf\u00fchrer: Hannes Gerriets Mitglied der DTHG Mitglied der IHK S\u00fcdlicher Oberrhein Haftungshinweis: Trotz sorgf\u00e4ltiger inhaltlicher Kontrolle \u00fcbernehmen wir keine Haftung f\u00fcr die Inhalte externer Links. F\u00fcr den [...]","protected":false},"author":1,"featured_media":0,"parent":0,"menu_order":0,"comment_status":"closed","ping_status":"closed","template":"","meta":{"footnotes":""},"class_list":["post-1601","page","type-page","status-publish","hentry"],"aioseo_notices":[],"_links":{"self":[{"href":"https:\/\/www.gerriets-acoustics.com\/fr\/wp-json\/wp\/v2\/pages\/1601","targetHints":{"allow":["GET"]}}],"collection":[{"href":"https:\/\/www.gerriets-acoustics.com\/fr\/wp-json\/wp\/v2\/pages"}],"about":[{"href":"https:\/\/www.gerriets-acoustics.com\/fr\/wp-json\/wp\/v2\/types\/page"}],"author":[{"embeddable":true,"href":"https:\/\/www.gerriets-acoustics.com\/fr\/wp-json\/wp\/v2\/users\/1"}],"replies":[{"embeddable":true,"href":"https:\/\/www.gerriets-acoustics.com\/fr\/wp-json\/wp\/v2\/comments?post=1601"}],"version-history":[{"count":0,"href":"https:\/\/www.gerriets-acoustics.com\/fr\/wp-json\/wp\/v2\/pages\/1601\/revisions"}],"wp:attachment":[{"href":"https:\/\/www.gerriets-acoustics.com\/fr\/wp-json\/wp\/v2\/media?parent=1601"}],"curies":[{"name":"wp","href":"https:\/\/api.w.org\/{rel}","templated":true}]}}