{"id":4021,"date":"2019-11-15T10:24:22","date_gmt":"2019-11-15T09:24:22","guid":{"rendered":"https:\/\/gerriets2021.webproofed.de\/de\/?page_id=4021"},"modified":"2025-06-16T14:01:33","modified_gmt":"2025-06-16T12:01:33","slug":"technische-daten","status":"publish","type":"page","link":"https:\/\/www.gerriets-acoustics.com\/fr\/donnees-techniques\/","title":{"rendered":"T\u00e9l\u00e9chargements"},"content":{"rendered":"<section class=\"wpb-content-wrapper\"><section id=\"pdf\" class=\"vc_section agni-section\"><div id=\"agni-row-12375\" class=\"section-row\" ><div class=\"section-row-bg-container section-row-bg-container-agni-row-12375\"><div class=\"section-row-bg section-row-bg-color\"  ><\/div><\/div><div class=\"container\"><div class=\"vc_row vc_row_fluid\"><div id=\"agni-column-32000\" class=\"wpb_column agni_column_container agni_column vc_column_container vc_col-sm-12\"><div class=\"agni_column-inner vc_column-inner text-left\"  ><div class=\"section-column-bg-container section-column-bg-container-agni-column-32000\" ><div class=\"section-column-bg section-column-bg-color\"  ><\/div><\/div><div class=\"wpb_wrapper\">\n\t<div id=\"\" class=\"agni_text_column agni-text-block\"  >\n\t\t<p style=\"text-align: right;\"><span style=\"font-size: 10pt;\">Mus\u00e9e d'art Chazen Madison, Wisconsin \/ USA, design : Petra Blaisse Inside Outside<\/span><\/p>\n\n\t<\/div>\n<div class=\"agni_empty_space vc_empty_space\"  style=\"height: 80px\" data-height = \"80px\" data-height-tab = \"80px\" data-height-mobile = \"80px\"><span class=\"vc_empty_space_inner\"><\/span><\/div>\n<\/div><\/div><\/div><\/div><\/div><\/div><div id=\"kataloge\" class=\"section-row\" ><div class=\"section-row-bg-container section-row-bg-container-kataloge\"><div class=\"section-row-bg section-row-bg-color\"  ><\/div><\/div><div class=\"container\"><div class=\"vc_row vc_row_fluid\"><div id=\"agni-column-36969\" class=\"wpb_column agni_column_container agni_column vc_column_container vc_col-sm-6\"><div class=\"agni_column-inner vc_column-inner text-left\"  ><div class=\"section-column-bg-container section-column-bg-container-agni-column-36969\" ><div class=\"section-column-bg section-column-bg-color\"  ><\/div><\/div><div class=\"wpb_wrapper\">\n\t<div id=\"\" class=\"agni_text_column agni-text-block\"  >\n\t\t<p>Pour en savoir plus sur notre gamme de produits, nous vous invitons \u00e0 consulter et \u00e0 t\u00e9l\u00e9charger ci-dessous nos collections Textile, Screens &amp; Acoustic, nos plaquettes techniques ainsi que nos brochures Gerriets Solutions.<\/p>\n\n\t<\/div>\n\n\t<div id=\"\" class=\"agni_text_column agni-text-block\"  >\n\t\t<p><strong>Remarque :<\/strong><\/p>\n\n\t<\/div>\n<ul class=\"list\">\n<li><i class=\"fa fa-file-pdf-o\" style=\"color:\"><\/i><span style=\"color: #999999;\"><a style=\"color: #999999;\" href=\"https:\/\/www.gerriets-acoustics.com\/wp-content\/uploads\/2022\/06\/gerriets-information-beschraenkte-garantie-digitaler-daten.pdf\" target=\"_blank\" rel=\"noopener\">Fiche d'information relative \u00e0 la limitation de responsabilit\u00e9 concernant les donn\u00e9es num\u00e9riques (version allemande)<\/a><\/span><\/li>\n<li><i class=\"fa fa-file-pdf-o\" style=\"color:\"><\/i><span style=\"color: #999999;\"><a style=\"color: #999999;\" href=\"https:\/\/www.gerriets-acoustics.com\/wp-content\/uploads\/2022\/06\/gerriets-information-limited-warranty-digital-data.pdf\" target=\"_blank\" rel=\"noopener\">Fiche d'information relative \u00e0 la limitation de responsabilit\u00e9 concernant les donn\u00e9es num\u00e9riques (version anglaise)<\/a><\/span><\/li>\n<\/ul>\n<\/div><\/div><\/div><div id=\"agni-column-59188\" class=\"wpb_column agni_column_container agni_column vc_column_container vc_col-sm-6\"><div class=\"agni_column-inner vc_column-inner text-left\"  ><div class=\"section-column-bg-container section-column-bg-container-agni-column-59188\" ><div class=\"section-column-bg section-column-bg-color\"  ><\/div><\/div><div class=\"wpb_wrapper\"><div class=\"agni-button  text-center page-scroll\"><a class=\"btn btn-alt btn-lg btn-accent\" target=\"_blank\" href=\"https:\/\/www.gerriets-acoustics.com\/fr\/contact-fr-2\/\"  >Contact<\/a><\/div><\/div><\/div><\/div><\/div><\/div><\/div><div id=\"agni-row-87884\" class=\"section-row\" ><div class=\"section-row-bg-container section-row-bg-container-agni-row-87884\"><div class=\"section-row-bg section-row-bg-color\"  ><\/div><\/div><div class=\"container\"><div class=\"vc_row vc_row_fluid\"><div id=\"agni-column-86768\" class=\"wpb_column agni_column_container agni_column vc_column_container vc_col-sm-12\"><div class=\"agni_column-inner vc_column-inner text-left\"  ><div class=\"section-column-bg-container section-column-bg-container-agni-column-86768\" ><div class=\"section-column-bg section-column-bg-color\"  ><\/div><\/div><div class=\"wpb_wrapper\"><div class=\"agni_empty_space vc_empty_space\"  style=\"height: 40px\" data-height = \"40px\" data-height-tab = \"40px\" data-height-mobile = \"40px\"><span class=\"vc_empty_space_inner\"><\/span><\/div>\n<div class=\"agni_custom_heading page-scroll\" ><h6 class=\"vc_custom_heading agni_custom_heading_content\" style=\"text-align: left; \"><span>Brochures Gerriets Solutions<\/span><\/h6><\/div><\/div><\/div><\/div><div id=\"agni-column-45655\" class=\"wpb_column agni_column_container agni_column vc_column_container vc_col-sm-4\"><div class=\"agni_column-inner vc_column-inner text-left\"  ><div class=\"section-column-bg-container section-column-bg-container-agni-column-45655\" ><div class=\"section-column-bg section-column-bg-color\"  ><\/div><\/div><div class=\"wpb_wrapper\">\n\t<div id=\"\" class=\"agni_text_column agni-text-block\"  >\n\t\t<p>versions allemandes<\/p>\n\n\t<\/div>\n<ul class=\"list\">\n<li style=\"list-style-type: none;\">\n<ul class=\"list\">\n<li><i class=\"ion-ios-book-outline\" style=\"color:\"><\/i><a href=\"https:\/\/view.publitas.com\/gerriets-gmbh\/gerriets-de-acoustic-solutions\/page\/1\" target=\"_blank\" rel=\"noopener\">ACOUSTIC SOLUTIONS<\/a><\/li>\n<li><i class=\"ion-ios-book-outline\" style=\"color:\"><\/i><a href=\"https:\/\/view.publitas.com\/gerriets-gmbh\/gerriets-interior-acoustic-solutions-de\/page\/1\" target=\"_blank\" rel=\"noopener\">INTERIOR ACOUSTIC SOLUTIONS<\/a><\/li>\n<li><i class=\"ion-ios-book-outline\" style=\"color:\"><\/i><a href=\"https:\/\/view.publitas.com\/gerriets-gmbh\/gerriets-textile-solutions-de\/page\/1\" target=\"_blank\" rel=\"noopener\">TEXTILE SOLUTIONS<\/a><\/li>\n<li><i class=\"ion-ios-book-outline\" style=\"color:\"><\/i><a href=\"https:\/\/view.publitas.com\/gerriets-gmbh\/gerriets-technical-solutions-de\/page\/1\" target=\"_blank\" rel=\"noopener\">TECHNICAL SOLUTIONS<\/a><\/li>\n<li><i class=\"ion-ios-book-outline\" style=\"color:\"><\/i><a href=\"https:\/\/view.publitas.com\/gerriets-gmbh\/gerriets-de-flooring-solutions\/page\/1\" target=\"_blank\" rel=\"noopener\">FLOORING SOLUTIONS<\/a><\/li>\n<li><i class=\"ion-ios-book-outline\" style=\"color:\"><\/i><a href=\"https:\/\/view.publitas.com\/gerriets-gmbh\/gerriets-screen-solutions-de\/page\/1\" target=\"_blank\" rel=\"noopener\">SCREEN SOLUTIONS<\/a><\/li>\n<\/ul>\n<\/li>\n<\/ul>\n<\/div><\/div><\/div><div id=\"agni-column-85992\" class=\"wpb_column agni_column_container agni_column vc_column_container vc_col-sm-4\"><div class=\"agni_column-inner vc_column-inner text-left\"  ><div class=\"section-column-bg-container section-column-bg-container-agni-column-85992\" ><div class=\"section-column-bg section-column-bg-color\"  ><\/div><\/div><div class=\"wpb_wrapper\">\n\t<div id=\"\" class=\"agni_text_column agni-text-block\"  >\n\t\t<p>versions anglaises<\/p>\n\n\t<\/div>\n<ul class=\"list\">\n<li style=\"list-style-type: none;\">\n<ul class=\"list\">\n<li><i class=\"ion-ios-book-outline\" style=\"color:\"><\/i><a href=\"https:\/\/view.publitas.com\/gerriets-gmbh\/gerriets-acoustic-solutions-en\" target=\"_blank\" rel=\"noopener\">ACOUSTIC SOLUTIONS<\/a><\/li>\n<li><i class=\"ion-ios-book-outline\" style=\"color:\"><\/i><a href=\"https:\/\/view.publitas.com\/gerriets-gmbh\/gerriets-interior-acoustic-solutions-en\" target=\"_blank\" rel=\"noopener\">INTERIOR ACOUSTIC SOLUTIONS<\/a><\/li>\n<li><i class=\"ion-ios-book-outline\" style=\"color:\"><\/i><a href=\"https:\/\/view.publitas.com\/gerriets-gmbh\/gerriets-textile-solutions-en\" target=\"_blank\" rel=\"noopener\">TEXTILE SOLUTIONS<\/a><\/li>\n<li><i class=\"ion-ios-book-outline\" style=\"color:\"><\/i><a href=\"https:\/\/view.publitas.com\/gerriets-gmbh\/gerriets-technical-solutions-en\" target=\"_blank\" rel=\"noopener\">TECHNICAL SOLUTIONS<\/a><\/li>\n<li><i class=\"ion-ios-book-outline\" style=\"color:\"><\/i><a href=\"https:\/\/view.publitas.com\/gerriets-gmbh\/gerriets-flooring-solutions-en\" target=\"_blank\" rel=\"noopener\">FLOORING SOLUTIONS<\/a><\/li>\n<li><i class=\"ion-ios-book-outline\" style=\"color:\"><\/i><a href=\"https:\/\/view.publitas.com\/gerriets-gmbh\/gerriets-screen-solutions-en\" target=\"_blank\" rel=\"noopener\">SCREEN SOLUTIONS<\/a><\/li>\n<\/ul>\n<\/li>\n<\/ul>\n<\/div><\/div><\/div><div id=\"agni-column-82587\" class=\"wpb_column agni_column_container agni_column vc_column_container vc_col-sm-4\"><div class=\"agni_column-inner vc_column-inner text-left\"  ><div class=\"section-column-bg-container section-column-bg-container-agni-column-82587\" ><div class=\"section-column-bg section-column-bg-color\"  ><\/div><\/div><div class=\"wpb_wrapper\">\n\t<div id=\"\" class=\"agni_text_column agni-text-block\"  >\n\t\t<p>versions fran\u00e7aises<\/p>\n\n\t<\/div>\n<ul class=\"list\">\n<li><i class=\"ion-ios-book-outline\" style=\"color:\"><\/i><a href=\"https:\/\/view.publitas.com\/gerriets-gmbh\/gerriets-interior-acoustic-solutions-fr\" target=\"_blank\" rel=\"noopener\">INTERIOR ACOUSTIC SOLUTIONS<\/a><\/li>\n<li><i class=\"ion-ios-book-outline\" style=\"color:\"><\/i><a href=\"https:\/\/view.publitas.com\/gerriets-gmbh\/gerriets-flooring-solutions-fr\" target=\"_blank\" rel=\"noopener\">FLOORING SOLUTIONS<\/a><\/li>\n<\/ul>\n<\/div><\/div><\/div><\/div><\/div><\/div><div id=\"farbmuster\" class=\"section-row\" ><div class=\"section-row-bg-container section-row-bg-container-farbmuster\"><div class=\"section-row-bg section-row-bg-color\"  ><\/div><\/div><div class=\"container\"><div class=\"vc_row vc_row_fluid\"><div id=\"agni-column-12530\" class=\"wpb_column agni_column_container agni_column vc_column_container vc_col-sm-12\"><div class=\"agni_column-inner vc_column-inner text-left\"  ><div class=\"section-column-bg-container section-column-bg-container-agni-column-12530\" ><div class=\"section-column-bg section-column-bg-color\"  ><\/div><\/div><div class=\"wpb_wrapper\"><div class=\"agni_empty_space vc_empty_space\"  style=\"height: 80px\" data-height = \"80px\" data-height-tab = \"80px\" data-height-mobile = \"80px\"><span class=\"vc_empty_space_inner\"><\/span><\/div>\n<div class=\"separator separator_center\" style=\"width:100%; \">\r\n\t\t\t\t\t<span class=\"sep_holder sep_holder_l\"><span style=\"border-top-style:solid; border-color:\" class=\"sep_line\"><\/span><\/span>\r\n\t\t\t\t\t<p >TEXTILES ACOUSTIQUES<\/p>\r\n\t\t\t\t\t<span class=\"sep_holder sep_holder_r\"><span style=\"border-top-style:solid; border-color:\" class=\"sep_line\"><\/span><\/span>\r\n\t\t\t\t<\/div><div class=\"agni_empty_space vc_empty_space\"  style=\"height: 40px\" data-height = \"40px\" data-height-tab = \"40px\" data-height-mobile = \"40px\"><span class=\"vc_empty_space_inner\"><\/span><\/div>\n<\/div><\/div><\/div><\/div><\/div><\/div><div id=\"agni-row-41477\" class=\"section-row\" ><div class=\"section-row-bg-container section-row-bg-container-agni-row-41477\"><div class=\"section-row-bg section-row-bg-color\"  ><\/div><\/div><div class=\"container\"><div class=\"vc_row vc_row_fluid\"><div id=\"agni-column-41334\" class=\"wpb_column agni_column_container agni_column vc_column_container vc_col-sm-12\"><div class=\"agni_column-inner vc_column-inner text-left\"  ><div class=\"section-column-bg-container section-column-bg-container-agni-column-41334\" ><div class=\"section-column-bg section-column-bg-color\"  ><\/div><\/div><div class=\"wpb_wrapper\"><div class=\"agni_custom_heading page-scroll\" ><h6 class=\"vc_custom_heading agni_custom_heading_content\" style=\"text-align: left; \"><span>INTERIOR ACOUSTICS COLLECTION<\/span><\/h6><\/div><div class=\"agni_empty_space vc_empty_space\"  style=\"height: 20px\" data-height = \"20px\" data-height-tab = \"20px\" data-height-mobile = \"20px\"><span class=\"vc_empty_space_inner\"><\/span><\/div>\n<div id=\"agni-row-inner-34957\" class=\"section-row-inner vc_inner\" ><div class=\"section-row-inner-bg-container section-row-inner-bg-container-agni-row-inner-34957\"><div class=\"section-row-inner-bg section-row-inner-bg-color\"  ><\/div><\/div><div class=\"vc_row vc_row_fluid\"><div class=\"wpb_column agni_column_container vc_column_container vc_col-sm-3\"><div class=\"section-column-bg-container section-column-bg-container-agni-column-76924\"><div class=\"section-column-inner-bg section-column-inner-bg-color\"  ><\/div><\/div><div class=\"agni_column-inner vc_column-inner text-left\" ><div class=\"wpb_wrapper\"><ul class=\"list\">\n<li><i class=\"ion-android-color-palette\" style=\"color:#757575\"><\/i><a href=\"https:\/\/view.publitas.com\/gerriets-gmbh\/akustik-flora\" target=\"_blank\" rel=\"noopener\">FLORA<\/a><\/li>\n<li><i class=\"ion-android-color-palette\" style=\"color:#757575\"><\/i><a href=\"https:\/\/view.publitas.com\/gerriets-gmbh\/akustik-juno\" target=\"_blank\" rel=\"noopener\">JUNO<\/a><\/li>\n<li><i class=\"ion-android-color-palette\" style=\"color:#757575\"><\/i><a href=\"https:\/\/view.publitas.com\/gerriets-gmbh\/akustik-minerva\" target=\"_blank\" rel=\"noopener\">MINERVA<\/a><\/li>\n<li><i class=\"ion-android-color-palette\" style=\"color:#757575\"><\/i><a href=\"https:\/\/view.publitas.com\/gerriets-gmbh\/akustik-woolserge-melange\/page\/1\" target=\"_blank\" rel=\"noopener\">WOOLSERGE MELANGE<\/a><\/li>\n<\/ul>\n<\/div><\/div><\/div><div class=\"wpb_column agni_column_container vc_column_container vc_col-sm-3\"><div class=\"section-column-bg-container section-column-bg-container-agni-column-54980\"><div class=\"section-column-inner-bg section-column-inner-bg-color\"  ><\/div><\/div><div class=\"agni_column-inner vc_column-inner text-left\" ><div class=\"wpb_wrapper\"><ul class=\"list\">\n<li><i class=\"ion-android-color-palette\" style=\"color:#757575\"><\/i><a href=\"https:\/\/view.publitas.com\/gerriets-gmbh\/akustik-woolserge-office\" target=\"_blank\" rel=\"noopener\">WOOLSERGE OFFICE M1<\/a><\/li>\n<li><i class=\"ion-android-color-palette\" style=\"color:#757575\"><\/i><a href=\"https:\/\/view.publitas.com\/gerriets-gmbh\/akustik-alicante\" target=\"_blank\" rel=\"noopener\">ALICANTE<\/a><\/li>\n<li><i class=\"ion-android-color-palette\" style=\"color:#757575\"><\/i><a href=\"https:\/\/view.publitas.com\/gerriets-gmbh\/akustik-terra\" target=\"_blank\" rel=\"noopener\">TERRA<\/a><\/li>\n<\/ul>\n<\/div><\/div><\/div><div class=\"wpb_column agni_column_container vc_column_container vc_col-sm-3\"><div class=\"section-column-bg-container section-column-bg-container-agni-column-17045\"><div class=\"section-column-inner-bg section-column-inner-bg-color\"  ><\/div><\/div><div class=\"agni_column-inner vc_column-inner text-left\" ><div class=\"wpb_wrapper\"><ul class=\"list\">\n<li><i class=\"ion-android-color-palette\" style=\"color:#757575\"><\/i><a href=\"https:\/\/view.publitas.com\/gerriets-gmbh\/akustik-satin-cs\" target=\"_blank\" rel=\"noopener\">SATIN CS<\/a><\/li>\n<li><i class=\"ion-android-color-palette\" style=\"color:#757575\"><\/i><a href=\"https:\/\/view.publitas.com\/gerriets-gmbh\/absorber-cs\" target=\"_blank\" rel=\"noopener\">ABSORBER CS<\/a><\/li>\n<li><i class=\"ion-android-color-palette\" style=\"color:#757575\"><\/i><a href=\"https:\/\/view.publitas.com\/gerriets-gmbh\/akustik-absorber-light\" target=\"_blank\" rel=\"noopener\">ABSORBER LIGHT<\/a><\/li>\n<\/ul>\n<\/div><\/div><\/div><div class=\"wpb_column agni_column_container vc_column_container vc_col-sm-3\"><div class=\"section-column-bg-container section-column-bg-container-agni-column-55040\"><div class=\"section-column-inner-bg section-column-inner-bg-color\"  ><\/div><\/div><div class=\"agni_column-inner vc_column-inner text-left\" ><div class=\"wpb_wrapper\"><ul class=\"list\">\n<li><i class=\"ion-android-color-palette\" style=\"color:#757575\"><\/i><a href=\"https:\/\/view.publitas.com\/gerriets-gmbh\/akustik-handgrip\" target=\"_blank\" rel=\"noopener\">HANDGRIP<\/a><\/li>\n<li><i class=\"ion-android-color-palette\" style=\"color:#757575\"><\/i><a href=\"https:\/\/view.publitas.com\/gerriets-gmbh\/akustik-vesta\" target=\"_blank\" rel=\"noopener\">VESTA<\/a><\/li>\n<\/ul>\n<\/div><\/div><\/div><\/div><\/div><\/div><\/div><\/div><\/div><\/div><\/div><div id=\"agni-row-57381\" class=\"section-row\" ><div class=\"section-row-bg-container section-row-bg-container-agni-row-57381\"><div class=\"section-row-bg section-row-bg-color\"  ><\/div><\/div><div class=\"container\"><div class=\"vc_row vc_row_fluid\"><div id=\"agni-column-89912\" class=\"wpb_column agni_column_container agni_column vc_column_container vc_col-sm-12\"><div class=\"agni_column-inner vc_column-inner text-left\"  ><div class=\"section-column-bg-container section-column-bg-container-agni-column-89912\" ><div class=\"section-column-bg section-column-bg-color\"  ><\/div><\/div><div class=\"wpb_wrapper\"><\/div><\/div><\/div><\/div><\/div><\/div><div id=\"montage\" class=\"section-row\" ><div class=\"section-row-bg-container section-row-bg-container-montage\"><div class=\"section-row-bg section-row-bg-color\"  ><\/div><\/div><div class=\"container\"><div class=\"vc_row vc_row_fluid\"><div id=\"agni-column-80362\" class=\"wpb_column agni_column_container agni_column vc_column_container vc_col-sm-12\"><div class=\"agni_column-inner vc_column-inner text-left\"  ><div class=\"section-column-bg-container section-column-bg-container-agni-column-80362\" ><div class=\"section-column-bg section-column-bg-color\"  ><\/div><\/div><div class=\"wpb_wrapper\"><div class=\"agni_empty_space vc_empty_space\"  style=\"height: 120px\" data-height = \"120px\" data-height-tab = \"120px\" data-height-mobile = \"120px\"><span class=\"vc_empty_space_inner\"><\/span><\/div>\n<div class=\"separator separator_center\" style=\"width:100%; \">\r\n\t\t\t\t\t<span class=\"sep_holder sep_holder_l\"><span style=\"border-top-style:solid; border-color:\" class=\"sep_line\"><\/span><\/span>\r\n\t\t\t\t\t<p >INSTRUCTIONS DE MONTAGE<\/p>\r\n\t\t\t\t\t<span class=\"sep_holder sep_holder_r\"><span style=\"border-top-style:solid; border-color:\" class=\"sep_line\"><\/span><\/span>\r\n\t\t\t\t<\/div><div class=\"agni_empty_space vc_empty_space\"  style=\"height: 40px\" data-height = \"40px\" data-height-tab = \"40px\" data-height-mobile = \"40px\"><span class=\"vc_empty_space_inner\"><\/span><\/div>\n<div id=\"agni-row-inner-51668\" class=\"section-row-inner vc_inner\" ><div class=\"section-row-inner-bg-container section-row-inner-bg-container-agni-row-inner-51668\"><div class=\"section-row-inner-bg section-row-inner-bg-color\"  ><\/div><\/div><div class=\"vc_row vc_row_fluid\"><div class=\"wpb_column agni_column_container vc_column_container vc_col-sm-12\"><div class=\"section-column-bg-container section-column-bg-container-agni-column-22711\"><div class=\"section-column-inner-bg section-column-inner-bg-color\"  ><\/div><\/div><div class=\"agni_column-inner vc_column-inner text-left\" ><div class=\"wpb_wrapper\"><div class=\"agni_empty_space vc_empty_space\"  style=\"height: 20px\" data-height = \"20px\" data-height-tab = \"20px\" data-height-mobile = \"20px\"><span class=\"vc_empty_space_inner\"><\/span><\/div>\n<div class=\"agni_custom_heading page-scroll\" ><h6 class=\"vc_custom_heading agni_custom_heading_content\" style=\"text-align: left; \"><span>Notice de montage<\/span><\/h6><\/div><div class=\"agni-button  text-left page-scroll\"><a class=\"btn btn-alt btn-accent\" target=\"_blank\" href=\"mailto:kernmarkt3@gerriets.com?subject=Anfrage%20Montage-%20und%20Bedienungsanleitungen\"  >Demander des instructions<\/a><\/div><\/div><\/div><\/div><\/div><\/div><\/div><\/div><\/div><\/div><\/div><\/div><div id=\"agni-row-93420\" class=\"section-row\" ><div class=\"section-row-bg-container section-row-bg-container-agni-row-93420\"><div class=\"section-row-bg section-row-bg-color\"  ><\/div><\/div><div class=\"container\"><div class=\"vc_row vc_row_fluid\"><div id=\"agni-column-54016\" class=\"wpb_column agni_column_container agni_column vc_column_container vc_col-sm-12\"><div class=\"agni_column-inner vc_column-inner text-left\"  ><div class=\"section-column-bg-container section-column-bg-container-agni-column-54016\" ><div class=\"section-column-bg section-column-bg-color\"  ><\/div><\/div><div class=\"wpb_wrapper\"><div class=\"agni_empty_space vc_empty_space\"  style=\"height: 160px\" data-height = \"160px\" data-height-tab = \"160px\" data-height-mobile = \"160px\"><span class=\"vc_empty_space_inner\"><\/span><\/div>\n<\/div><\/div><\/div><\/div><\/div><\/div><\/section>\n<\/section>","protected":false},"excerpt":{"rendered":"Chazen Museum of Art Madison, Wisconsin \/ USA, Design: Petra Blaisse Inside Outside Im Downloadbereich finden Sie alle relevanten Informationen sowie technischen Daten \u00fcber unsere Produkte, Kollektionen und Solutions in digitaler Form. Sollten Sie die jeweilige Printversion ben\u00f6tigen, wie beispielsweise von unserer Kollektion, dann setzen Sie sich gerne mit uns in Verbindung. Hinweis f\u00fcr den [...]","protected":false},"author":1,"featured_media":0,"parent":0,"menu_order":0,"comment_status":"closed","ping_status":"closed","template":"","meta":{"footnotes":""},"class_list":["post-4021","page","type-page","status-publish","hentry"],"aioseo_notices":[],"_links":{"self":[{"href":"https:\/\/www.gerriets-acoustics.com\/fr\/wp-json\/wp\/v2\/pages\/4021","targetHints":{"allow":["GET"]}}],"collection":[{"href":"https:\/\/www.gerriets-acoustics.com\/fr\/wp-json\/wp\/v2\/pages"}],"about":[{"href":"https:\/\/www.gerriets-acoustics.com\/fr\/wp-json\/wp\/v2\/types\/page"}],"author":[{"embeddable":true,"href":"https:\/\/www.gerriets-acoustics.com\/fr\/wp-json\/wp\/v2\/users\/1"}],"replies":[{"embeddable":true,"href":"https:\/\/www.gerriets-acoustics.com\/fr\/wp-json\/wp\/v2\/comments?post=4021"}],"version-history":[{"count":8,"href":"https:\/\/www.gerriets-acoustics.com\/fr\/wp-json\/wp\/v2\/pages\/4021\/revisions"}],"predecessor-version":[{"id":10797,"href":"https:\/\/www.gerriets-acoustics.com\/fr\/wp-json\/wp\/v2\/pages\/4021\/revisions\/10797"}],"wp:attachment":[{"href":"https:\/\/www.gerriets-acoustics.com\/fr\/wp-json\/wp\/v2\/media?parent=4021"}],"curies":[{"name":"wp","href":"https:\/\/api.w.org\/{rel}","templated":true}]}}