{"id":4800,"date":"2021-02-01T09:50:00","date_gmt":"2021-02-01T08:50:00","guid":{"rendered":"https:\/\/gerriets2021.webproofed.de\/?page_id=4800"},"modified":"2022-07-06T13:49:28","modified_gmt":"2022-07-06T11:49:28","slug":"planung-beratung","status":"publish","type":"page","link":"https:\/\/www.gerriets-acoustics.com\/fr\/planification-conseil\/","title":{"rendered":"Planification &amp; conseil"},"content":{"rendered":"<section class=\"wpb-content-wrapper\"><section class=\"vc_section agni-section vc_custom_1620818208852 vc_section-has-fill\"><\/section><div id=\"intro\" class=\"section-row\" ><div class=\"section-row-bg-container section-row-bg-container-intro\"><div class=\"section-row-bg section-row-bg-color  parallax\" style=\"background-color: #efefef; \" data-top-bottom=\"background-position: 0px 600px;\" data-center=\"background-position: 0px 0px\" data-bottom-top=\"background-position: 0px 0px\"><\/div><\/div><div class=\"container\"><div class=\"vc_row vc_row_fluid vc_row-o-equal-height vc_row-flex\"><div id=\"agni-column-16819\" class=\"wpb_column agni_column_container agni_column vc_column_container vc_col-sm-12 vc_col-md-5\"><div class=\"agni_column-inner vc_column-inner text-left\" style=\"padding-top: 100px; padding-bottom: 50px; \" ><div class=\"section-column-bg-container section-column-bg-container-agni-column-16819\" ><div class=\"section-column-bg section-column-bg-color\"  ><\/div><\/div><div class=\"wpb_wrapper\"><div class=\"agni_custom_heading page-scroll\" ><h6 class=\"vc_custom_heading agni_custom_heading_content\" style=\"text-align: center; \"><span>Un accompagnement personnalis\u00e9 depuis la phase d'avant-projet jusqu'au montage<\/span><\/h6><div class=\"divide-line text-center\"><span style=\"width:90px; height:1px; background-color:#020000\"><\/span><\/div><\/div>\n\t<div id=\"\" class=\"agni_text_column agni-text-block\"  style=\"padding-bottom: 15px; \">\n\t\t<p class=\"translation-block\">L'am\u00e9lioration de l'acoustique des espaces est un sujet complexe. Lors de la phase d'\u00e9tude, il est important de disposer de <strong>mesures acoustiques fiables<\/strong> et d'avoir la possibilit\u00e9 <strong>d'effectuer des relev\u00e9s parall\u00e8les<\/strong> pour pouvoir <strong>apporter un conseil personnalis\u00e9<\/strong>. Toutes les valeurs acoustiques pr\u00e9sent\u00e9es dans la brochure Interior Acoustic Solutions ont \u00e9t\u00e9 mesur\u00e9es par des laboratoires renomm\u00e9s. De ce fait, les propri\u00e9t\u00e9s acoustiques de la gamme de textiles acoustiques ont \u00e9t\u00e9 test\u00e9es et valid\u00e9es dans des conditions neutres.<\/p>\n<p><span style=\"color: #333333;\"><strong>Notre \u00e9quipe de professionnels de l'acoustique se tient \u00e0 votre disposition depuis la phase de conception de votre solution d'am\u00e9lioration acoustique jusqu'\u00e0 son installation sur site, pour que chaque projet soit un succ\u00e8s sur le plan acoustique !<br \/>\n<\/strong><\/span><\/p>\n<p>Vous avez des questions sur notre gamme de produits acoustiques ou sur nos prestations ? N'h\u00e9sitez pas \u00e0 nous contacter pour obtenir un conseil personnalis\u00e9. Vous pouvez nous joindre par t\u00e9l\u00e9phone au <strong>+49 7665 960-330<\/strong> ou par e-mail \u00e0 l'adresse <a href=\"mailto:acoustics@gerriets.com\" target=\"_blank\" rel=\"noopener\"><strong><span style=\"text-decoration: underline;\"><span style=\"color: #999999; text-decoration: underline;\">acoustics@gerriets.com<\/span><\/span><\/strong><\/a>.<\/p>\n\n\t<\/div>\n<div class=\"agni_empty_space vc_empty_space\"  style=\"height: 150px\" data-height = \"150px\" data-height-tab = \"30\" data-height-mobile = \"5\"><span class=\"vc_empty_space_inner\"><\/span><\/div>\n<\/div><\/div><\/div><div id=\"agni-column-19993\" class=\"wpb_column agni_column_container agni_column vc_column_container vc_col-sm-12 vc_col-md-offset-1 vc_col-md-6\"><div class=\"agni_column-inner vc_column-inner text-left\"  ><div class=\"section-column-bg-container section-column-bg-container-agni-column-19993 has-bg-edge\" data-bg-edge=\"right\"><div class=\"section-column-bg section-column-bg-image\" style=\"background-image: url('https:\/\/www.gerriets-acoustics.com\/wp-content\/uploads\/2022\/03\/1030032.jpg'); background-repeat:repeat; background-size:cover; background-position:center center; background-attachment:scroll; \" ><\/div><\/div><div class=\"wpb_wrapper\"><div class=\"agni_empty_space vc_empty_space\"  style=\"height: 32px\" data-height = \"32px\" data-height-tab = \"32px\" data-height-mobile = \"300px\"><span class=\"vc_empty_space_inner\"><\/span><\/div>\n<\/div><\/div><\/div><\/div><\/div><\/div><div id=\"agni-row-14543\" class=\"section-row\" ><div class=\"section-row-bg-container section-row-bg-container-agni-row-14543\"><div class=\"section-row-bg section-row-bg-color\" style=\"background-color: #efefef; \" ><\/div><\/div><div class=\"container\"><div class=\"vc_row vc_row_fluid vc_row-o-equal-height vc_row-flex\"><div id=\"agni-column-74580\" class=\"wpb_column agni_column_container agni_column vc_column_container vc_col-sm-12 vc_col-md-6 vc_hidden-sm vc_hidden-xs\"><div class=\"agni_column-inner vc_column-inner text-left\"  ><div class=\"section-column-bg-container section-column-bg-container-agni-column-74580 has-bg-edge\" data-bg-edge=\"left\"><div class=\"section-column-bg section-column-bg-image\" style=\"background-image: url('https:\/\/www.gerriets-acoustics.com\/wp-content\/uploads\/2017\/10\/2013-hallwangen-officevorhang-1.jpg'); background-repeat:repeat; background-size:cover; background-position:center center; background-attachment:scroll; background-color: #ffffff; \" ><\/div><\/div><div class=\"wpb_wrapper\"><div class=\"agni_empty_space vc_empty_space\"  style=\"height: 32px\" data-height = \"32px\" data-height-tab = \"32px\" data-height-mobile = \"300px\"><span class=\"vc_empty_space_inner\"><\/span><\/div>\n<\/div><\/div><\/div><div id=\"agni-column-48668\" class=\"wpb_column agni_column_container agni_column vc_column_container vc_col-sm-12 vc_col-md-offset-1 vc_col-md-5\"><div class=\"agni_column-inner vc_column-inner text-left\" style=\"padding-top: 40px; padding-bottom: 40px; \" ><div class=\"section-column-bg-container section-column-bg-container-agni-column-48668\" ><div class=\"section-column-bg section-column-bg-color\"  ><\/div><\/div><div class=\"wpb_wrapper\"><div class=\"agni_custom_heading page-scroll\" ><h6 class=\"vc_custom_heading agni_custom_heading_content translation-block\" style=\"text-align: center; \"><span>L'optimisation acoustique,<br>\nune valeur ajout\u00e9e pour les espaces de travail<\/span><\/h6><div class=\"divide-line text-center\"><span style=\"width:90px; height:1px; background-color:#020000\"><\/span><\/div><\/div>\n\t<div id=\"\" class=\"agni_text_column agni-text-block\"  >\n\t\t<p>La pollution sonore est n\u00e9faste, en particulier dans les espaces de travail. Le ph\u00e9nom\u00e8ne de \u00ab bruit \u00bb est d\u00e9fini en tant que son ind\u00e9sirable affectant la sant\u00e9 et la communication, tout en r\u00e9duisant la performance au travail. En effet, un niveau sonore \u00e9lev\u00e9 est un facteur de stress, pouvant lui-m\u00eame entra\u00eener l\u2019augmentation des fautes d\u2019inattention, c\u2019est pourquoi la ma\u00eetrise de l\u2019acoustique dans les bureaux est primordiale.<\/p>\n<p>Afin de diminuer le niveau de stress li\u00e9 \u00e0 la pollution sonore et ainsi pr\u00e9venir les probl\u00e8mes de sant\u00e9 \u00e0 long terme, l'acoustique doit \u00eatre prise en compte dans la conception des espaces de travail. Une installation acoustique appropri\u00e9e permet en effet d'augmenter \u00e0 la fois l'intelligibilit\u00e9 de la parole et de r\u00e9duire le niveau sonore.<\/p>\n<p class=\"translation-block\">La mise en place de solutions d'optimisation acoustique doit \u00eatre minutieusement pr\u00e9par\u00e9e et \u00e9valu\u00e9e par un professionnel. L\u2019acoustique \u00e9tant un domaine complexe, nous nous attachons \u00e0 vous apporter des solutions efficaces et personnalis\u00e9es. Pour vous guider dans votre projet, nous pouvons mettre \u00e0 votre disposition toutes les mesures acoustiques comme le temps de r\u00e9verb\u00e9ration ou encore le degr\u00e9 d\u2019absorption, d\u00e9fini par l\u2019indice d\u2019affaiblissement acoustique. Les donn\u00e9es fournies sont celles de laboratoires de tests reconnus pour leur discipline. Si certains \u00e9l\u00e9ments ne sont pas indiqu\u00e9s, nous sommes en mesure de d\u00e9terminer et v\u00e9rifier diverses valeurs dans notre <strong>propre laboratoire de mesure<\/strong>. Notre priorit\u00e9 est de vous accompagner depuis la phase d\u2019avant-projet et tout au long du processus d\u2019\u00e9tude.<\/p>\n\n\t<\/div>\n<div class=\"agni_empty_space vc_empty_space\"  style=\"height: 20px\" data-height = \"20px\" data-height-tab = \"50\" data-height-mobile = \"5\"><span class=\"vc_empty_space_inner\"><\/span><\/div>\n<div class=\"agni-image custom-image-container text-center\">\r\n\t\t\t<figure class=\"agni-image-figure\">\r\n\t\t\t\t<img loading=\"lazy\" decoding=\"async\" style=\"\" width=\"1024\" height=\"177\" src=\"https:\/\/www.gerriets-acoustics.com\/wp-content\/uploads\/2017\/08\/g-impedanzrohr-umkirch-207-freisteller-1024x177.png\" class=\"fullwidth-image attachment-large  attachment-large\" alt=\"Syst\u00e8me de mesure pour d\u00e9terminer le degr\u00e9 d&#039;absorption acoustique, le facteur de r\u00e9flexion et le rapport d&#039;imp\u00e9dance d&#039;\u00e9chantillons en laboratoire\" title=\"Tube d&#039;imp\u00e9dance pour d\u00e9terminer les valeurs de mesure acoustiques\" srcset=\"https:\/\/www.gerriets-acoustics.com\/wp-content\/uploads\/2017\/08\/g-impedanzrohr-umkirch-207-freisteller-1024x177.png 1024w, https:\/\/www.gerriets-acoustics.com\/wp-content\/uploads\/2017\/08\/g-impedanzrohr-umkirch-207-freisteller-300x52.png 300w, https:\/\/www.gerriets-acoustics.com\/wp-content\/uploads\/2017\/08\/g-impedanzrohr-umkirch-207-freisteller-768x133.png 768w, https:\/\/www.gerriets-acoustics.com\/wp-content\/uploads\/2017\/08\/g-impedanzrohr-umkirch-207-freisteller-960x166.png 960w\" sizes=\"auto, (max-width: 1024px) 100vw, 1024px\" \/>\r\n\t\t\t\t<figcaption class=\"vc_figure-caption\"><\/figcaption>\r\n\t\t\t<\/figure>\r\n\t\t<\/div>\n\t<div id=\"\" class=\"agni_text_column agni-text-block\"  >\n\t\t<p style=\"text-align: center;\">Tube d'imp\u00e9dance permettant de d\u00e9terminer les propri\u00e9t\u00e9s acoustiques des textiles<\/p>\n\n\t<\/div>\n<div class=\"agni_empty_space vc_empty_space\"  style=\"height: 50px\" data-height = \"50px\" data-height-tab = \"50\" data-height-mobile = \"5\"><span class=\"vc_empty_space_inner\"><\/span><\/div>\n<\/div><\/div><\/div><\/div><\/div><\/div><div id=\"agni-row-88323\" class=\"section-row\" ><div class=\"section-row-bg-container section-row-bg-container-agni-row-88323\"><div class=\"section-row-bg section-row-bg-color  parallax\" style=\"background-color: #efefef; \" data-top-bottom=\"background-position: 0px 600px;\" data-center=\"background-position: 0px 0px\" data-bottom-top=\"background-position: 0px 0px\"><\/div><\/div><div class=\"container\"><div class=\"vc_row vc_row_fluid vc_row-o-equal-height vc_row-flex\"><div id=\"agni-column-56783\" class=\"wpb_column agni_column_container agni_column vc_column_container vc_col-sm-12 vc_col-md-5\"><div class=\"agni_column-inner vc_column-inner text-left\" style=\"padding-top: 40px; padding-bottom: 40px; \" ><div class=\"section-column-bg-container section-column-bg-container-agni-column-56783\" ><div class=\"section-column-bg section-column-bg-color\" style=\"background-color: #efefef; \" ><\/div><\/div><div class=\"wpb_wrapper\"><div class=\"agni_custom_heading page-scroll\" ><h6 class=\"vc_custom_heading agni_custom_heading_content\" style=\"text-align: center; \"><span>R\u00e9duire le bruit dans les bureaux<\/span><\/h6><div class=\"divide-line text-center\"><span style=\"width:90px; height:1px; background-color:#020000\"><\/span><\/div><\/div>\n\t<div id=\"\" class=\"agni_text_column agni-text-block\"  >\n\t\t<p class=\"translation-block\">Contrairement au niveau de bruit enregistr\u00e9 dans les usines, celui des bureaux n\u2019est normalement pas nocif pour l\u2019oreille humaine. Cependant, l\u2019exposition permanente \u00e0 la pollution sonore des bureaux a des effets sur le corps et l\u2019esprit. L\u2019hormone du stress, la pression sanguine et le rythme cardiaque sont consid\u00e9rablement renforc\u00e9s par ce type de bruit. La loi recommande de r\u00e9duire au maximum le volume sonore sur le lieu de travail afin de favoriser la concentration et l\u2019intelligibilit\u00e9 des communications.<sup>1)<\/sup><\/p>\n\n\t<\/div>\n<div class=\"agni-image custom-image-container text-center\">\r\n\t\t\t<figure class=\"agni-image-figure\">\r\n\t\t\t\t<a href=\"\" class=\"custom-image\" target=\"_self\"><\/a>\r\n\t\t\t\t<figcaption class=\"vc_figure-caption\"><\/figcaption>\r\n\t\t\t<\/figure>\r\n\t\t<\/div>\n\t<div id=\"\" class=\"agni_text_column agni-text-block\"  >\n\t\t<p>Fr\u00e9quence d\u2019erreur dans le contexte d\u2019une activit\u00e9 administrative selon le niveau sonore <sup>2) 3)<\/sup><\/p>\n\n\t<\/div>\n<div class=\"agni-image custom-image-container text-center\">\r\n\t\t\t<figure class=\"agni-image-figure\">\r\n\t\t\t\t<a href=\"\" class=\"custom-image\" target=\"_self\"><\/a>\r\n\t\t\t\t<figcaption class=\"vc_figure-caption\"><\/figcaption>\r\n\t\t\t<\/figure>\r\n\t\t<\/div>\n\t<div id=\"\" class=\"agni_text_column agni-text-block\"  style=\"margin-top: 25px; \">\n\t\t<p>Efficacit\u00e9 du rendement (retour \/ temps requis) pour le traitement des t\u00e2ches administratives en fonction du niveau de bruit <sup>2) 3)<\/sup><\/p>\n\n\t<\/div>\n<div class=\"agni_empty_space vc_empty_space\"  style=\"height: 30px\" data-height = \"30px\" data-height-tab = \"50\" data-height-mobile = \"5\"><span class=\"vc_empty_space_inner\"><\/span><\/div>\n\n\t<div id=\"\" class=\"agni_text_column agni-text-block\"  >\n\t\t<p><sup>1) R\u00e9glementation du 12 ao\u00fbt 2004 (BGBl. I S. 2179), article 1V modifi\u00e9 le 30.11.2016 I 2681.<\/sup><br \/>\n<sup>2) Sch\u00f6npflug &amp; Schulz, 1979.<\/sup><br \/>\n<sup>3) L\u2019\u00e9valuation du bruit \u2013 espace de travail, Dortmund 1996, l\u2019Office f\u00e9d\u00e9ral pour la s\u00e9curit\u00e9 du travail et la m\u00e9decine du travail.<\/sup><\/p>\n\n\t<\/div>\n<div class=\"agni_empty_space vc_empty_space\"  style=\"height: 60px\" data-height = \"60px\" data-height-tab = \"50\" data-height-mobile = \"5\"><span class=\"vc_empty_space_inner\"><\/span><\/div>\n<\/div><\/div><\/div><div id=\"agni-column-80796\" class=\"wpb_column agni_column_container agni_column vc_column_container vc_col-sm-12 vc_col-md-offset-1 vc_col-md-6\"><div class=\"agni_column-inner vc_column-inner text-left\"  ><div class=\"section-column-bg-container section-column-bg-container-agni-column-80796 has-bg-edge\" data-bg-edge=\"right\"><div class=\"section-column-bg section-column-bg-image\" style=\"background-image: url('https:\/\/www.gerriets-acoustics.com\/wp-content\/uploads\/2022\/04\/g-Oberkirch-Haus-der-Ing-OFFICE-9520.jpg'); background-repeat:repeat; background-size:cover; background-position:center center; background-attachment:scroll; background-color: #ffffff; \" ><\/div><\/div><div class=\"wpb_wrapper\"><div class=\"agni_empty_space vc_empty_space\"  style=\"height: 32px\" data-height = \"32px\" data-height-tab = \"32px\" data-height-mobile = \"300px\"><span class=\"vc_empty_space_inner\"><\/span><\/div>\n<\/div><\/div><\/div><\/div><\/div><\/div>\n<\/section>","protected":false},"excerpt":{"rendered":"Optimale Betreuung im Planungsprozess Raumakustische Planung ist ein komplexes Thema. Wichtig bei der Planung sind zum einen verl\u00e4ssliche Messwerte, zum anderen die M\u00f6glichkeit begleitender Messungen und Beratung w\u00e4hrend des Bauprozesses. Alle Messwerte, die von Gerriets Interior Acoustic Solutions ver\u00f6ffentlicht werden, stammen von renommierten Messb\u00fcros. Alle hier vorgestellten Textilien werden auf ihre Wirksamkeit unter neutralen Bedingungen [...]","protected":false},"author":1,"featured_media":0,"parent":0,"menu_order":0,"comment_status":"closed","ping_status":"closed","template":"","meta":{"footnotes":""},"class_list":["post-4800","page","type-page","status-publish","hentry"],"aioseo_notices":[],"_links":{"self":[{"href":"https:\/\/www.gerriets-acoustics.com\/fr\/wp-json\/wp\/v2\/pages\/4800","targetHints":{"allow":["GET"]}}],"collection":[{"href":"https:\/\/www.gerriets-acoustics.com\/fr\/wp-json\/wp\/v2\/pages"}],"about":[{"href":"https:\/\/www.gerriets-acoustics.com\/fr\/wp-json\/wp\/v2\/types\/page"}],"author":[{"embeddable":true,"href":"https:\/\/www.gerriets-acoustics.com\/fr\/wp-json\/wp\/v2\/users\/1"}],"replies":[{"embeddable":true,"href":"https:\/\/www.gerriets-acoustics.com\/fr\/wp-json\/wp\/v2\/comments?post=4800"}],"version-history":[{"count":0,"href":"https:\/\/www.gerriets-acoustics.com\/fr\/wp-json\/wp\/v2\/pages\/4800\/revisions"}],"wp:attachment":[{"href":"https:\/\/www.gerriets-acoustics.com\/fr\/wp-json\/wp\/v2\/media?parent=4800"}],"curies":[{"name":"wp","href":"https:\/\/api.w.org\/{rel}","templated":true}]}}