{"id":5386,"date":"2021-02-18T11:30:09","date_gmt":"2021-02-18T10:30:09","guid":{"rendered":"https:\/\/gerriets2021.webproofed.de\/?page_id=5386"},"modified":"2025-03-17T16:33:58","modified_gmt":"2025-03-17T15:33:58","slug":"contact","status":"publish","type":"page","link":"https:\/\/www.gerriets-acoustics.com\/fr\/contact-fr-2-2\/","title":{"rendered":"Contact"},"content":{"rendered":"<section class=\"wpb-content-wrapper\"><div id=\"kontakt\" class=\"section-row kontakt\" ><div class=\"section-row-bg-container section-row-bg-container-kontakt\"><div class=\"section-row-bg section-row-bg-color\"  ><\/div><\/div><div class=\"container\"><div class=\"vc_row vc_row_fluid\"><div id=\"agni-column-32529\" class=\"wpb_column agni_column_container agni_column vc_column_container vc_col-sm-12\"><div class=\"agni_column-inner vc_column-inner text-left\"  ><div class=\"section-column-bg-container section-column-bg-container-agni-column-32529\" ><div class=\"section-column-bg section-column-bg-color\"  ><\/div><\/div><div class=\"wpb_wrapper\"><div class=\"agni_empty_space vc_empty_space\"  style=\"height: 52px\" data-height = \"52px\" data-height-tab = \"52px\" data-height-mobile = \"52px\"><span class=\"vc_empty_space_inner\"><\/span><\/div>\n<div class=\"agni_custom_heading page-scroll\" ><h5 class=\"vc_custom_heading agni_custom_heading_content\" style=\"text-align: center; \"><span>Nous sommes impatients de vous entendre<\/span><\/h5><\/div><div class=\"agni_empty_space vc_empty_space\"  style=\"height: 52px\" data-height = \"52px\" data-height-tab = \"52px\" data-height-mobile = \"52px\"><span class=\"vc_empty_space_inner\"><\/span><\/div>\n\n\t<div class=\"wpb_raw_code wpb_content_element wpb_raw_html\" >\n\t\t<div class=\"wpb_wrapper\">\n\t\t\t<style>\r\n\t#wpsl-stores .wpsl-store-thumb {height:45px !important; width:45px !important;}\r\n\t#wpsl-stores, #wpsl-direction-details, #wpsl-gmap {height:350px !important;}\r\n\t#wpsl-gmap .wpsl-info-window {max-width:225px !important;}\r\n\t.wpsl-input label, #wpsl-radius label, #wpsl-category label {width:95px;}\r\n\t#wpsl-search-input ,#wpsl-category .wpsl-dropdown {width:179px;}\r\n<\/style>\r\n<div id=\"wpsl-wrap\">\r\n\t<div class=\"wpsl-search wpsl-clearfix wpsl-filter\">\r\n\t\t<div id=\"wpsl-search-wrap\">\r\n\t\t\t<form autocomplete=\"off\" action=\"\">\r\n\t\t\t<div class=\"wpsl-input\">\r\n\t\t\t\t<div><label for=\"wpsl-search-input\">Votre emplacement<\/label><\/div>\r\n\t\t\t\t<input id=\"wpsl-search-input\" type=\"text\" value=\"\" name=\"wpsl-search-input\" placeholder=\"\" aria-required=\"true\" \/>\r\n\t\t\t<\/div>\r\n\t\t\t<div class=\"wpsl-select-wrap\">\r\n\t\t\t\t<div id=\"wpsl-radius\">\r\n\t\t\t\t\t<label for=\"wpsl-radius-dropdown\">Rayon de recherche<\/label>\r\n\t\t\t\t\t<select id=\"wpsl-radius-dropdown\" class=\"wpsl-dropdown\" name=\"wpsl-radius\">\r\n\t\t\t\t\t\t<option value=\"10\">10 km<\/option><option value=\"25\">25 km<\/option><option selected=\"selected\" value=\"50\">50 km<\/option><option value=\"100\">100 km<\/option><option value=\"200\">200 km<\/option><option value=\"500\">500 km<\/option>\r\n\t\t\t\t\t<\/select>\r\n\t\t\t\t<\/div>\r\n\t\t\t\t<div id=\"wpsl-results\">\r\n\t\t\t\t\t<label for=\"wpsl-results-dropdown\">R\u00e9sultats<\/label>\r\n\t\t\t\t\t<select id=\"wpsl-results-dropdown\" class=\"wpsl-dropdown\" name=\"wpsl-results\">\r\n\t\t\t\t\t\t<option selected=\"selected\" value=\"25\">25<\/option><option value=\"50\">50<\/option><option value=\"75\">75<\/option><option value=\"100\">100<\/option>\r\n\t\t\t\t\t<\/select>\r\n\t\t\t\t<\/div>\r\n\t\t\t<\/div>\r\n\t\t\t\t<div class=\"wpsl-search-btn-wrap\"><input id=\"wpsl-search-btn\" type=\"submit\" value=\"Rechercher\"><\/div>\r\n\t\t<input type=\"hidden\" name=\"trp-form-language\" value=\"fr\"\/><\/form>\r\n\t\t<\/div>\r\n\t<\/div>\r\n\t<div id=\"wpsl-gmap\" class=\"wpsl-gmap-canvas\"><\/div>\r\n\t<div id=\"wpsl-result-list\">\r\n\t\t<div id=\"wpsl-stores\" >\r\n\t\t\t<ul><\/ul>\r\n\t\t<\/div>\r\n\t\t<div id=\"wpsl-direction-details\">\r\n\t\t\t<ul><\/ul>\r\n\t\t<\/div>\r\n\t<\/div>\r\n<\/div>\r\n\n\t\t<\/div>\n\t<\/div>\n<div class=\"agni_empty_space vc_empty_space\"  style=\"height: 52px\" data-height = \"52px\" data-height-tab = \"52px\" data-height-mobile = \"52px\"><span class=\"vc_empty_space_inner\"><\/span><\/div>\n<\/div><\/div><\/div><\/div><\/div><\/div><div id=\"contact-form\" class=\"section-row contact-form\" ><div class=\"section-row-bg-container section-row-bg-container-contact-form\"><div class=\"section-row-bg section-row-bg-image\"  ><\/div><\/div><div class=\"container-fluid\"><div class=\"vc_row vc_row_fluid has-fullwidth-column-no-padding vc_row-o-equal-height vc_row-flex\"><div id=\"agni-column-90870\" class=\"wpb_column agni_column_container agni_column vc_column_container vc_col-sm-12 vc_col-md-6\"><div class=\"agni_column-inner vc_column-inner text-left\" style=\"padding-top: 25px; padding-right: 5%; padding-bottom: 25px; padding-left: 5%; \" ><div class=\"section-column-bg-container section-column-bg-container-agni-column-90870\" ><div class=\"section-column-bg section-column-bg-color\"  ><\/div><\/div><div class=\"wpb_wrapper\"><div id=\"agni-row-inner-37499\" class=\"section-row-inner vc_inner\" ><div class=\"section-row-inner-bg-container section-row-inner-bg-container-agni-row-inner-37499\"><div class=\"section-row-inner-bg section-row-inner-bg-color\"  ><\/div><\/div><div class=\"vc_row vc_row_fluid\"><div class=\"wpb_column agni_column_container vc_column_container vc_col-sm-10 vc_col-lg-offset-2 vc_col-lg-8 vc_col-md-offset-1 vc_col-md-10 vc_col-sm-offset-1\"><div class=\"section-column-bg-container section-column-bg-container-agni-column-56439\"><div class=\"section-column-inner-bg section-column-inner-bg-color\"  ><\/div><\/div><div class=\"agni_column-inner vc_column-inner text-left\" ><div class=\"wpb_wrapper\"><div class=\"agni_custom_heading page-scroll\" ><h6 class=\"vc_custom_heading agni_custom_heading_content\" style=\"text-align: left; \"><span>Envoyez-nous un message<\/span><\/h6><\/div>\n\t<div id=\"\" class=\"agni_text_column agni-text-block\"  >\n\t\t<p>Faites-nous savoir ce que vous pensez. Nous appr\u00e9cions vos commentaires, vos id\u00e9es et vos demandes.<\/p>\n\n\t<\/div>\n\n<div class=\"wpcf7 no-js\" id=\"wpcf7-f1669-o1\" lang=\"de-DE\" dir=\"ltr\" data-wpcf7-id=\"1669\">\n<div class=\"screen-reader-response\"><p role=\"status\" aria-live=\"polite\" aria-atomic=\"true\"><\/p> <ul><\/ul><\/div>\n<form action=\"\/fr\/wp-json\/wp\/v2\/pages\/5386#wpcf7-f1669-o1\" method=\"post\" class=\"wpcf7-form init\" aria-label=\"Formulaire de contact\" novalidate=\"novalidate\" data-status=\"init\" data-trp-original-action=\"\/fr\/wp-json\/wp\/v2\/pages\/5386#wpcf7-f1669-o1\">\n<fieldset class=\"hidden-fields-container\"><input type=\"hidden\" name=\"_wpcf7\" value=\"1669\" \/><input type=\"hidden\" name=\"_wpcf7_version\" value=\"6.1.5\" \/><input type=\"hidden\" name=\"_wpcf7_locale\" value=\"de_DE\" \/><input type=\"hidden\" name=\"_wpcf7_unit_tag\" value=\"wpcf7-f1669-o1\" \/><input type=\"hidden\" name=\"_wpcf7_container_post\" value=\"0\" \/><input type=\"hidden\" name=\"_wpcf7_posted_data_hash\" value=\"\" \/>\n<\/fieldset>\n<div class=\"row fortune-contact-form-style-2\">\n\t<div class=\"col-sm-12 col-md-12\">\n\t\t<p><label>Veuillez s\u00e9lectionner votre r\u00e9gion<\/label><span class=\"wpcf7-form-control-wrap\" data-name=\"email-empfaenger\"><select class=\"wpcf7-form-control wpcf7-select wpcf7-validates-as-required\" aria-required=\"true\" aria-invalid=\"false\" name=\"email-empfaenger\"><option value=\"EU\" selected=\"selected\">UE<\/option><option value=\"USA\">\u00c9TATS-UNIS<\/option><option value=\"Other\">Autres<\/option><\/select><\/span>\n\t\t<\/p>\n\t<\/div>\n\t<div class=\"col-sm-12 col-md-6\">\n\t\t<p><span class=\"wpcf7-form-control-wrap\" data-name=\"vorname\"><input size=\"40\" maxlength=\"400\" class=\"wpcf7-form-control wpcf7-text wpcf7-validates-as-required\" aria-required=\"true\" aria-invalid=\"false\" placeholder=\"Premier nom*\" value=\"\" type=\"text\" name=\"vorname\" \/><\/span>\n\t\t<\/p>\n\t<\/div>\n\t<div class=\"col-sm-12 col-md-6\">\n\t\t<p><span class=\"wpcf7-form-control-wrap\" data-name=\"your-name\"><input size=\"40\" maxlength=\"400\" class=\"wpcf7-form-control wpcf7-text wpcf7-validates-as-required\" aria-required=\"true\" aria-invalid=\"false\" placeholder=\"Nom*\" value=\"\" type=\"text\" name=\"your-name\" \/><\/span>\n\t\t<\/p>\n\t<\/div>\n\t<div class=\"col-sm-12 col-md-12\">\n\t\t<p><span class=\"wpcf7-form-control-wrap\" data-name=\"firma\"><input size=\"40\" maxlength=\"400\" class=\"wpcf7-form-control wpcf7-text\" aria-invalid=\"false\" placeholder=\"Soci\u00e9t\u00e9\" value=\"\" type=\"text\" name=\"firma\" \/><\/span>\n\t\t<\/p>\n\t<\/div>\n\t<div class=\"col-sm-12 col-md-12\">\n\t\t<p><span class=\"wpcf7-form-control-wrap\" data-name=\"strasse\"><input size=\"40\" maxlength=\"400\" class=\"wpcf7-form-control wpcf7-text wpcf7-validates-as-required\" aria-required=\"true\" aria-invalid=\"false\" placeholder=\"Adresse de la rue\" value=\"\" type=\"text\" name=\"strasse\" \/><\/span>\n\t\t<\/p>\n\t<\/div>\n\t<div class=\"col-sm-4 col-md-4\">\n\t\t<p><span class=\"wpcf7-form-control-wrap\" data-name=\"zip\"><input size=\"40\" maxlength=\"400\" class=\"wpcf7-form-control wpcf7-text wpcf7-validates-as-required\" aria-required=\"true\" aria-invalid=\"false\" placeholder=\"ZIP* (FICHIER INFORMATIQUE)\" value=\"\" type=\"text\" name=\"zip\" \/><\/span>\n\t\t<\/p>\n\t<\/div>\n\t<div class=\"col-sm-8 col-md-8\">\n\t\t<p><span class=\"wpcf7-form-control-wrap\" data-name=\"ort\"><input size=\"40\" maxlength=\"400\" class=\"wpcf7-form-control wpcf7-text wpcf7-validates-as-required\" aria-required=\"true\" aria-invalid=\"false\" placeholder=\"Ville*\" value=\"\" type=\"text\" name=\"ort\" \/><\/span>\n\t\t<\/p>\n\t<\/div>\n\t<div class=\"col-sm-12 col-md-6\">\n\t\t<p><span class=\"wpcf7-form-control-wrap\" data-name=\"state\"><input size=\"40\" maxlength=\"400\" class=\"wpcf7-form-control wpcf7-text wpcf7-validates-as-required\" aria-required=\"true\" aria-invalid=\"false\" placeholder=\"\u00c9tat*\" value=\"\" type=\"text\" name=\"state\" \/><\/span>\n\t\t<\/p>\n\t<\/div>\n\t<div class=\"col-sm-12 col-md-6\">\n\t\t<p><span class=\"wpcf7-form-control-wrap\" data-name=\"land\"><input size=\"40\" maxlength=\"400\" class=\"wpcf7-form-control wpcf7-text wpcf7-validates-as-required\" aria-required=\"true\" aria-invalid=\"false\" placeholder=\"Pays*\" value=\"\" type=\"text\" name=\"land\" \/><\/span>\n\t\t<\/p>\n\t<\/div>\n\t<div class=\"col-sm-12 col-md-6\">\n\t\t<p><span class=\"wpcf7-form-control-wrap\" data-name=\"telefon\"><input size=\"40\" maxlength=\"400\" class=\"wpcf7-form-control wpcf7-text wpcf7-validates-as-required\" aria-required=\"true\" aria-invalid=\"false\" placeholder=\"T\u00e9l\u00e9phone*\" value=\"\" type=\"text\" name=\"telefon\" \/><\/span>\n\t\t<\/p>\n\t<\/div>\n\t<div class=\"col-sm-12 col-md-6\">\n\t\t<p><span class=\"wpcf7-form-control-wrap\" data-name=\"your-email\"><input size=\"40\" maxlength=\"400\" class=\"wpcf7-form-control wpcf7-email wpcf7-validates-as-required wpcf7-text wpcf7-validates-as-email\" aria-required=\"true\" aria-invalid=\"false\" placeholder=\"E-mail*\" value=\"\" type=\"email\" name=\"your-email\" \/><\/span>\n\t\t<\/p>\n\t<\/div>\n\t<div class=\"col-sm-12 col-md-12\">\n\t\t<p><span class=\"wpcf7-form-control-wrap\" data-name=\"subject\"><input size=\"40\" maxlength=\"400\" class=\"wpcf7-form-control wpcf7-text\" aria-invalid=\"false\" placeholder=\"Sujet\" value=\"\" type=\"text\" name=\"subject\" \/><\/span>\n\t\t<\/p>\n\t<\/div>\n\t<div class=\"col-sm-12 col-md-12\">\n\t\t<p><span class=\"wpcf7-form-control-wrap\" data-name=\"message\"><textarea cols=\"40\" rows=\"6\" maxlength=\"2000\" class=\"wpcf7-form-control wpcf7-textarea wpcf7-validates-as-required\" aria-required=\"true\" aria-invalid=\"false\" placeholder=\"Message*\" name=\"message\"><\/textarea><\/span>\n\t\t<\/p>\n\t<\/div>\n\t<p><span id=\"wpcf7-69ec7fc2e3db4-wrapper\" class=\"wpcf7-form-control-wrap honeypot-892-wrap\" style=\"display:none !important; visibility:hidden !important;\"><label for=\"wpcf7-69ec7fc2e3db4-field\" class=\"hp-message\">Veuillez laisser ce champ vide.<\/label><input id=\"wpcf7-69ec7fc2e3db4-field\"  class=\"wpcf7-form-control wpcf7-text\" type=\"text\" name=\"honeypot-892\" value=\"\" size=\"40\" tabindex=\"-1\" autocomplete=\"new-password\" \/><\/span>\n\t<\/p>\n\t<div class=\"col-sm-12 col-md-12\">\n\t\t<p><input class=\"wpcf7-form-control wpcf7-submit has-spinner btn-primary\" type=\"submit\" value=\"Envoyer\" \/>\n\t\t<\/p>\n\t<\/div>\n<\/div><div class=\"wpcf7-response-output\" aria-hidden=\"true\"><\/div>\n<input type=\"hidden\" name=\"trp-form-language\" value=\"fr\"\/><\/form>\n<\/div>\n<div class=\"agni_empty_space vc_empty_space\"  style=\"height: 80px\" data-height = \"80px\" data-height-tab = \"70\" data-height-mobile = \"25\"><span class=\"vc_empty_space_inner\"><\/span><\/div>\n<\/div><\/div><\/div><\/div><\/div><\/div><\/div><\/div><div id=\"agni-column-32292\" class=\"wpb_column agni_column_container agni_column vc_column_container vc_col-sm-12 vc_col-md-6\"><div class=\"agni_column-inner vc_column-inner text-left\" style=\"padding-top: 25px; padding-right: 5%; padding-bottom: 25px; padding-left: 5%; \" ><div class=\"section-column-bg-container section-column-bg-container-agni-column-32292\" ><div class=\"section-column-bg section-column-bg-color\"  ><\/div><\/div><div class=\"wpb_wrapper\"><div id=\"agni-row-inner-22028\" class=\"section-row-inner vc_inner\" ><div class=\"section-row-inner-bg-container section-row-inner-bg-container-agni-row-inner-22028\"><div class=\"section-row-inner-bg section-row-inner-bg-color\"  ><\/div><\/div><div class=\"vc_row vc_row_fluid\"><div class=\"wpb_column agni_column_container vc_column_container vc_col-sm-10\"><div class=\"section-column-bg-container section-column-bg-container-agni-column-87030\"><div class=\"section-column-inner-bg section-column-inner-bg-color\"  ><\/div><\/div><div class=\"agni_column-inner vc_column-inner text-left\" ><div class=\"wpb_wrapper\"><div class=\"wpb_gmaps_widget wpb_content_element\"><div class=\"wpb_wrapper\"><div class=\"wpb_map_wraper\"><iframe loading=\"lazy\" src=\"https:\/\/www.google.com\/maps\/embed?pb=!1m14!1m8!1m3!1d17945.695968762226!2d7.762062066753621!3d48.039908575001085!3m2!1i1024!2i768!4f13.1!3m3!1m2!1s0x0%3A0xfff312cf4b7d227f!2sGerriets%20GmbH!5e0!3m2!1sen!2sde!4v1613645475903!5m2!1sen!2sde\" width=\"600\" height=\"450\" frameborder=\"0\" style=\"border:0;\" allowfullscreen=\"\" aria-hidden=\"false\" tabindex=\"0\"><\/iframe><\/div><\/div><\/div><div class=\"agni_empty_space vc_empty_space\"  style=\"height: 32px\" data-height = \"32px\" data-height-tab = \"32px\" data-height-mobile = \"32px\"><span class=\"vc_empty_space_inner\"><\/span><\/div>\n<div class=\"wpb_gmaps_widget wpb_content_element\"><div class=\"wpb_wrapper\"><div class=\"wpb_map_wraper\"><iframe loading=\"lazy\" src=\"https:\/\/www.google.com\/maps\/embed?pb=!1m14!1m8!1m3!1d24354.89461242193!2d-74.757769!3d40.267712!3m2!1i1024!2i768!4f13.1!3m3!1m2!1s0x0%3A0xf86819cc69700544!2sGerriets%20International%20Inc!5e0!3m2!1sen!2sde!4v1613645399034!5m2!1sen!2sde\" width=\"600\" height=\"450\" frameborder=\"0\" style=\"border:0;\" allowfullscreen=\"\" aria-hidden=\"false\" tabindex=\"0\"><\/iframe><\/div><\/div><\/div><\/div><\/div><\/div><\/div><\/div><\/div><\/div><\/div><\/div><\/div><\/div><div id=\"contact-bar\" class=\"section-row contact-bar\" style=\"padding-top: 4%; padding-bottom: 4%; \"><div class=\"section-row-bg-container section-row-bg-container-contact-bar\"><div class=\"section-row-bg section-row-bg-image  parallax\" style=\"background-image: url(''); background-repeat:repeat; background-size:cover; background-position:center center; background-attachment:fixed; \" data-top-bottom=\"background-position: 0px -200px;\" data-center=\"background-position: 0px 0px\" data-bottom-top=\"background-position: 0px 200px\"><\/div><div class=\"section-row-bg-overlay overlay\" style=\"background-color:rgba(0,0,0,0.78);\"><\/div><\/div><div class=\"container\"><div class=\"vc_row vc_row_fluid\"><div id=\"agni-column-42438\" class=\"wpb_column agni_column_container agni_column vc_column_container vc_col-sm-6 vc_col-md-4\"><div class=\"agni_column-inner vc_column-inner text-center\" style=\"padding-top: 20px; \" ><div class=\"section-column-bg-container section-column-bg-container-agni-column-42438\" ><div class=\"section-column-bg section-column-bg-color\"  ><\/div><\/div><div class=\"wpb_wrapper\"><span class=\"agni-icon has-icon\" ><span class=\"agni-icon-container\" style=\"border-radius:50%; color:#4f62dd; \"><a href=\"mailto:acoustics@gerriets.com\" target=\"_self\"><i class=\"pe-7s-mail-open\" style=\"font-size:36px; border-radius:50%; color:#ffffff; \"><\/i><\/a><\/span><\/span><div class=\"agni_custom_heading page-scroll\" ><div class=\"vc_custom_heading agni_custom_heading_content\" style=\"font-size: 22px;color: #ffffff;text-align: center; font-weight:600; letter-spacing:0px; padding-top: 5px; \"><span>Mail<\/span><\/div><\/div><div class=\"agni_custom_heading page-scroll\" ><p class=\"vc_custom_heading agni_custom_heading_content\" style=\"font-size: 18px;color: #ffffff;text-align: center; \"><span><a href=\"mailto:acoustics@gerriets.com\">acoustics@gerriets.com<\/a><\/span><\/p><\/div><\/div><\/div><\/div><div id=\"agni-column-97930\" class=\"wpb_column agni_column_container agni_column vc_column_container vc_col-sm-6 vc_col-md-4\"><div class=\"agni_column-inner vc_column-inner text-center\" style=\"padding-top: 20px; \" ><div class=\"section-column-bg-container section-column-bg-container-agni-column-97930\" ><div class=\"section-column-bg section-column-bg-color\"  ><\/div><\/div><div class=\"wpb_wrapper\"><span class=\"agni-icon has-icon\" ><span class=\"agni-icon-container\" style=\"border-radius:50%; color:#4f62dd; \"><i class=\"pe-7s-phone\" style=\"font-size:36px; border-radius:50%; color:#ffffff; \"><\/i><\/span><\/span><div class=\"agni_custom_heading page-scroll\" ><div class=\"vc_custom_heading agni_custom_heading_content\" style=\"font-size: 22px;color: #ffffff;text-align: center; font-weight:600; letter-spacing:0px; padding-top: 5px; \"><span>T\u00e9l\u00e9phone<\/span><\/div><\/div><div class=\"agni_custom_heading page-scroll\" ><p class=\"vc_custom_heading agni_custom_heading_content\" style=\"font-size: 18px;color: #ffffff;text-align: center; \"><span>+49 7665 960 270<\/span><\/p><\/div><\/div><\/div><\/div><div id=\"agni-column-25851\" class=\"wpb_column agni_column_container agni_column vc_column_container vc_col-sm-6 vc_col-md-4\"><div class=\"agni_column-inner vc_column-inner text-center\" style=\"padding-top: 20px; \" ><div class=\"section-column-bg-container section-column-bg-container-agni-column-25851\" ><div class=\"section-column-bg section-column-bg-color\"  ><\/div><\/div><div class=\"wpb_wrapper\"><span class=\"agni-icon has-icon\" ><span class=\"agni-icon-container\" style=\"border-radius:50%; color:#4f62dd; \"><i class=\"pe-7s-map-marker\" style=\"font-size:36px; border-radius:50%; color:#ffffff; \"><\/i><\/span><\/span><div class=\"agni_custom_heading page-scroll\" ><div class=\"vc_custom_heading agni_custom_heading_content\" style=\"font-size: 22px;color: #ffffff;text-align: center; font-weight:600; letter-spacing:0px; padding-top: 5px; \"><span>Adresse<\/span><\/div><\/div><div class=\"agni_custom_heading page-scroll\" ><p class=\"vc_custom_heading agni_custom_heading_content\" style=\"font-size: 18px;color: #ffffff;text-align: center; \"><span><a href=\"https:\/\/www.google.com\/maps\/dir\/\/48.0393453,7.7614506\/@48.039345,7.761451,17z?hl=de\" target=\"_blank\">Gerriets SARL, 7 Rue du Pourquoi Pas, <br> 68600 VOLGELSHEIM, France<\/a><\/span><\/p><\/div><\/div><\/div><\/div><\/div><\/div><\/div>\n<\/section>","protected":false},"excerpt":{"rendered":"We look forward to hearing from you Votre position Rayon de recherche 10 km25 km50 km100 km200 km500 km R\u00e9sultats 255075100 Envoyez-nous un message Faites-nous savoir ce que vous pensez. Nous appr\u00e9cions vos commentaires, vos id\u00e9es et vos demandes. Please select your regionEUUSAOther Veuillez laisser ce champ vide. E-Mailacoustics@gerriets.comTelefon+49 7665 960 270AdresseIm Kirchenh\u00fcrstle 5-7, D-79224 Umkirch","protected":false},"author":1,"featured_media":0,"parent":0,"menu_order":7,"comment_status":"closed","ping_status":"closed","template":"","meta":{"footnotes":""},"class_list":["post-5386","page","type-page","status-publish","hentry"],"aioseo_notices":[],"_links":{"self":[{"href":"https:\/\/www.gerriets-acoustics.com\/fr\/wp-json\/wp\/v2\/pages\/5386","targetHints":{"allow":["GET"]}}],"collection":[{"href":"https:\/\/www.gerriets-acoustics.com\/fr\/wp-json\/wp\/v2\/pages"}],"about":[{"href":"https:\/\/www.gerriets-acoustics.com\/fr\/wp-json\/wp\/v2\/types\/page"}],"author":[{"embeddable":true,"href":"https:\/\/www.gerriets-acoustics.com\/fr\/wp-json\/wp\/v2\/users\/1"}],"replies":[{"embeddable":true,"href":"https:\/\/www.gerriets-acoustics.com\/fr\/wp-json\/wp\/v2\/comments?post=5386"}],"version-history":[{"count":1,"href":"https:\/\/www.gerriets-acoustics.com\/fr\/wp-json\/wp\/v2\/pages\/5386\/revisions"}],"predecessor-version":[{"id":10739,"href":"https:\/\/www.gerriets-acoustics.com\/fr\/wp-json\/wp\/v2\/pages\/5386\/revisions\/10739"}],"wp:attachment":[{"href":"https:\/\/www.gerriets-acoustics.com\/fr\/wp-json\/wp\/v2\/media?parent=5386"}],"curies":[{"name":"wp","href":"https:\/\/api.w.org\/{rel}","templated":true}]}}