{"id":9753,"date":"2023-01-26T11:58:29","date_gmt":"2023-01-26T10:58:29","guid":{"rendered":"https:\/\/www.gerriets-acoustics.com\/?page_id=9753"},"modified":"2025-06-16T13:56:02","modified_gmt":"2025-06-16T11:56:02","slug":"open-space-buero","status":"publish","type":"page","link":"https:\/\/www.gerriets-acoustics.com\/fr\/planification-conseil\/espace-ouvert-buero\/","title":{"rendered":"Acoustique dans l'open space"},"content":{"rendered":"<section class=\"wpb-content-wrapper\"><section class=\"vc_section agni-section vc_custom_1674556576803 vc_section-has-fill\"><div id=\"intro\" class=\"section-row\" ><div class=\"section-row-bg-container section-row-bg-container-intro\"><div class=\"section-row-bg section-row-bg-color\" style=\"background-color: #ffffff; \" ><\/div><\/div><div class=\"container\"><div class=\"vc_row vc_row_fluid\"><div id=\"agni-column-75291\" class=\"wpb_column agni_column_container agni_column vc_column_container vc_col-sm-12\"><div class=\"agni_column-inner vc_column-inner text-left\"  ><div class=\"section-column-bg-container section-column-bg-container-agni-column-75291\" ><div class=\"section-column-bg section-column-bg-color\"  ><\/div><\/div><div class=\"wpb_wrapper\"><div class=\"agni_empty_space vc_empty_space\"  style=\"height: 32px\" data-height = \"32px\" data-height-tab = \"32px\" data-height-mobile = \"300px\"><span class=\"vc_empty_space_inner\"><\/span><\/div>\n<div class=\"agni_custom_heading page-scroll\" ><h1 class=\"vc_custom_heading agni_custom_heading_content\" style=\"font-size: 36px;text-align: center; \"><span>Planification acoustique de l'espace dans un bureau open space<\/span><\/h1><div class=\"divide-line text-center\"><span style=\"width:90px; height:1px; background-color:#020000\"><\/span><\/div><\/div>\n\t<div id=\"\" class=\"agni_text_column agni-text-block\"  style=\"padding-bottom: 15px; \">\n\t\t<p>Il est devenu incontournable dans le domaine des concepts de bureau modernes : le bureau open space. C'est surtout depuis la forte incursion de Corona que la notion de bureau dit \"open space\" prend de plus en plus d'importance. Le monde du travail a chang\u00e9 et, avec lui, les exigences envers le bon vieux bureau ouvert.<\/p>\n<p>Le c\u0153ur des bureaux modernes est souvent constitu\u00e9 d'une grande surface de bureau multi-espace, o\u00f9 diff\u00e9rents types de travail quotidien peuvent \u00eatre r\u00e9unis. Le grand avantage de ces bureaux ouverts est la r\u00e9duction des distances, la possibilit\u00e9 de communication ouverte et la repr\u00e9sentation d'une hi\u00e9rarchie plate gr\u00e2ce \u00e0 des moyens architecturaux ouverts.<\/p>\n\n\t<\/div>\n<div class=\"agni_empty_space vc_empty_space\"  style=\"height: 32px\" data-height = \"32px\" data-height-tab = \"32px\" data-height-mobile = \"300px\"><span class=\"vc_empty_space_inner\"><\/span><\/div>\n<\/div><\/div><\/div><\/div><\/div><\/div><\/section><div id=\"herausforderung\" class=\"section-row\" ><div class=\"section-row-bg-container section-row-bg-container-herausforderung\"><div class=\"section-row-bg section-row-bg-color  parallax\" style=\"background-color: #efefef; \" data-top-bottom=\"background-position: 0px 600px;\" data-center=\"background-position: 0px 0px\" data-bottom-top=\"background-position: 0px 0px\"><\/div><\/div><div class=\"container\"><div class=\"vc_row vc_row_fluid vc_row-o-equal-height vc_row-flex\"><div id=\"agni-column-74378\" class=\"wpb_column agni_column_container agni_column vc_column_container vc_col-sm-12 vc_col-md-5\"><div class=\"agni_column-inner vc_column-inner text-left\" style=\"padding-top: 100px; padding-bottom: 50px; \" ><div class=\"section-column-bg-container section-column-bg-container-agni-column-74378\" ><div class=\"section-column-bg section-column-bg-color\"  ><\/div><\/div><div class=\"wpb_wrapper\"><div class=\"agni_custom_heading page-scroll\" ><h2 class=\"vc_custom_heading agni_custom_heading_content\" style=\"font-size: 24px;text-align: center; \"><span>D\u00e9fi acoustique<br \/>\ndans le bureau ouvert<\/span><\/h2><div class=\"divide-line text-center\"><span style=\"width:90px; height:1px; background-color:#020000\"><\/span><\/div><\/div>\n\t<div id=\"\" class=\"agni_text_column agni-text-block\"  >\n\t\t<p>Cependant, m\u00eame s'il est agr\u00e9able de profiter de la flexibilit\u00e9 d'un concept de bureau ouvert, le th\u00e8me de l'acoustique pose plus souvent probl\u00e8me. En effet, si les avantages de la collaboration dans un bureau en open space sont positifs, la situation acoustique d'un tel espace multi-space sans s\u00e9paration acoustique des pi\u00e8ces s'av\u00e8re difficile.<\/p>\n<p>Un coll\u00e8gue t\u00e9l\u00e9phone bruyamment, le suivant tape extatiquement et, en arri\u00e8re-plan, on \u00e9change bri\u00e8vement les exp\u00e9riences du week-end. C'est formidable pour les relations entre coll\u00e8gues, mais ce n'est pas une situation acoustique optimale pour pouvoir travailler dans le New Work Office.<\/p>\n\n\t<\/div>\n<div class=\"agni_empty_space vc_empty_space\"  style=\"height: 150px\" data-height = \"150px\" data-height-tab = \"30\" data-height-mobile = \"5\"><span class=\"vc_empty_space_inner\"><\/span><\/div>\n<\/div><\/div><\/div><div id=\"agni-column-77192\" class=\"wpb_column agni_column_container agni_column vc_column_container vc_col-sm-12 vc_col-md-offset-1 vc_col-md-6\"><div class=\"agni_column-inner vc_column-inner text-left\"  ><div class=\"section-column-bg-container section-column-bg-container-agni-column-77192 has-bg-edge\" data-bg-edge=\"right\"><div class=\"section-column-bg section-column-bg-image\" style=\"background-image: url('https:\/\/www.gerriets-acoustics.com\/wp-content\/uploads\/2023\/01\/2022-Uster-CH-foryouandyourcustomers-Gerriets-Schallvorhang-02.jpg'); background-repeat:repeat; background-size:cover; background-position:left top; background-attachment:scroll; \" ><\/div><\/div><div class=\"wpb_wrapper\"><div class=\"agni_empty_space vc_empty_space\"  style=\"height: 32px\" data-height = \"32px\" data-height-tab = \"32px\" data-height-mobile = \"300px\"><span class=\"vc_empty_space_inner\"><\/span><\/div>\n<\/div><\/div><\/div><\/div><\/div><\/div><div id=\"agni-row-12406\" class=\"section-row\" ><div class=\"section-row-bg-container section-row-bg-container-agni-row-12406\"><div class=\"section-row-bg section-row-bg-color\" style=\"background-color: #efefef; \" ><\/div><\/div><div class=\"container\"><div class=\"vc_row vc_row_fluid vc_row-o-equal-height vc_row-flex\"><div id=\"agni-column-35429\" class=\"wpb_column agni_column_container agni_column vc_column_container vc_col-sm-12 vc_col-md-6 vc_hidden-sm vc_hidden-xs\"><div class=\"agni_column-inner vc_column-inner text-left\"  ><div class=\"section-column-bg-container section-column-bg-container-agni-column-35429 has-bg-edge\" data-bg-edge=\"left\"><div class=\"section-column-bg section-column-bg-image\" style=\"background-image: url('https:\/\/www.gerriets-acoustics.com\/wp-content\/uploads\/2023\/01\/2022-Stuttgart-Studio-Hans-SVO-6.jpg'); background-repeat:repeat; background-size:cover; background-position:center center; background-attachment:scroll; background-color: #ffffff; \" ><\/div><\/div><div class=\"wpb_wrapper\"><div class=\"agni_empty_space vc_empty_space\"  style=\"height: 32px\" data-height = \"32px\" data-height-tab = \"32px\" data-height-mobile = \"300px\"><span class=\"vc_empty_space_inner\"><\/span><\/div>\n<\/div><\/div><\/div><div id=\"agni-column-11529\" class=\"wpb_column agni_column_container agni_column vc_column_container vc_col-sm-12 vc_col-md-offset-1 vc_col-md-5\"><div class=\"agni_column-inner vc_column-inner text-left\" style=\"padding-top: 40px; padding-bottom: 40px; \" ><div class=\"section-column-bg-container section-column-bg-container-agni-column-11529\" ><div class=\"section-column-bg section-column-bg-color\"  ><\/div><\/div><div class=\"wpb_wrapper\"><div class=\"agni_custom_heading page-scroll\" ><h2 class=\"vc_custom_heading agni_custom_heading_content\" style=\"font-size: 24px;text-align: center; \"><span>Rideaux acoustiques dans le<br \/>\nBureau en open space<\/span><\/h2><div class=\"divide-line text-center\"><span style=\"width:90px; height:1px; background-color:#020000\"><\/span><\/div><\/div><div class=\"agni_empty_space vc_empty_space\"  style=\"height: 20px\" data-height = \"20px\" data-height-tab = \"50\" data-height-mobile = \"5\"><span class=\"vc_empty_space_inner\"><\/span><\/div>\n\n\t<div id=\"\" class=\"agni_text_column agni-text-block\"  >\n\t\t<p>En effet, nous ne serions pas des sp\u00e9cialistes de l'acoustique si nous n'avions pas de solution \u00e0 ce probl\u00e8me dans les bureaux en open space. C'est pourquoi nous proposons aux planificateurs de bureaux New Work nos <a href=\"https:\/\/www.gerriets-acoustics.com\/fr\/rideaux-insonorisants\/\">Rideaux acoustiques<\/a> permet d\u00e9sormais de r\u00e9aliser des espaces flexibles au sein du concept de bureau open space. Il est ainsi possible de cr\u00e9er une s\u00e9paration acoustique dans le bureau multi-espace, sans pour autant r\u00e9duire la l\u00e9g\u00e8ret\u00e9 de l'architecture ouverte.<\/p>\n<p>En s\u00e9parant par exemple temporairement les zones de r\u00e9union, les think tanks ou les zones de repos, il est possible de conserver l'ouverture de la surface du multi-space tout en cr\u00e9ant des zones de travail acoustiquement s\u00e9par\u00e9es pour une atmosph\u00e8re de travail concentr\u00e9e.<\/p>\n<p>Vous souhaitez convenir avec nous de votre solution d'insonorisation personnelle pour votre open space ou votre bureau multi-espace ? Prenez contact avec nous ici !<\/p>\n\n\t<\/div>\n<div class=\"agni-button  text-center page-scroll\"><a class=\"btn btn-alt btn-lg btn-accent\" target=\"_blank\" href=\"https:\/\/www.gerriets-acoustics.com\/fr\/contact-fr-2\/\"  >Contact<\/a><\/div><div class=\"agni_empty_space vc_empty_space\"  style=\"height: 32px\" data-height = \"32px\" data-height-tab = \"50\" data-height-mobile = \"5\"><span class=\"vc_empty_space_inner\"><\/span><\/div>\n<\/div><\/div><\/div><\/div><\/div><\/div><div id=\"agni-row-11005\" class=\"section-row\" ><div class=\"section-row-bg-container section-row-bg-container-agni-row-11005\"><div class=\"section-row-bg section-row-bg-color  parallax\" style=\"background-color: #efefef; \" data-top-bottom=\"background-position: 0px 600px;\" data-center=\"background-position: 0px 0px\" data-bottom-top=\"background-position: 0px 0px\"><\/div><\/div><div class=\"container\"><div class=\"vc_row vc_row_fluid vc_row-o-equal-height vc_row-flex\"><div id=\"agni-column-33834\" class=\"wpb_column agni_column_container agni_column vc_column_container vc_col-sm-12 vc_col-md-5\"><div class=\"agni_column-inner vc_column-inner text-left\" style=\"padding-top: 40px; padding-bottom: 40px; \" ><div class=\"section-column-bg-container section-column-bg-container-agni-column-33834\" ><div class=\"section-column-bg section-column-bg-color\" style=\"background-color: #efefef; \" ><\/div><\/div><div class=\"wpb_wrapper\"><div class=\"agni_custom_heading page-scroll\" ><h2 class=\"vc_custom_heading agni_custom_heading_content\" style=\"font-size: 24px;text-align: center; \"><span>Planification acoustique des bureaux pour le New Work Office<\/span><\/h2><div class=\"divide-line text-center\"><span style=\"width:90px; height:1px; background-color:#020000\"><\/span><\/div><\/div>\n\t<div id=\"\" class=\"agni_text_column agni-text-block\"  >\n\t\t<p>Bien planifi\u00e9, on travaille plus silencieusement. C'est pourquoi il convient d'examiner de plus pr\u00e8s la surface du bureau open space avant de l'\u00e9quiper. La planification actuelle des bureaux en termes d'acoustique spatiale se r\u00e9f\u00e8re souvent \u00e0 la norme ISO 22955 (Acoustic Quality in Open Plan Offices) pour le processus de planification des bureaux ouverts.<\/p>\n<p>Celle-ci divise un bureau open space en diff\u00e9rents types d'applications, qui peuvent ensuite \u00eatre s\u00e9par\u00e9es acoustiquement les unes des autres au moyen de solutions \"pi\u00e8ce dans la pi\u00e8ce\", d'un zonage variable, de cloisons mobiles et d'une r\u00e9partition bien pens\u00e9e de l'espace.<\/p>\n<p>Au sein de ces types (\"Space Types\"), les postes de travail New Work sont planifi\u00e9s soit en vue d'une communication entre eux, soit en vue d'un travail individuel concentr\u00e9. Des absorbeurs de bruit judicieusement plac\u00e9s dans le bureau en open space et, par exemple, des syst\u00e8mes d'\u00e9clairage flexibles peuvent aider. <a href=\"https:\/\/www.gerriets-acoustics.com\/fr\/planification-conseil\/rideau-acoustique\/\">Rideaux acoustiques<\/a>Les cloisons de s\u00e9paration sont utilis\u00e9es pour diviser le bureau en open space sur le plan acoustique.<\/p>\n\n\t<\/div>\n<div class=\"agni_empty_space vc_empty_space\"  style=\"height: 60px\" data-height = \"60px\" data-height-tab = \"50\" data-height-mobile = \"5\"><span class=\"vc_empty_space_inner\"><\/span><\/div>\n<\/div><\/div><\/div><div id=\"agni-column-57190\" class=\"wpb_column agni_column_container agni_column vc_column_container vc_col-sm-12 vc_col-md-offset-1 vc_col-md-6\"><div class=\"agni_column-inner vc_column-inner text-left\"  ><div class=\"section-column-bg-container section-column-bg-container-agni-column-57190 has-bg-edge\" data-bg-edge=\"right\"><div class=\"section-column-bg section-column-bg-image\" style=\"background-image: url('https:\/\/www.gerriets-acoustics.com\/wp-content\/uploads\/2023\/01\/2022-Stuttgart-Gerriets_Schallvorhang_OFFICE_Fraunhofer_Institut_-1.jpg'); background-repeat:repeat; background-size:cover; background-position:center center; background-attachment:scroll; background-color: #ffffff; \" ><\/div><\/div><div class=\"wpb_wrapper\"><div class=\"agni_empty_space vc_empty_space\"  style=\"height: 32px\" data-height = \"32px\" data-height-tab = \"32px\" data-height-mobile = \"300px\"><span class=\"vc_empty_space_inner\"><\/span><\/div>\n<\/div><\/div><\/div><\/div><\/div><\/div><div id=\"agni-row-71518\" class=\"section-row\" ><div class=\"section-row-bg-container section-row-bg-container-agni-row-71518\"><div class=\"section-row-bg section-row-bg-color\" style=\"background-color: #efefef; \" ><\/div><\/div><div class=\"container\"><div class=\"vc_row vc_row_fluid vc_row-o-equal-height vc_row-flex\"><div id=\"agni-column-45048\" class=\"wpb_column agni_column_container agni_column vc_column_container vc_col-sm-12 vc_col-md-6 vc_hidden-sm vc_hidden-xs\"><div class=\"agni_column-inner vc_column-inner text-left\"  ><div class=\"section-column-bg-container section-column-bg-container-agni-column-45048 has-bg-edge\" data-bg-edge=\"left\"><div class=\"section-column-bg section-column-bg-image\" style=\"background-image: url('https:\/\/www.gerriets-acoustics.com\/wp-content\/uploads\/2022\/03\/gw-2021-vitra-club-office-03.jpg'); background-repeat:repeat; background-size:cover; background-position:right top; background-attachment:scroll; background-color: #ffffff; \" ><\/div><\/div><div class=\"wpb_wrapper\"><div class=\"agni_empty_space vc_empty_space\"  style=\"height: 32px\" data-height = \"32px\" data-height-tab = \"32px\" data-height-mobile = \"300px\"><span class=\"vc_empty_space_inner\"><\/span><\/div>\n<\/div><\/div><\/div><div id=\"agni-column-30945\" class=\"wpb_column agni_column_container agni_column vc_column_container vc_col-sm-12 vc_col-md-offset-1 vc_col-md-5\"><div class=\"agni_column-inner vc_column-inner text-left\" style=\"padding-top: 40px; padding-bottom: 40px; \" ><div class=\"section-column-bg-container section-column-bg-container-agni-column-30945\" ><div class=\"section-column-bg section-column-bg-color\"  ><\/div><\/div><div class=\"wpb_wrapper\"><div class=\"agni_custom_heading page-scroll\" ><h2 class=\"vc_custom_heading agni_custom_heading_content\" style=\"font-size: 24px;text-align: center; \"><span>Vitra - un club office comme bureau open space<\/span><\/h2><div class=\"divide-line text-center\"><span style=\"width:90px; height:1px; background-color:#020000\"><\/span><\/div><\/div><div class=\"agni_empty_space vc_empty_space\"  style=\"height: 20px\" data-height = \"20px\" data-height-tab = \"50\" data-height-mobile = \"5\"><span class=\"vc_empty_space_inner\"><\/span><\/div>\n\n\t<div id=\"\" class=\"agni_text_column agni-text-block\"  >\n\t\t<p>Un exemple parfait d'un tel concept de bureau moderne en open space est le <a href=\"https:\/\/www.gerriets-acoustics.com\/fr\/portfolio\/vitra-club-office\/\" target=\"_blank\" rel=\"noopener\">Vitra Club Office<\/a> au si\u00e8ge de Vitra \u00e0 Birsfelden. Gerriets Interior Acoustic Solutions est fier d'offrir des rideaux absorbant le son (<a href=\"https:\/\/www.gerriets-acoustics.com\/fr\/interior-acoustic-collection\/textiles-transparents\/\" target=\"_blank\" rel=\"noopener\">ABSORBER LIGHT<\/a>), des rideaux insonorisants (<a href=\"https:\/\/www.gerriets-acoustics.com\/fr\/rideaux-insonorisants\/\" target=\"_blank\" rel=\"noopener\">RIDEAU ACOUSTIQUE BUREAU<\/a>) et des profil\u00e9s de rail sp\u00e9ciaux (<a href=\"https:\/\/www.gerriets-acoustics.com\/fr\/systemes-de-rails\/\" target=\"_blank\" rel=\"noopener\">Syst\u00e8me de rails STUDIO OFFICE<\/a>) d'\u00eatre repr\u00e9sent\u00e9s dans le projet.<\/p>\n<p>Gr\u00e2ce \u00e0 nos cloisons flexibles pour l'Open Space Office, le Vitra Club Office peut \u00eatre divis\u00e9 en une zone publique, une zone semi-publique et une zone priv\u00e9e. L'acoustique variable ainsi obtenue dans le bureau New Work permet d'approfondir les rencontres spontan\u00e9es dans le Vitra Club Office de mani\u00e8re semi-publique, tandis que les ateliers ou les vid\u00e9oconf\u00e9rences ont lieu dans la zone priv\u00e9e du bureau Open Space.<\/p>\n\n\t<\/div>\n<div class=\"agni_empty_space vc_empty_space\"  style=\"height: 50px\" data-height = \"50px\" data-height-tab = \"50\" data-height-mobile = \"5\"><span class=\"vc_empty_space_inner\"><\/span><\/div>\n<\/div><\/div><\/div><\/div><\/div><\/div><div id=\"agni-row-86542\" class=\"section-row\" ><div class=\"section-row-bg-container section-row-bg-container-agni-row-86542\"><div class=\"section-row-bg section-row-bg-color  parallax\" style=\"background-color: #efefef; \" data-top-bottom=\"background-position: 0px 600px;\" data-center=\"background-position: 0px 0px\" data-bottom-top=\"background-position: 0px 0px\"><\/div><\/div><div class=\"container\"><div class=\"vc_row vc_row_fluid vc_row-o-equal-height vc_row-flex\"><div id=\"agni-column-91382\" class=\"wpb_column agni_column_container agni_column vc_column_container vc_col-sm-12 vc_col-md-5\"><div class=\"agni_column-inner vc_column-inner text-left\" style=\"padding-top: 40px; padding-bottom: 40px; \" ><div class=\"section-column-bg-container section-column-bg-container-agni-column-91382\" ><div class=\"section-column-bg section-column-bg-color\" style=\"background-color: #efefef; \" ><\/div><\/div><div class=\"wpb_wrapper\"><div class=\"agni_custom_heading page-scroll\" ><h2 class=\"vc_custom_heading agni_custom_heading_content\" style=\"font-size: 24px;text-align: center; \"><span>S\u00e9parateurs d'espace flexibles et temporaires dans les bureaux en open space<\/span><\/h2><div class=\"divide-line text-center\"><span style=\"width:90px; height:1px; background-color:#020000\"><\/span><\/div><\/div>\n\t<div id=\"\" class=\"agni_text_column agni-text-block\"  >\n\t\t<p>La planification de l'espace acoustique dans un bureau open space doit donc toujours tenir compte des besoins d'utilisation respectifs des diff\u00e9rentes zones au sein d'un espace multispace. Une fois clairement d\u00e9finie, l'info peut \u00eatre utilis\u00e9e pour zoner fondamentalement l'espace du bureau open space.<\/p>\n<p>Des cloisons flexibles et temporaires permettent de cr\u00e9er des \u00eelots de r\u00e9union, des zones de d\u00e9tente ou des espaces dans l'espace au sein du bureau multi-espace. Associ\u00e9s \u00e0 des \u00e9l\u00e9ments acoustiques qui cr\u00e9ent une micro-architecture sur la surface du multi-espace, ils permettent de cr\u00e9er une atmosph\u00e8re de travail moderne et stimulante dans un bureau ouvert.<\/p>\n\n\t<\/div>\n<div class=\"agni_empty_space vc_empty_space\"  style=\"height: 60px\" data-height = \"60px\" data-height-tab = \"50\" data-height-mobile = \"5\"><span class=\"vc_empty_space_inner\"><\/span><\/div>\n<\/div><\/div><\/div><div id=\"agni-column-53079\" class=\"wpb_column agni_column_container agni_column vc_column_container vc_col-sm-12 vc_col-md-offset-1 vc_col-md-6\"><div class=\"agni_column-inner vc_column-inner text-left\"  ><div class=\"section-column-bg-container section-column-bg-container-agni-column-53079 has-bg-edge\" data-bg-edge=\"right\"><div class=\"section-column-bg section-column-bg-image\" style=\"background-image: url('https:\/\/www.gerriets-acoustics.com\/wp-content\/uploads\/2025\/04\/2025-Bad-Homburg-Mainmetall-SVO-10.jpg'); background-repeat:repeat; background-size:cover; background-position:center center; background-attachment:scroll; background-color: #ffffff; \" ><\/div><\/div><div class=\"wpb_wrapper\"><div class=\"agni_empty_space vc_empty_space\"  style=\"height: 32px\" data-height = \"32px\" data-height-tab = \"32px\" data-height-mobile = \"300px\"><span class=\"vc_empty_space_inner\"><\/span><\/div>\n<\/div><\/div><\/div><\/div><\/div><\/div><div id=\"agni-row-34236\" class=\"section-row\" ><div class=\"section-row-bg-container section-row-bg-container-agni-row-34236\"><div class=\"section-row-bg section-row-bg-color\" style=\"background-color: #efefef; \" ><\/div><\/div><div class=\"container\"><div class=\"vc_row vc_row_fluid vc_row-o-equal-height vc_row-flex\"><div id=\"agni-column-99023\" class=\"wpb_column agni_column_container agni_column vc_column_container vc_col-sm-12 vc_col-md-6 vc_hidden-sm vc_hidden-xs\"><div class=\"agni_column-inner vc_column-inner text-left\"  ><div class=\"section-column-bg-container section-column-bg-container-agni-column-99023 has-bg-edge\" data-bg-edge=\"left\"><div class=\"section-column-bg section-column-bg-image\" style=\"background-image: url('https:\/\/www.gerriets-acoustics.com\/wp-content\/uploads\/2023\/01\/2022-Gerriets-London-Vitra-Showroom-Tramshed-HR-1-curtains-05.jpg'); background-repeat:repeat; background-size:cover; background-position:left center; background-attachment:scroll; background-color: #ffffff; \" ><\/div><\/div><div class=\"wpb_wrapper\"><div class=\"agni_empty_space vc_empty_space\"  style=\"height: 32px\" data-height = \"32px\" data-height-tab = \"32px\" data-height-mobile = \"300px\"><span class=\"vc_empty_space_inner\"><\/span><\/div>\n<\/div><\/div><\/div><div id=\"agni-column-97924\" class=\"wpb_column agni_column_container agni_column vc_column_container vc_col-sm-12 vc_col-md-offset-1 vc_col-md-5\"><div class=\"agni_column-inner vc_column-inner text-left\" style=\"padding-top: 40px; padding-bottom: 40px; \" ><div class=\"section-column-bg-container section-column-bg-container-agni-column-97924\" ><div class=\"section-column-bg section-column-bg-color\"  ><\/div><\/div><div class=\"wpb_wrapper\"><div class=\"agni_custom_heading page-scroll\" ><h2 class=\"vc_custom_heading agni_custom_heading_content\" style=\"font-size: 24px;text-align: center; \"><span>Votre bureau New Work - nous sommes pr\u00e9sents de la planification \u00e0 l'installation<br \/>\n\u00e0 votre service<\/span><\/h2><div class=\"divide-line text-center\"><span style=\"width:90px; height:1px; background-color:#020000\"><\/span><\/div><\/div><div class=\"agni_empty_space vc_empty_space\"  style=\"height: 20px\" data-height = \"20px\" data-height-tab = \"50\" data-height-mobile = \"5\"><span class=\"vc_empty_space_inner\"><\/span><\/div>\n\n\t<div id=\"\" class=\"agni_text_column agni-text-block\"  >\n\t\t<p>Pour la planification acoustique des bureaux Multi Space, il est essentiel de disposer de valeurs de mesure fiables ainsi que de la possibilit\u00e9 d'accompagner les mesures et les conseils tout au long du processus de construction. C'est pourquoi nous sommes l\u00e0 pour vous, de l'id\u00e9e initiale \u00e0 la r\u00e9alisation finale : nous planifions, livrons et installons.<\/p>\n<p>Nous testons l'efficacit\u00e9 de tous les textiles utilis\u00e9s afin de trouver la combinaison optimale pour votre open space. Notre portefeuille de solutions d'insonorisation pour les bureaux New Work est si vari\u00e9 que nous pouvons vous proposer une variante personnalis\u00e9e. Vous \u00eates int\u00e9ress\u00e9 par une solution d'insonorisation de bureau optimis\u00e9e et flexible pour votre bureau multi-espace ?<\/p>\n<p>Alors laissez-nous vous parler sans engagement.<\/p>\n\n\t<\/div>\n<div class=\"agni_empty_space vc_empty_space\"  style=\"height: 50px\" data-height = \"50px\" data-height-tab = \"50\" data-height-mobile = \"5\"><span class=\"vc_empty_space_inner\"><\/span><\/div>\n<div class=\"agni-button  text-center page-scroll\"><a class=\"btn btn-alt btn-lg btn-accent\" target=\"_blank\" href=\"https:\/\/www.gerriets-acoustics.com\/fr\/contact-fr-2\/\"  >Prendre rendez-vous maintenant<\/a><\/div><div class=\"agni_empty_space vc_empty_space\"  style=\"height: 50px\" data-height = \"50px\" data-height-tab = \"50\" data-height-mobile = \"5\"><span class=\"vc_empty_space_inner\"><\/span><\/div>\n<\/div><\/div><\/div><\/div><\/div><\/div>\n<\/section>","protected":false},"excerpt":{"rendered":"Akustische Raumplanung im Open Space \u00adB\u00fcro Es ist aus dem Bereich der modernen B\u00fcrokonzepte nicht mehr wegzudenken: das Open Space B\u00fcro. Insbesondere seit dem starken Einschnitt durch Corona gewinnt der Begriff des sogenannten Open Space Office immer mehr an Bedeutung. Die Arbeitswelt hat sich ver\u00e4ndert und damit auch der Anspruch an das gute alte offene [...]","protected":false},"author":33,"featured_media":0,"parent":4800,"menu_order":0,"comment_status":"closed","ping_status":"closed","template":"","meta":{"footnotes":""},"class_list":["post-9753","page","type-page","status-publish","hentry"],"aioseo_notices":[],"_links":{"self":[{"href":"https:\/\/www.gerriets-acoustics.com\/fr\/wp-json\/wp\/v2\/pages\/9753","targetHints":{"allow":["GET"]}}],"collection":[{"href":"https:\/\/www.gerriets-acoustics.com\/fr\/wp-json\/wp\/v2\/pages"}],"about":[{"href":"https:\/\/www.gerriets-acoustics.com\/fr\/wp-json\/wp\/v2\/types\/page"}],"author":[{"embeddable":true,"href":"https:\/\/www.gerriets-acoustics.com\/fr\/wp-json\/wp\/v2\/users\/33"}],"replies":[{"embeddable":true,"href":"https:\/\/www.gerriets-acoustics.com\/fr\/wp-json\/wp\/v2\/comments?post=9753"}],"version-history":[{"count":3,"href":"https:\/\/www.gerriets-acoustics.com\/fr\/wp-json\/wp\/v2\/pages\/9753\/revisions"}],"predecessor-version":[{"id":10796,"href":"https:\/\/www.gerriets-acoustics.com\/fr\/wp-json\/wp\/v2\/pages\/9753\/revisions\/10796"}],"up":[{"embeddable":true,"href":"https:\/\/www.gerriets-acoustics.com\/fr\/wp-json\/wp\/v2\/pages\/4800"}],"wp:attachment":[{"href":"https:\/\/www.gerriets-acoustics.com\/fr\/wp-json\/wp\/v2\/media?parent=9753"}],"curies":[{"name":"wp","href":"https:\/\/api.w.org\/{rel}","templated":true}]}}