{"id":1830,"date":"2017-08-18T18:01:32","date_gmt":"2017-08-18T16:01:32","guid":{"rendered":"http:\/\/gerriets.webproofed.de\/?page_id=1830"},"modified":"2024-06-27T09:47:37","modified_gmt":"2024-06-27T07:47:37","slug":"schallschutzvorhaenge","status":"publish","type":"page","link":"https:\/\/www.gerriets-acoustics.com\/pl\/kurtyny-dzwiekoszczelne\/","title":{"rendered":"Kurtyny d\u017awi\u0119koszczelne"},"content":{"rendered":"<section class=\"wpb-content-wrapper\"><div id=\"intro\" class=\"section-row\" ><div class=\"section-row-bg-container section-row-bg-container-intro\"><div class=\"section-row-bg section-row-bg-color \"  ><\/div><\/div><div class=\"container\"><div class=\"vc_row vc_row_fluid \"><div id=\"agni-column-70639\" class=\"intro wpb_column agni_column_container agni_column vc_column_container vc_col-sm-12\"><div class=\"agni_column-inner vc_column-inner text-left\" style=\"margin-right: 50px; padding-top: 100px; padding-bottom: 50px; \" ><div class=\"section-column-bg-container section-column-bg-container-agni-column-70639 \" ><div class=\"section-column-bg section-column-bg-color \"  ><\/div><\/div><div class=\"wpb_wrapper\"><div class=\"agni_custom_heading page-scroll\" ><h4 class=\"vc_custom_heading agni_custom_heading_content \" style=\"text-align: center; \"><span>[SCHALLSCHUTZVORH\u00c4NGE]<\/span><\/h4><div class=\"divide-line text-center \"><span style=\"width:60px; height:1px; background-color:#000000\"><\/span><\/div><\/div><div class=\"agni_empty_space vc_empty_space\"  style=\"height: 60px\" data-height = \"60px\" data-height-tab = \"50\" data-height-mobile = \"5\"><span class=\"vc_empty_space_inner\"><\/span><\/div>\n\n\t<div id=\"\" class=\"agni_text_column agni-text-block \"  >\n\t\t<p>Ob es in modernen B\u00fcros um die akustische Trennung verschiedener Arbeitsbereiche oder um die Schaffung von Besprechungsinseln geht, die Gerriets Schallvorh\u00e4nge vereinen effektiven Schallschutz im B\u00fcro, Flexibilit\u00e4t, \u00c4sthetik und ansprechendes Design in idealer Weise.<\/p>\n<p>Mit unserem Schallvorhang OFFICE-System entstehen \u201cR\u00e4ume auf Knopfdruck\u201d. Sie m\u00f6chten Arbeitsbereiche flexibel trennen oder Besprechungsinseln schaffen, dann profitieren Sie von unserer breiten Palette an Konfigurationsm\u00f6glichkeiten: Wir konfektionieren Ihren Schallschutzvorhang individuell und nach Ihren W\u00fcnschen! Das patentierte Sichtfenster OFFICE WINDOW erm\u00f6glicht einen Sichtbezug nach au\u00dfen, perfekt integriert in den hochwertigen Akustikvorhang.<\/p>\n\n\t<\/div>\n<div class=\"agni_empty_space vc_empty_space\"  style=\"height: 10px\" data-height = \"10px\" data-height-tab = \"10px\" data-height-mobile = \"10px\"><span class=\"vc_empty_space_inner\"><\/span><\/div>\n<\/div><\/div><\/div><\/div><\/div><\/div><section class=\"vc_section agni-section\"><div id=\"agni-row-34049\" class=\"section-row\" ><div class=\"section-row-bg-container section-row-bg-container-agni-row-34049\"><div class=\"section-row-bg section-row-bg-color \"  ><\/div><\/div><div class=\"container\"><div class=\"vc_row vc_row_fluid \"><div id=\"agni-column-67277\" class=\"wpb_column agni_column_container agni_column vc_column_container vc_col-sm-6\"><div class=\"agni_column-inner vc_column-inner text-left\"  ><div class=\"section-column-bg-container section-column-bg-container-agni-column-67277 \" ><div class=\"section-column-bg section-column-bg-color \"  ><\/div><\/div><div class=\"wpb_wrapper\"><div class=\"agni_custom_heading page-scroll\" ><h4 class=\"vc_custom_heading agni_custom_heading_content \" style=\"text-align: center; \"><span><a href=\"https:\/\/www.gerriets-acoustics.com\/schallschutzvorhaenge\/schallvorhang-office\/\" title=\"Schallvorhang OFFICE\">Schallvorhang<br \/>\nOFFICE<\/a><\/span><\/h4><\/div><div class=\" agni-image custom-image-container text-left\">\r\n\t\t\t<figure class=\"agni-image-figure\">\r\n\t\t\t\t<a href=\"https:\/\/www.gerriets-acoustics.com\/schallschutz\/schallvorhang-office\/\"  target=\"_self\"><img loading=\"lazy\" decoding=\"async\" style=\"\" class=\"fullwidth-image attachment-640x640  \" src=\"https:\/\/www.gerriets-acoustics.com\/wp-content\/uploads\/2022\/04\/g-Oberkirch-Haus-der-Ing-OFFICE-9520-640x640.jpg\" width=\"640\" height=\"640\" alt=\"Akustikvorh\u00e4nge f\u00fcr B\u00fcro mit offener Galerie\" title=\"Schallvorhang OFFICE, M\u00fcller + Huber Architekturb\u00fcro Oberkirch\" \/><\/a>\r\n\t\t\t\t<figcaption class=\"vc_figure-caption\"><\/figcaption>\r\n\t\t\t<\/figure>\r\n\t\t<\/div><div class=\"agni_custom_heading page-scroll\" ><h6 class=\"vc_custom_heading agni_custom_heading_content \" style=\"text-align: center; \"><span><a href=\"https:\/\/www.gerriets-acoustics.com\/schallschutzvorhaenge\/schallvorhang-office\/\" title=\"Schallvorhang OFFICE\">R\u00e4ume auf Knopfdruck.<br \/>\nFlexible Zonierung.<br \/>\nSchalld\u00e4mmung von 11 bis 26 dB.<\/a><\/span><\/h6><\/div><\/div><\/div><\/div><div id=\"agni-column-88696\" class=\"wpb_column agni_column_container agni_column vc_column_container vc_col-sm-6\"><div class=\"agni_column-inner vc_column-inner text-left\"  ><div class=\"section-column-bg-container section-column-bg-container-agni-column-88696 \" ><div class=\"section-column-bg section-column-bg-color \"  ><\/div><\/div><div class=\"wpb_wrapper\"><div class=\"agni_custom_heading page-scroll\" ><h4 class=\"vc_custom_heading agni_custom_heading_content \" style=\"text-align: center; \"><span><a href=\"https:\/\/www.gerriets-acoustics.com\/schallschutzvorhaenge\/schallvorhang-office-window\/\" title=\"Schallvorhang OFFICE WINDOW\">Schallvorhang<br \/>\nOFFICE WINDOW<\/a><\/span><\/h4><\/div><div class=\" agni-image custom-image-container text-left\">\r\n\t\t\t<figure class=\"agni-image-figure\">\r\n\t\t\t\t<a href=\"https:\/\/www.gerriets-acoustics.com\/schallschutz\/schallvorhang-office-window\/\"  target=\"_self\"><img loading=\"lazy\" decoding=\"async\" style=\"\" class=\"fullwidth-image attachment-640x640  \" src=\"https:\/\/www.gerriets-acoustics.com\/wp-content\/uploads\/2018\/10\/Gerriets_Schallvorhang_Orgatec_Akustikvorhang-640x640.jpg\" width=\"640\" height=\"640\" alt=\"Messestand Gerriets mit Akustikvorhang und Farbmuster, ORGATEC 2018 in K\u00f6ln\" title=\"Schallvorhang OFFICE WINDOW am Gerriets Messestand, ORGATEC K\u00f6ln\" \/><\/a>\r\n\t\t\t\t<figcaption class=\"vc_figure-caption\"><\/figcaption>\r\n\t\t\t<\/figure>\r\n\t\t<\/div><div class=\"agni_custom_heading page-scroll\" ><h6 class=\"vc_custom_heading agni_custom_heading_content \" style=\"text-align: center; \"><span><a href=\"https:\/\/www.gerriets-acoustics.com\/schallschutzvorhaenge\/schallvorhang-office-window\/\" title=\"Schallvorhang OFFICE WINDOW\">Vorhangsystem mit Sichtfenster<br \/>\nbei gleichbleibender Schalld\u00e4mmung.<\/a><\/span><\/h6><\/div><\/div><\/div><\/div><\/div><\/div><\/div><\/section><div id=\"agni-row-97986\" class=\"section-row\" ><div class=\"section-row-bg-container section-row-bg-container-agni-row-97986\"><div class=\"section-row-bg section-row-bg-color \"  ><\/div><\/div><div class=\"container\"><div class=\"vc_row vc_row_fluid \"><div id=\"agni-column-74048\" class=\"wpb_column agni_column_container agni_column vc_column_container vc_col-sm-12\"><div class=\"agni_column-inner vc_column-inner text-left\"  ><div class=\"section-column-bg-container section-column-bg-container-agni-column-74048 \" ><div class=\"section-column-bg section-column-bg-color \"  ><\/div><\/div><div class=\"wpb_wrapper\"><div class=\"agni_empty_space vc_empty_space\"  style=\"height: 80px\" data-height = \"80px\" data-height-tab = \"80px\" data-height-mobile = \"80px\"><span class=\"vc_empty_space_inner\"><\/span><\/div>\n<\/div><\/div><\/div><\/div><\/div><\/div>\n<\/section>","protected":false},"excerpt":{"rendered":"[SCHALLSCHUTZVORH\u00c4NGE] Ob es in modernen B\u00fcros um die akustische Trennung verschiedener Arbeitsbereiche oder um die Schaffung von Besprechungsinseln geht, die Gerriets Schallvorh\u00e4nge vereinen effektiven Schallschutz im B\u00fcro, Flexibilit\u00e4t, \u00c4sthetik und ansprechendes Design in idealer Weise. Mit unserem Schallvorhang OFFICE-System entstehen \u201cR\u00e4ume auf Knopfdruck\u201d. Sie m\u00f6chten Arbeitsbereiche flexibel trennen oder Besprechungsinseln schaffen, dann profitieren Sie von [...]","protected":false},"author":1,"featured_media":0,"parent":0,"menu_order":0,"comment_status":"closed","ping_status":"closed","template":"","meta":{"footnotes":""},"class_list":["post-1830","page","type-page","status-publish","hentry"],"aioseo_notices":[],"_links":{"self":[{"href":"https:\/\/www.gerriets-acoustics.com\/pl\/wp-json\/wp\/v2\/pages\/1830","targetHints":{"allow":["GET"]}}],"collection":[{"href":"https:\/\/www.gerriets-acoustics.com\/pl\/wp-json\/wp\/v2\/pages"}],"about":[{"href":"https:\/\/www.gerriets-acoustics.com\/pl\/wp-json\/wp\/v2\/types\/page"}],"author":[{"embeddable":true,"href":"https:\/\/www.gerriets-acoustics.com\/pl\/wp-json\/wp\/v2\/users\/1"}],"replies":[{"embeddable":true,"href":"https:\/\/www.gerriets-acoustics.com\/pl\/wp-json\/wp\/v2\/comments?post=1830"}],"version-history":[{"count":0,"href":"https:\/\/www.gerriets-acoustics.com\/pl\/wp-json\/wp\/v2\/pages\/1830\/revisions"}],"wp:attachment":[{"href":"https:\/\/www.gerriets-acoustics.com\/pl\/wp-json\/wp\/v2\/media?parent=1830"}],"curies":[{"name":"wp","href":"https:\/\/api.w.org\/{rel}","templated":true}]}}