{"id":4021,"date":"2019-11-15T10:24:22","date_gmt":"2019-11-15T09:24:22","guid":{"rendered":"https:\/\/gerriets2021.webproofed.de\/de\/?page_id=4021"},"modified":"2025-06-16T14:01:33","modified_gmt":"2025-06-16T12:01:33","slug":"technische-daten","status":"publish","type":"page","link":"https:\/\/www.gerriets-acoustics.com\/pl\/dane-techniczne\/","title":{"rendered":"Do pobrania"},"content":{"rendered":"<section class=\"wpb-content-wrapper\"><section id=\"pdf\" class=\"vc_section agni-section\"><div id=\"agni-row-33496\" class=\"section-row\" ><div class=\"section-row-bg-container section-row-bg-container-agni-row-33496\"><div class=\"section-row-bg section-row-bg-color\"  ><\/div><\/div><div class=\"container\"><div class=\"vc_row vc_row_fluid\"><div id=\"agni-column-84443\" class=\"wpb_column agni_column_container agni_column vc_column_container vc_col-sm-12\"><div class=\"agni_column-inner vc_column-inner text-left\"  ><div class=\"section-column-bg-container section-column-bg-container-agni-column-84443\" ><div class=\"section-column-bg section-column-bg-color\"  ><\/div><\/div><div class=\"wpb_wrapper\">\n\t<div id=\"\" class=\"agni_text_column agni-text-block\"  >\n\t\t<p style=\"text-align: right;\"><span style=\"font-size: 10pt;\">Chazen Museum of Art Madison, Wisconsin \/ USA, Projekt: Petra Blaisse Wn\u0119trze na zewn\u0105trz<\/span><\/p>\n\n\t<\/div>\n<div class=\"agni_empty_space vc_empty_space\"  style=\"height: 80px\" data-height = \"80px\" data-height-tab = \"80px\" data-height-mobile = \"80px\"><span class=\"vc_empty_space_inner\"><\/span><\/div>\n<\/div><\/div><\/div><\/div><\/div><\/div><div id=\"kataloge\" class=\"section-row\" ><div class=\"section-row-bg-container section-row-bg-container-kataloge\"><div class=\"section-row-bg section-row-bg-color\"  ><\/div><\/div><div class=\"container\"><div class=\"vc_row vc_row_fluid\"><div id=\"agni-column-91035\" class=\"wpb_column agni_column_container agni_column vc_column_container vc_col-sm-6\"><div class=\"agni_column-inner vc_column-inner text-left\"  ><div class=\"section-column-bg-container section-column-bg-container-agni-column-91035\" ><div class=\"section-column-bg section-column-bg-color\"  ><\/div><\/div><div class=\"wpb_wrapper\">\n\t<div id=\"\" class=\"agni_text_column agni-text-block\"  >\n\t\t<p>W obszarze pobierania znajd\u0105 Pa\u0144stwo wszystkie istotne informacje i dane techniczne dotycz\u0105ce naszych produkt\u00f3w, kolekcji i rozwi\u0105za\u0144 w formie cyfrowej. Je\u015bli potrzebujesz odpowiedniej wersji drukowanej, na przyk\u0142ad naszej kolekcji, prosimy o kontakt.<\/p>\n\n\t<\/div>\n\n\t<div id=\"\" class=\"agni_text_column agni-text-block\"  >\n\t\t<p><strong>Uwaga dotycz\u0105ca miejsca pobierania:<\/strong><\/p>\n\n\t<\/div>\n<ul class=\"list\">\n<li><i class=\"fa fa-file-pdf-o\" style=\"color:\"><\/i><span style=\"color: #999999;\"><a style=\"color: #999999;\" href=\"https:\/\/www.gerriets-acoustics.com\/wp-content\/uploads\/2022\/06\/gerriets-information-beschraenkte-garantie-digitaler-daten.pdf\" target=\"_blank\" rel=\"noopener\">Arkusz informacyjny dotycz\u0105cy ograniczonej gwarancji na dane cyfrowe (niemiecki)<\/a><\/span><\/li>\n<li><i class=\"fa fa-file-pdf-o\" style=\"color:\"><\/i><span style=\"color: #999999;\"><a style=\"color: #999999;\" href=\"https:\/\/www.gerriets-acoustics.com\/wp-content\/uploads\/2022\/06\/gerriets-information-limited-warranty-digital-data.pdf\" target=\"_blank\" rel=\"noopener\">Arkusz informacyjny dotycz\u0105cy ograniczonej gwarancji na dane cyfrowe (angielski)<\/a><\/span><\/li>\n<\/ul>\n<\/div><\/div><\/div><div id=\"agni-column-60755\" class=\"wpb_column agni_column_container agni_column vc_column_container vc_col-sm-6\"><div class=\"agni_column-inner vc_column-inner text-left\"  ><div class=\"section-column-bg-container section-column-bg-container-agni-column-60755\" ><div class=\"section-column-bg section-column-bg-color\"  ><\/div><\/div><div class=\"wpb_wrapper\"><div class=\"agni-button  text-center page-scroll\"><a class=\"btn btn-alt btn-lg btn-accent\" target=\"_blank\" href=\"https:\/\/www.gerriets-acoustics.com\/pl\/kontakt\/\"  >Kontakt<\/a><\/div><\/div><\/div><\/div><\/div><\/div><\/div><div id=\"agni-row-66002\" class=\"section-row\" ><div class=\"section-row-bg-container section-row-bg-container-agni-row-66002\"><div class=\"section-row-bg section-row-bg-color\"  ><\/div><\/div><div class=\"container\"><div class=\"vc_row vc_row_fluid\"><div id=\"agni-column-95981\" class=\"wpb_column agni_column_container agni_column vc_column_container vc_col-sm-12\"><div class=\"agni_column-inner vc_column-inner text-left\"  ><div class=\"section-column-bg-container section-column-bg-container-agni-column-95981\" ><div class=\"section-column-bg section-column-bg-color\"  ><\/div><\/div><div class=\"wpb_wrapper\"><div class=\"agni_empty_space vc_empty_space\"  style=\"height: 40px\" data-height = \"40px\" data-height-tab = \"40px\" data-height-mobile = \"40px\"><span class=\"vc_empty_space_inner\"><\/span><\/div>\n<div class=\"agni_custom_heading page-scroll\" ><h6 class=\"vc_custom_heading agni_custom_heading_content\" style=\"text-align: left; \"><span>Seria rozwi\u0105za\u0144 Gerriets<\/span><\/h6><\/div><\/div><\/div><\/div><div id=\"agni-column-94179\" class=\"wpb_column agni_column_container agni_column vc_column_container vc_col-sm-4\"><div class=\"agni_column-inner vc_column-inner text-left\"  ><div class=\"section-column-bg-container section-column-bg-container-agni-column-94179\" ><div class=\"section-column-bg section-column-bg-color\"  ><\/div><\/div><div class=\"wpb_wrapper\">\n\t<div id=\"\" class=\"agni_text_column agni-text-block\"  >\n\t\t<p>Wersje niemieckie<\/p>\n\n\t<\/div>\n<ul class=\"list\">\n<li style=\"list-style-type: none;\">\n<ul class=\"list\">\n<li><i class=\"ion-ios-book-outline\" style=\"color:\"><\/i><a href=\"https:\/\/view.publitas.com\/gerriets-gmbh\/gerriets-de-acoustic-solutions\/page\/1\" target=\"_blank\" rel=\"noopener\">ROZWI\u0104ZANIA AKUSTYCZNE<\/a><\/li>\n<li><i class=\"ion-ios-book-outline\" style=\"color:\"><\/i><a href=\"https:\/\/view.publitas.com\/gerriets-gmbh\/gerriets-interior-acoustic-solutions-de\/page\/1\" target=\"_blank\" rel=\"noopener\">ROZWI\u0104ZANIA W ZAKRESIE AKUSTYKI WN\u0118TRZ<\/a><\/li>\n<li><i class=\"ion-ios-book-outline\" style=\"color:\"><\/i><a href=\"https:\/\/view.publitas.com\/gerriets-gmbh\/gerriets-textile-solutions-de\/page\/1\" target=\"_blank\" rel=\"noopener\">ROZWI\u0104ZANIA TEKSTYLNE<\/a><\/li>\n<li><i class=\"ion-ios-book-outline\" style=\"color:\"><\/i><a href=\"https:\/\/view.publitas.com\/gerriets-gmbh\/gerriets-technical-solutions-de\/page\/1\" target=\"_blank\" rel=\"noopener\">ROZWI\u0104ZANIA TECHNICZNE<\/a><\/li>\n<li><i class=\"ion-ios-book-outline\" style=\"color:\"><\/i><a href=\"https:\/\/view.publitas.com\/gerriets-gmbh\/gerriets-de-flooring-solutions\/page\/1\" target=\"_blank\" rel=\"noopener\">ROZWI\u0104ZANIA POD\u0141OGOWE<\/a><\/li>\n<li><i class=\"ion-ios-book-outline\" style=\"color:\"><\/i><a href=\"https:\/\/view.publitas.com\/gerriets-gmbh\/gerriets-screen-solutions-de\/page\/1\" target=\"_blank\" rel=\"noopener\">ROZWI\u0104ZANIA W ZAKRESIE EKRAN\u00d3W<\/a><\/li>\n<\/ul>\n<\/li>\n<\/ul>\n<\/div><\/div><\/div><div id=\"agni-column-57260\" class=\"wpb_column agni_column_container agni_column vc_column_container vc_col-sm-4\"><div class=\"agni_column-inner vc_column-inner text-left\"  ><div class=\"section-column-bg-container section-column-bg-container-agni-column-57260\" ><div class=\"section-column-bg section-column-bg-color\"  ><\/div><\/div><div class=\"wpb_wrapper\">\n\t<div id=\"\" class=\"agni_text_column agni-text-block\"  >\n\t\t<p>Wersje angielskie<\/p>\n\n\t<\/div>\n<ul class=\"list\">\n<li style=\"list-style-type: none;\">\n<ul class=\"list\">\n<li><i class=\"ion-ios-book-outline\" style=\"color:\"><\/i><a href=\"https:\/\/view.publitas.com\/gerriets-gmbh\/gerriets-acoustic-solutions-en\" target=\"_blank\" rel=\"noopener\">ROZWI\u0104ZANIA AKUSTYCZNE<\/a><\/li>\n<li><i class=\"ion-ios-book-outline\" style=\"color:\"><\/i><a href=\"https:\/\/view.publitas.com\/gerriets-gmbh\/gerriets-interior-acoustic-solutions-en\" target=\"_blank\" rel=\"noopener\">ROZWI\u0104ZANIA W ZAKRESIE AKUSTYKI WN\u0118TRZ<\/a><\/li>\n<li><i class=\"ion-ios-book-outline\" style=\"color:\"><\/i><a href=\"https:\/\/view.publitas.com\/gerriets-gmbh\/gerriets-textile-solutions-en\" target=\"_blank\" rel=\"noopener\">ROZWI\u0104ZANIA TEKSTYLNE<\/a><\/li>\n<li><i class=\"ion-ios-book-outline\" style=\"color:\"><\/i><a href=\"https:\/\/view.publitas.com\/gerriets-gmbh\/gerriets-technical-solutions-en\" target=\"_blank\" rel=\"noopener\">ROZWI\u0104ZANIA TECHNICZNE<\/a><\/li>\n<li><i class=\"ion-ios-book-outline\" style=\"color:\"><\/i><a href=\"https:\/\/view.publitas.com\/gerriets-gmbh\/gerriets-flooring-solutions-en\" target=\"_blank\" rel=\"noopener\">ROZWI\u0104ZANIA POD\u0141OGOWE<\/a><\/li>\n<li><i class=\"ion-ios-book-outline\" style=\"color:\"><\/i><a href=\"https:\/\/view.publitas.com\/gerriets-gmbh\/gerriets-screen-solutions-en\" target=\"_blank\" rel=\"noopener\">ROZWI\u0104ZANIA W ZAKRESIE EKRAN\u00d3W<\/a><\/li>\n<\/ul>\n<\/li>\n<\/ul>\n<\/div><\/div><\/div><div id=\"agni-column-24810\" class=\"wpb_column agni_column_container agni_column vc_column_container vc_col-sm-4\"><div class=\"agni_column-inner vc_column-inner text-left\"  ><div class=\"section-column-bg-container section-column-bg-container-agni-column-24810\" ><div class=\"section-column-bg section-column-bg-color\"  ><\/div><\/div><div class=\"wpb_wrapper\">\n\t<div id=\"\" class=\"agni_text_column agni-text-block\"  >\n\t\t<p>Wersje francuskie<\/p>\n\n\t<\/div>\n<ul class=\"list\">\n<li><i class=\"ion-ios-book-outline\" style=\"color:\"><\/i><a href=\"https:\/\/view.publitas.com\/gerriets-gmbh\/gerriets-interior-acoustic-solutions-fr\" target=\"_blank\" rel=\"noopener\">ROZWI\u0104ZANIA W ZAKRESIE AKUSTYKI WN\u0118TRZ<\/a><\/li>\n<li><i class=\"ion-ios-book-outline\" style=\"color:\"><\/i><a href=\"https:\/\/view.publitas.com\/gerriets-gmbh\/gerriets-flooring-solutions-fr\" target=\"_blank\" rel=\"noopener\">ROZWI\u0104ZANIA POD\u0141OGOWE<\/a><\/li>\n<\/ul>\n<\/div><\/div><\/div><\/div><\/div><\/div><div id=\"farbmuster\" class=\"section-row\" ><div class=\"section-row-bg-container section-row-bg-container-farbmuster\"><div class=\"section-row-bg section-row-bg-color\"  ><\/div><\/div><div class=\"container\"><div class=\"vc_row vc_row_fluid\"><div id=\"agni-column-38480\" class=\"wpb_column agni_column_container agni_column vc_column_container vc_col-sm-12\"><div class=\"agni_column-inner vc_column-inner text-left\"  ><div class=\"section-column-bg-container section-column-bg-container-agni-column-38480\" ><div class=\"section-column-bg section-column-bg-color\"  ><\/div><\/div><div class=\"wpb_wrapper\"><div class=\"agni_empty_space vc_empty_space\"  style=\"height: 80px\" data-height = \"80px\" data-height-tab = \"80px\" data-height-mobile = \"80px\"><span class=\"vc_empty_space_inner\"><\/span><\/div>\n<div class=\"separator separator_center\" style=\"width:100%; \">\r\n\t\t\t\t\t<span class=\"sep_holder sep_holder_l\"><span style=\"border-top-style:solid; border-color:\" class=\"sep_line\"><\/span><\/span>\r\n\t\t\t\t\t<p >PR\u00d3BKA KOLORU<\/p>\r\n\t\t\t\t\t<span class=\"sep_holder sep_holder_r\"><span style=\"border-top-style:solid; border-color:\" class=\"sep_line\"><\/span><\/span>\r\n\t\t\t\t<\/div><div class=\"agni_empty_space vc_empty_space\"  style=\"height: 40px\" data-height = \"40px\" data-height-tab = \"40px\" data-height-mobile = \"40px\"><span class=\"vc_empty_space_inner\"><\/span><\/div>\n<\/div><\/div><\/div><\/div><\/div><\/div><div id=\"agni-row-15259\" class=\"section-row\" ><div class=\"section-row-bg-container section-row-bg-container-agni-row-15259\"><div class=\"section-row-bg section-row-bg-color\"  ><\/div><\/div><div class=\"container\"><div class=\"vc_row vc_row_fluid\"><div id=\"agni-column-18360\" class=\"wpb_column agni_column_container agni_column vc_column_container vc_col-sm-12\"><div class=\"agni_column-inner vc_column-inner text-left\"  ><div class=\"section-column-bg-container section-column-bg-container-agni-column-18360\" ><div class=\"section-column-bg section-column-bg-color\"  ><\/div><\/div><div class=\"wpb_wrapper\"><div class=\"agni_custom_heading page-scroll\" ><h6 class=\"vc_custom_heading agni_custom_heading_content\" style=\"text-align: left; \"><span>KOLEKCJA AKUSTYKI WN\u0118TRZ<\/span><\/h6><\/div><div class=\"agni_empty_space vc_empty_space\"  style=\"height: 20px\" data-height = \"20px\" data-height-tab = \"20px\" data-height-mobile = \"20px\"><span class=\"vc_empty_space_inner\"><\/span><\/div>\n<div id=\"agni-row-inner-96468\" class=\"section-row-inner vc_inner\" ><div class=\"section-row-inner-bg-container section-row-inner-bg-container-agni-row-inner-96468\"><div class=\"section-row-inner-bg section-row-inner-bg-color\"  ><\/div><\/div><div class=\"vc_row vc_row_fluid\"><div class=\"wpb_column agni_column_container vc_column_container vc_col-sm-3\"><div class=\"section-column-bg-container section-column-bg-container-agni-column-15587\"><div class=\"section-column-inner-bg section-column-inner-bg-color\"  ><\/div><\/div><div class=\"agni_column-inner vc_column-inner text-left\" ><div class=\"wpb_wrapper\"><ul class=\"list\">\n<li><i class=\"ion-android-color-palette\" style=\"color:#757575\"><\/i><a href=\"https:\/\/view.publitas.com\/gerriets-gmbh\/akustik-flora\" target=\"_blank\" rel=\"noopener\">FLORA<\/a><\/li>\n<li><i class=\"ion-android-color-palette\" style=\"color:#757575\"><\/i><a href=\"https:\/\/view.publitas.com\/gerriets-gmbh\/akustik-juno\" target=\"_blank\" rel=\"noopener\">JUNO<\/a><\/li>\n<li><i class=\"ion-android-color-palette\" style=\"color:#757575\"><\/i><a href=\"https:\/\/view.publitas.com\/gerriets-gmbh\/akustik-minerva\" target=\"_blank\" rel=\"noopener\">MINERVA<\/a><\/li>\n<li><i class=\"ion-android-color-palette\" style=\"color:#757575\"><\/i><a href=\"https:\/\/view.publitas.com\/gerriets-gmbh\/akustik-woolserge-melange\/page\/1\" target=\"_blank\" rel=\"noopener\">WE\u0141NIANY MELAN\u017b<\/a><\/li>\n<\/ul>\n<\/div><\/div><\/div><div class=\"wpb_column agni_column_container vc_column_container vc_col-sm-3\"><div class=\"section-column-bg-container section-column-bg-container-agni-column-68114\"><div class=\"section-column-inner-bg section-column-inner-bg-color\"  ><\/div><\/div><div class=\"agni_column-inner vc_column-inner text-left\" ><div class=\"wpb_wrapper\"><ul class=\"list\">\n<li><i class=\"ion-android-color-palette\" style=\"color:#757575\"><\/i><a href=\"https:\/\/view.publitas.com\/gerriets-gmbh\/akustik-woolserge-office\" target=\"_blank\" rel=\"noopener\">WOOLSERGE OFFICE<\/a><\/li>\n<li><i class=\"ion-android-color-palette\" style=\"color:#757575\"><\/i><a href=\"https:\/\/view.publitas.com\/gerriets-gmbh\/akustik-alicante\" target=\"_blank\" rel=\"noopener\">ALICANTE<\/a><\/li>\n<li><i class=\"ion-android-color-palette\" style=\"color:#757575\"><\/i><a href=\"https:\/\/view.publitas.com\/gerriets-gmbh\/akustik-terra\" target=\"_blank\" rel=\"noopener\">TERRA<\/a><\/li>\n<\/ul>\n<\/div><\/div><\/div><div class=\"wpb_column agni_column_container vc_column_container vc_col-sm-3\"><div class=\"section-column-bg-container section-column-bg-container-agni-column-81642\"><div class=\"section-column-inner-bg section-column-inner-bg-color\"  ><\/div><\/div><div class=\"agni_column-inner vc_column-inner text-left\" ><div class=\"wpb_wrapper\"><ul class=\"list\">\n<li><i class=\"ion-android-color-palette\" style=\"color:#757575\"><\/i><a href=\"https:\/\/view.publitas.com\/gerriets-gmbh\/akustik-satin-cs\" target=\"_blank\" rel=\"noopener\">SATYNA CS<\/a><\/li>\n<li><i class=\"ion-android-color-palette\" style=\"color:#757575\"><\/i><a href=\"https:\/\/view.publitas.com\/gerriets-gmbh\/absorber-cs\" target=\"_blank\" rel=\"noopener\">ABSORBER CS<\/a><\/li>\n<li><i class=\"ion-android-color-palette\" style=\"color:#757575\"><\/i><a href=\"https:\/\/view.publitas.com\/gerriets-gmbh\/akustik-absorber-light\" target=\"_blank\" rel=\"noopener\">\u015aWIAT\u0141O ABSORBERA<\/a><\/li>\n<\/ul>\n<\/div><\/div><\/div><div class=\"wpb_column agni_column_container vc_column_container vc_col-sm-3\"><div class=\"section-column-bg-container section-column-bg-container-agni-column-21492\"><div class=\"section-column-inner-bg section-column-inner-bg-color\"  ><\/div><\/div><div class=\"agni_column-inner vc_column-inner text-left\" ><div class=\"wpb_wrapper\"><ul class=\"list\">\n<li><i class=\"ion-android-color-palette\" style=\"color:#757575\"><\/i><a href=\"https:\/\/view.publitas.com\/gerriets-gmbh\/akustik-handgrip\" target=\"_blank\" rel=\"noopener\">HANDGRIP<\/a><\/li>\n<li><i class=\"ion-android-color-palette\" style=\"color:#757575\"><\/i><a href=\"https:\/\/view.publitas.com\/gerriets-gmbh\/akustik-vesta\" target=\"_blank\" rel=\"noopener\">VESTA<\/a><\/li>\n<\/ul>\n<\/div><\/div><\/div><\/div><\/div><\/div><\/div><\/div><\/div><\/div><\/div><div id=\"agni-row-98993\" class=\"section-row\" ><div class=\"section-row-bg-container section-row-bg-container-agni-row-98993\"><div class=\"section-row-bg section-row-bg-color\"  ><\/div><\/div><div class=\"container\"><div class=\"vc_row vc_row_fluid\"><div id=\"agni-column-98553\" class=\"wpb_column agni_column_container agni_column vc_column_container vc_col-sm-12\"><div class=\"agni_column-inner vc_column-inner text-left\"  ><div class=\"section-column-bg-container section-column-bg-container-agni-column-98553\" ><div class=\"section-column-bg section-column-bg-color\"  ><\/div><\/div><div class=\"wpb_wrapper\"><\/div><\/div><\/div><\/div><\/div><\/div><div id=\"montage\" class=\"section-row\" ><div class=\"section-row-bg-container section-row-bg-container-montage\"><div class=\"section-row-bg section-row-bg-color\"  ><\/div><\/div><div class=\"container\"><div class=\"vc_row vc_row_fluid\"><div id=\"agni-column-22689\" class=\"wpb_column agni_column_container agni_column vc_column_container vc_col-sm-12\"><div class=\"agni_column-inner vc_column-inner text-left\"  ><div class=\"section-column-bg-container section-column-bg-container-agni-column-22689\" ><div class=\"section-column-bg section-column-bg-color\"  ><\/div><\/div><div class=\"wpb_wrapper\"><div class=\"agni_empty_space vc_empty_space\"  style=\"height: 120px\" data-height = \"120px\" data-height-tab = \"120px\" data-height-mobile = \"120px\"><span class=\"vc_empty_space_inner\"><\/span><\/div>\n<div class=\"separator separator_center\" style=\"width:100%; \">\r\n\t\t\t\t\t<span class=\"sep_holder sep_holder_l\"><span style=\"border-top-style:solid; border-color:\" class=\"sep_line\"><\/span><\/span>\r\n\t\t\t\t\t<p >INSTRUKCJA MONTA\u017bU<\/p>\r\n\t\t\t\t\t<span class=\"sep_holder sep_holder_r\"><span style=\"border-top-style:solid; border-color:\" class=\"sep_line\"><\/span><\/span>\r\n\t\t\t\t<\/div><div class=\"agni_empty_space vc_empty_space\"  style=\"height: 40px\" data-height = \"40px\" data-height-tab = \"40px\" data-height-mobile = \"40px\"><span class=\"vc_empty_space_inner\"><\/span><\/div>\n<div id=\"agni-row-inner-71389\" class=\"section-row-inner vc_inner\" ><div class=\"section-row-inner-bg-container section-row-inner-bg-container-agni-row-inner-71389\"><div class=\"section-row-inner-bg section-row-inner-bg-color\"  ><\/div><\/div><div class=\"vc_row vc_row_fluid\"><div class=\"wpb_column agni_column_container vc_column_container vc_col-sm-12\"><div class=\"section-column-bg-container section-column-bg-container-agni-column-65811\"><div class=\"section-column-inner-bg section-column-inner-bg-color\"  ><\/div><\/div><div class=\"agni_column-inner vc_column-inner text-left\" ><div class=\"wpb_wrapper\"><div class=\"agni_empty_space vc_empty_space\"  style=\"height: 20px\" data-height = \"20px\" data-height-tab = \"20px\" data-height-mobile = \"20px\"><span class=\"vc_empty_space_inner\"><\/span><\/div>\n<div class=\"agni_custom_heading page-scroll\" ><h6 class=\"vc_custom_heading agni_custom_heading_content\" style=\"text-align: left; \"><span>Instrukcja monta\u017cu i obs\u0142ugi<\/span><\/h6><\/div><div class=\"agni-button  text-left page-scroll\"><a class=\"btn btn-alt btn-accent\" target=\"_blank\" href=\"mailto:kernmarkt3@gerriets.com?subject=Anfrage%20Montage-%20und%20Bedienungsanleitungen\"  >Instrukcje dotycz\u0105ce \u017c\u0105dania<\/a><\/div><\/div><\/div><\/div><\/div><\/div><\/div><\/div><\/div><\/div><\/div><\/div><div id=\"agni-row-17622\" class=\"section-row\" ><div class=\"section-row-bg-container section-row-bg-container-agni-row-17622\"><div class=\"section-row-bg section-row-bg-color\"  ><\/div><\/div><div class=\"container\"><div class=\"vc_row vc_row_fluid\"><div id=\"agni-column-40921\" class=\"wpb_column agni_column_container agni_column vc_column_container vc_col-sm-12\"><div class=\"agni_column-inner vc_column-inner text-left\"  ><div class=\"section-column-bg-container section-column-bg-container-agni-column-40921\" ><div class=\"section-column-bg section-column-bg-color\"  ><\/div><\/div><div class=\"wpb_wrapper\"><div class=\"agni_empty_space vc_empty_space\"  style=\"height: 160px\" data-height = \"160px\" data-height-tab = \"160px\" data-height-mobile = \"160px\"><span class=\"vc_empty_space_inner\"><\/span><\/div>\n<\/div><\/div><\/div><\/div><\/div><\/div><\/section>\n<\/section>","protected":false},"excerpt":{"rendered":"Chazen Museum of Art Madison, Wisconsin \/ USA, Design: Petra Blaisse Inside Outside Im Downloadbereich finden Sie alle relevanten Informationen sowie technischen Daten \u00fcber unsere Produkte, Kollektionen und Solutions in digitaler Form. Sollten Sie die jeweilige Printversion ben\u00f6tigen, wie beispielsweise von unserer Kollektion, dann setzen Sie sich gerne mit uns in Verbindung. Hinweis f\u00fcr den [...]","protected":false},"author":1,"featured_media":0,"parent":0,"menu_order":0,"comment_status":"closed","ping_status":"closed","template":"","meta":{"footnotes":""},"class_list":["post-4021","page","type-page","status-publish","hentry"],"aioseo_notices":[],"_links":{"self":[{"href":"https:\/\/www.gerriets-acoustics.com\/pl\/wp-json\/wp\/v2\/pages\/4021","targetHints":{"allow":["GET"]}}],"collection":[{"href":"https:\/\/www.gerriets-acoustics.com\/pl\/wp-json\/wp\/v2\/pages"}],"about":[{"href":"https:\/\/www.gerriets-acoustics.com\/pl\/wp-json\/wp\/v2\/types\/page"}],"author":[{"embeddable":true,"href":"https:\/\/www.gerriets-acoustics.com\/pl\/wp-json\/wp\/v2\/users\/1"}],"replies":[{"embeddable":true,"href":"https:\/\/www.gerriets-acoustics.com\/pl\/wp-json\/wp\/v2\/comments?post=4021"}],"version-history":[{"count":8,"href":"https:\/\/www.gerriets-acoustics.com\/pl\/wp-json\/wp\/v2\/pages\/4021\/revisions"}],"predecessor-version":[{"id":10797,"href":"https:\/\/www.gerriets-acoustics.com\/pl\/wp-json\/wp\/v2\/pages\/4021\/revisions\/10797"}],"wp:attachment":[{"href":"https:\/\/www.gerriets-acoustics.com\/pl\/wp-json\/wp\/v2\/media?parent=4021"}],"curies":[{"name":"wp","href":"https:\/\/api.w.org\/{rel}","templated":true}]}}