{"id":4800,"date":"2021-02-01T09:50:00","date_gmt":"2021-02-01T08:50:00","guid":{"rendered":"https:\/\/gerriets2021.webproofed.de\/?page_id=4800"},"modified":"2022-07-06T13:49:28","modified_gmt":"2022-07-06T11:49:28","slug":"planung-beratung","status":"publish","type":"page","link":"https:\/\/www.gerriets-acoustics.com\/pl\/planowanie-konsultacje\/","title":{"rendered":"Planowanie i doradztwo"},"content":{"rendered":"<section class=\"wpb-content-wrapper\"><section class=\"vc_section agni-section vc_custom_1620818208852 vc_section-has-fill\"><\/section><div id=\"intro\" class=\"section-row\" ><div class=\"section-row-bg-container section-row-bg-container-intro\"><div class=\"section-row-bg section-row-bg-color  parallax\" style=\"background-color: #efefef; \" data-top-bottom=\"background-position: 0px 600px;\" data-center=\"background-position: 0px 0px\" data-bottom-top=\"background-position: 0px 0px\"><\/div><\/div><div class=\"container\"><div class=\"vc_row vc_row_fluid vc_row-o-equal-height vc_row-flex\"><div id=\"agni-column-70221\" class=\"wpb_column agni_column_container agni_column vc_column_container vc_col-sm-12 vc_col-md-5\"><div class=\"agni_column-inner vc_column-inner text-left\" style=\"padding-top: 100px; padding-bottom: 50px; \" ><div class=\"section-column-bg-container section-column-bg-container-agni-column-70221\" ><div class=\"section-column-bg section-column-bg-color\"  ><\/div><\/div><div class=\"wpb_wrapper\"><div class=\"agni_custom_heading page-scroll\" ><h6 class=\"vc_custom_heading agni_custom_heading_content\" style=\"text-align: center; \"><span>Optymalne wsparcie w procesie planowania<\/span><\/h6><div class=\"divide-line text-center\"><span style=\"width:90px; height:1px; background-color:#020000\"><\/span><\/div><\/div>\n\t<div id=\"\" class=\"agni_text_column agni-text-block\"  style=\"padding-bottom: 15px; \">\n\t\t<p class=\"translation-block\">Planowanie akustyki pomieszcze\u0144 to z\u0142o\u017cony temat. Wa\u017cne w planowaniu s\u0105 z jednej strony <strong>wiarygodne warto\u015bci pomiarowe<\/strong>, a z drugiej strony mo\u017cliwo\u015b\u0107 <strong>pomiaru towarzysz\u0105cego<\/strong> i <strong>doradztwa podczas procesu budowlanego<\/strong>. Wszystkie warto\u015bci pomiarowe publikowane przez Gerriets Interior Acoustic Solutions pochodz\u0105 z renomowanych biur pomiarowych. Wszystkie prezentowane tu tekstylia s\u0105 testowane i klasyfikowane pod k\u0105tem skuteczno\u015bci w warunkach neutralnych.<\/p>\n<p><span style=\"color: #333333;\"><strong>Fachowe doradztwo podczas budowy oraz pomiary w nieruchomo\u015bci mog\u0105 by\u0107 przeprowadzone przez akustyk\u00f3w z Gerriets GmbH - tak, aby ka\u017cdy projekt by\u0142 sukcesem r\u00f3wnie\u017c pod wzgl\u0119dem akustycznym!<br \/>\n<\/strong><\/span><\/p>\n<p>Czy maj\u0105 Pa\u0144stwo pytania dotycz\u0105ce naszego zakresu us\u0142ug i naszych us\u0142ug planistycznych? Ch\u0119tnie pomo\u017cemy s\u0142owem i czynem. Mo\u017cna si\u0119 z nami skontaktowa\u0107 telefonicznie pod adresem <strong>+49 7665 960-330<\/strong> lub drog\u0105 elektroniczn\u0105 na adres <a href=\"mailto:acoustics@gerriets.com\" target=\"_blank\" rel=\"noopener\"><strong><span style=\"text-decoration: underline;\"><span style=\"color: #999999; text-decoration: underline;\">acoustics@gerriets.com<\/span><\/span><\/strong><\/a>.<\/p>\n\n\t<\/div>\n<div class=\"agni_empty_space vc_empty_space\"  style=\"height: 150px\" data-height = \"150px\" data-height-tab = \"30\" data-height-mobile = \"5\"><span class=\"vc_empty_space_inner\"><\/span><\/div>\n<\/div><\/div><\/div><div id=\"agni-column-45212\" class=\"wpb_column agni_column_container agni_column vc_column_container vc_col-sm-12 vc_col-md-offset-1 vc_col-md-6\"><div class=\"agni_column-inner vc_column-inner text-left\"  ><div class=\"section-column-bg-container section-column-bg-container-agni-column-45212 has-bg-edge\" data-bg-edge=\"right\"><div class=\"section-column-bg section-column-bg-image\" style=\"background-image: url('https:\/\/www.gerriets-acoustics.com\/wp-content\/uploads\/2022\/03\/1030032.jpg'); background-repeat:repeat; background-size:cover; background-position:center center; background-attachment:scroll; \" ><\/div><\/div><div class=\"wpb_wrapper\"><div class=\"agni_empty_space vc_empty_space\"  style=\"height: 32px\" data-height = \"32px\" data-height-tab = \"32px\" data-height-mobile = \"300px\"><span class=\"vc_empty_space_inner\"><\/span><\/div>\n<\/div><\/div><\/div><\/div><\/div><\/div><div id=\"agni-row-23658\" class=\"section-row\" ><div class=\"section-row-bg-container section-row-bg-container-agni-row-23658\"><div class=\"section-row-bg section-row-bg-color\" style=\"background-color: #efefef; \" ><\/div><\/div><div class=\"container\"><div class=\"vc_row vc_row_fluid vc_row-o-equal-height vc_row-flex\"><div id=\"agni-column-87528\" class=\"wpb_column agni_column_container agni_column vc_column_container vc_col-sm-12 vc_col-md-6 vc_hidden-sm vc_hidden-xs\"><div class=\"agni_column-inner vc_column-inner text-left\"  ><div class=\"section-column-bg-container section-column-bg-container-agni-column-87528 has-bg-edge\" data-bg-edge=\"left\"><div class=\"section-column-bg section-column-bg-image\" style=\"background-image: url('https:\/\/www.gerriets-acoustics.com\/wp-content\/uploads\/2017\/10\/2013-hallwangen-officevorhang-1.jpg'); background-repeat:repeat; background-size:cover; background-position:center center; background-attachment:scroll; background-color: #ffffff; \" ><\/div><\/div><div class=\"wpb_wrapper\"><div class=\"agni_empty_space vc_empty_space\"  style=\"height: 32px\" data-height = \"32px\" data-height-tab = \"32px\" data-height-mobile = \"300px\"><span class=\"vc_empty_space_inner\"><\/span><\/div>\n<\/div><\/div><\/div><div id=\"agni-column-63271\" class=\"wpb_column agni_column_container agni_column vc_column_container vc_col-sm-12 vc_col-md-offset-1 vc_col-md-5\"><div class=\"agni_column-inner vc_column-inner text-left\" style=\"padding-top: 40px; padding-bottom: 40px; \" ><div class=\"section-column-bg-container section-column-bg-container-agni-column-63271\" ><div class=\"section-column-bg section-column-bg-color\"  ><\/div><\/div><div class=\"wpb_wrapper\"><div class=\"agni_custom_heading page-scroll\" ><h6 class=\"vc_custom_heading agni_custom_heading_content translation-block\" style=\"text-align: center; \"><span>Dobra akustyka pomieszczenia:<br>.\r\nwarto\u015b\u0107 dodana do ka\u017cdego pomieszczenia<\/span><\/h6><div class=\"divide-line text-center\"><span style=\"width:90px; height:1px; background-color:#020000\"><\/span><\/div><\/div>\n\t<div id=\"\" class=\"agni_text_column agni-text-block\"  >\n\t\t<p>Szczeg\u00f3lnie w stresuj\u0105cym \u017cyciu codziennym i z\u0142o\u017conych procesach pracy w biurze, zanieczyszczenie ha\u0142asem jest uwa\u017cane za g\u0142\u00f3wny czynnik zak\u0142\u00f3caj\u0105cy i stresuj\u0105cy. Ha\u0142as definiuje si\u0119 jako niepo\u017c\u0105dany d\u017awi\u0119k, kt\u00f3ry wp\u0142ywa negatywnie na zdrowie, zmniejsza wydajno\u015b\u0107 i zak\u0142\u00f3ca komunikacj\u0119. Ponadto ha\u0142as ma negatywny wp\u0142yw na subiektywne samopoczucie.<\/p>\n<p>Aby utrzyma\u0107 poziom stresu pracownik\u00f3w spowodowany czynnikami zewn\u0119trznymi na jak najni\u017cszym poziomie i przeciwdzia\u0142a\u0107 d\u0142ugotrwa\u0142emu uszczerbkowi na zdrowiu, akustyka pomieszcze\u0144 powinna by\u0107 zawsze uwzgl\u0119dniona w planowaniu. Dzi\u0119ki odpowiedniej aran\u017cacji akustycznej pomieszczenia mo\u017cna zwi\u0119kszy\u0107 zrozumia\u0142o\u015b\u0107 mowy i jednocze\u015bnie zmniejszy\u0107 poziom ha\u0142asu.<\/p>\n<p class=\"translation-block\">Prawid\u0142owe zastosowanie \u015brodk\u00f3w akustycznych powinno by\u0107 wcze\u015bniej optymalnie przygotowane i profesjonalnie ocenione. Aby zapewni\u0107 Pa\u0144stwu optymalne wsparcie w procesie planowania, ch\u0119tnie podamy wszystkie powszechnie stosowane warto\u015bci pomiar\u00f3w akustycznych, takie jak wsp\u00f3\u0142czynnik absorpcji lub wska\u017anik redukcji d\u017awi\u0119ku. Je\u015bli nie dysponujemy tymi warto\u015bciami, co mo\u017ce si\u0119 zdarzy\u0107 w przypadku indywidualnie dobranych materia\u0142\u00f3w, mo\u017cemy bez problemu wyznaczy\u0107 dla Pa\u0144stwa wiele warto\u015bci pomiar\u00f3w akustycznych w naszym <strong>w\u0142asnym laboratorium pomiarowym<\/strong>. <strong>optymalne wsparcie w procesie planowania<\/strong> jest dla nas najwy\u017cszym priorytetem.<\/p>\n\n\t<\/div>\n<div class=\"agni_empty_space vc_empty_space\"  style=\"height: 20px\" data-height = \"20px\" data-height-tab = \"50\" data-height-mobile = \"5\"><span class=\"vc_empty_space_inner\"><\/span><\/div>\n<div class=\"agni-image custom-image-container text-center\">\r\n\t\t\t<figure class=\"agni-image-figure\">\r\n\t\t\t\t<img loading=\"lazy\" decoding=\"async\" style=\"\" width=\"1024\" height=\"177\" src=\"https:\/\/www.gerriets-acoustics.com\/wp-content\/uploads\/2017\/08\/g-impedanzrohr-umkirch-207-freisteller-1024x177.png\" class=\"fullwidth-image attachment-large  attachment-large\" alt=\"Uk\u0142ad pomiarowy do wyznaczania wsp\u00f3\u0142czynnika poch\u0142aniania d\u017awi\u0119ku, wsp\u00f3\u0142czynnika odbicia i stosunku impedancji pr\u00f3bek w laboratorium\" title=\"Rurka impedancyjna do wyznaczania akustycznych warto\u015bci pomiarowych\" srcset=\"https:\/\/www.gerriets-acoustics.com\/wp-content\/uploads\/2017\/08\/g-impedanzrohr-umkirch-207-freisteller-1024x177.png 1024w, https:\/\/www.gerriets-acoustics.com\/wp-content\/uploads\/2017\/08\/g-impedanzrohr-umkirch-207-freisteller-300x52.png 300w, https:\/\/www.gerriets-acoustics.com\/wp-content\/uploads\/2017\/08\/g-impedanzrohr-umkirch-207-freisteller-768x133.png 768w, https:\/\/www.gerriets-acoustics.com\/wp-content\/uploads\/2017\/08\/g-impedanzrohr-umkirch-207-freisteller-960x166.png 960w\" sizes=\"auto, (max-width: 1024px) 100vw, 1024px\" \/>\r\n\t\t\t\t<figcaption class=\"vc_figure-caption\"><\/figcaption>\r\n\t\t\t<\/figure>\r\n\t\t<\/div>\n\t<div id=\"\" class=\"agni_text_column agni-text-block\"  >\n\t\t<p style=\"text-align: center;\">Rurka impedancyjna do wyznaczania parametr\u00f3w akustycznych r\u00f3\u017cnorodnych pr\u00f3bek materia\u0142owych<\/p>\n\n\t<\/div>\n<div class=\"agni_empty_space vc_empty_space\"  style=\"height: 50px\" data-height = \"50px\" data-height-tab = \"50\" data-height-mobile = \"5\"><span class=\"vc_empty_space_inner\"><\/span><\/div>\n<\/div><\/div><\/div><\/div><\/div><\/div><div id=\"agni-row-12840\" class=\"section-row\" ><div class=\"section-row-bg-container section-row-bg-container-agni-row-12840\"><div class=\"section-row-bg section-row-bg-color  parallax\" style=\"background-color: #efefef; \" data-top-bottom=\"background-position: 0px 600px;\" data-center=\"background-position: 0px 0px\" data-bottom-top=\"background-position: 0px 0px\"><\/div><\/div><div class=\"container\"><div class=\"vc_row vc_row_fluid vc_row-o-equal-height vc_row-flex\"><div id=\"agni-column-20248\" class=\"wpb_column agni_column_container agni_column vc_column_container vc_col-sm-12 vc_col-md-5\"><div class=\"agni_column-inner vc_column-inner text-left\" style=\"padding-top: 40px; padding-bottom: 40px; \" ><div class=\"section-column-bg-container section-column-bg-container-agni-column-20248\" ><div class=\"section-column-bg section-column-bg-color\" style=\"background-color: #efefef; \" ><\/div><\/div><div class=\"wpb_wrapper\"><div class=\"agni_custom_heading page-scroll\" ><h6 class=\"vc_custom_heading agni_custom_heading_content\" style=\"text-align: center; \"><span>Zmniejszenie ha\u0142asu w biurze<\/span><\/h6><div class=\"divide-line text-center\"><span style=\"width:90px; height:1px; background-color:#020000\"><\/span><\/div><\/div>\n\t<div id=\"\" class=\"agni_text_column agni-text-block\"  >\n\t\t<p class=\"translation-block\">Inaczej ni\u017c w warsztatach maszynowych czy pomieszczeniach warsztatowych, ha\u0142as wyst\u0119puj\u0105cy w biurze zazwyczaj nie jest szkodliwy dla s\u0142uchu. Niemniej jednak stale przeszkadzaj\u0105cy ha\u0142as mo\u017ce mie\u0107 wp\u0142yw na organizm i psychik\u0119. Udowodniono, \u017ce poziom hormon\u00f3w stresu wzrasta, jak r\u00f3wnie\u017c ci\u015bnienie krwi i<br>.\r\nt\u0119tno. Z tego powodu rozporz\u0105dzenie w sprawie miejsc pracy opisuje r\u00f3wnie\u017c, \u017ce nara\u017cenie na ha\u0142as na stanowiskach pracy z VDU powinno by\u0107 utrzymywane na niskim poziomie, aby nie pogarsza\u0107 zbytnio koncentracji i zrozumia\u0142o\u015bci mowy. <sup>1)<\/sup>.<\/p>\n\n\t<\/div>\n<div class=\"agni-image custom-image-container text-center\">\r\n\t\t\t<figure class=\"agni-image-figure\">\r\n\t\t\t\t<a href=\"\" class=\"custom-image\" target=\"_self\"><\/a>\r\n\t\t\t\t<figcaption class=\"vc_figure-caption\"><\/figcaption>\r\n\t\t\t<\/figure>\r\n\t\t<\/div>\n\t<div id=\"\" class=\"agni_text_column agni-text-block\"  >\n\t\t<p>Cz\u0119stotliwo\u015b\u0107 b\u0142\u0119d\u00f3w w zadaniach urz\u0119dniczych w funkcji poziomu ha\u0142asu <sup>2) 3)<\/sup><\/p>\n\n\t<\/div>\n<div class=\"agni-image custom-image-container text-center\">\r\n\t\t\t<figure class=\"agni-image-figure\">\r\n\t\t\t\t<a href=\"\" class=\"custom-image\" target=\"_self\"><\/a>\r\n\t\t\t\t<figcaption class=\"vc_figure-caption\"><\/figcaption>\r\n\t\t\t<\/figure>\r\n\t\t<\/div>\n\t<div id=\"\" class=\"agni_text_column agni-text-block\"  style=\"margin-top: 25px; \">\n\t\t<p>Wydajno\u015b\u0107 (wydajno\u015b\u0107\/czas sp\u0119dzony) w przetwarzaniu zada\u0144 administracyjnych jako funkcja poziomu ha\u0142asu <sup>2) 3)<\/sup><\/p>\n\n\t<\/div>\n<div class=\"agni_empty_space vc_empty_space\"  style=\"height: 30px\" data-height = \"30px\" data-height-tab = \"50\" data-height-mobile = \"5\"><span class=\"vc_empty_space_inner\"><\/span><\/div>\n\n\t<div id=\"\" class=\"agni_text_column agni-text-block\"  >\n\t\t<p><sup>1) Rozporz\u0105dzenie o miejscach pracy z dnia 12 sierpnia 2004 r. (BGBl. I s. 2179), ostatnio zmienione przez art. 1 V z 30.11.2016 I 2681.<\/sup><br \/>\n<sup>2) Sch\u00f6npflug &amp; Schulz, 1979.<\/sup><br \/>\n<sup>3) Ocena ha\u0142asu - miejsca pracy biurowej, Dortmund 1996, Federalny Instytut Bezpiecze\u0144stwa i Zdrowia w Pracy (BAuA).<\/sup><\/p>\n\n\t<\/div>\n<div class=\"agni_empty_space vc_empty_space\"  style=\"height: 60px\" data-height = \"60px\" data-height-tab = \"50\" data-height-mobile = \"5\"><span class=\"vc_empty_space_inner\"><\/span><\/div>\n<\/div><\/div><\/div><div id=\"agni-column-41264\" class=\"wpb_column agni_column_container agni_column vc_column_container vc_col-sm-12 vc_col-md-offset-1 vc_col-md-6\"><div class=\"agni_column-inner vc_column-inner text-left\"  ><div class=\"section-column-bg-container section-column-bg-container-agni-column-41264 has-bg-edge\" data-bg-edge=\"right\"><div class=\"section-column-bg section-column-bg-image\" style=\"background-image: url('https:\/\/www.gerriets-acoustics.com\/wp-content\/uploads\/2022\/04\/g-Oberkirch-Haus-der-Ing-OFFICE-9520.jpg'); background-repeat:repeat; background-size:cover; background-position:center center; background-attachment:scroll; background-color: #ffffff; \" ><\/div><\/div><div class=\"wpb_wrapper\"><div class=\"agni_empty_space vc_empty_space\"  style=\"height: 32px\" data-height = \"32px\" data-height-tab = \"32px\" data-height-mobile = \"300px\"><span class=\"vc_empty_space_inner\"><\/span><\/div>\n<\/div><\/div><\/div><\/div><\/div><\/div>\n<\/section>","protected":false},"excerpt":{"rendered":"Optimale Betreuung im Planungsprozess Raumakustische Planung ist ein komplexes Thema. Wichtig bei der Planung sind zum einen verl\u00e4ssliche Messwerte, zum anderen die M\u00f6glichkeit begleitender Messungen und Beratung w\u00e4hrend des Bauprozesses. Alle Messwerte, die von Gerriets Interior Acoustic Solutions ver\u00f6ffentlicht werden, stammen von renommierten Messb\u00fcros. Alle hier vorgestellten Textilien werden auf ihre Wirksamkeit unter neutralen Bedingungen [...]","protected":false},"author":1,"featured_media":0,"parent":0,"menu_order":0,"comment_status":"closed","ping_status":"closed","template":"","meta":{"footnotes":""},"class_list":["post-4800","page","type-page","status-publish","hentry"],"aioseo_notices":[],"_links":{"self":[{"href":"https:\/\/www.gerriets-acoustics.com\/pl\/wp-json\/wp\/v2\/pages\/4800","targetHints":{"allow":["GET"]}}],"collection":[{"href":"https:\/\/www.gerriets-acoustics.com\/pl\/wp-json\/wp\/v2\/pages"}],"about":[{"href":"https:\/\/www.gerriets-acoustics.com\/pl\/wp-json\/wp\/v2\/types\/page"}],"author":[{"embeddable":true,"href":"https:\/\/www.gerriets-acoustics.com\/pl\/wp-json\/wp\/v2\/users\/1"}],"replies":[{"embeddable":true,"href":"https:\/\/www.gerriets-acoustics.com\/pl\/wp-json\/wp\/v2\/comments?post=4800"}],"version-history":[{"count":0,"href":"https:\/\/www.gerriets-acoustics.com\/pl\/wp-json\/wp\/v2\/pages\/4800\/revisions"}],"wp:attachment":[{"href":"https:\/\/www.gerriets-acoustics.com\/pl\/wp-json\/wp\/v2\/media?parent=4800"}],"curies":[{"name":"wp","href":"https:\/\/api.w.org\/{rel}","templated":true}]}}