{"id":6481,"date":"2022-02-25T08:40:05","date_gmt":"2022-02-25T07:40:05","guid":{"rendered":"https:\/\/gerriets2021.webproofed.de\/?page_id=6481"},"modified":"2022-09-22T17:13:03","modified_gmt":"2022-09-22T15:13:03","slug":"interior-acoustic-collection","status":"publish","type":"page","link":"https:\/\/www.gerriets-acoustics.com\/pl\/interior-acoustic-collection\/","title":{"rendered":"Kolekcja Interior Acoustic"},"content":{"rendered":"<section class=\"wpb-content-wrapper\"><div id=\"intro\" class=\"section-row\" ><div class=\"section-row-bg-container section-row-bg-container-intro\"><div class=\"section-row-bg section-row-bg-color \"  ><\/div><\/div><div class=\"container\"><div class=\"vc_row vc_row_fluid \"><div id=\"agni-column-65820\" class=\"intro wpb_column agni_column_container agni_column vc_column_container vc_col-sm-12\"><div class=\"agni_column-inner vc_column-inner text-left\" style=\"margin-right: 50px; padding-top: 100px; padding-bottom: 50px; \" ><div class=\"section-column-bg-container section-column-bg-container-agni-column-65820 \" ><div class=\"section-column-bg section-column-bg-color \"  ><\/div><\/div><div class=\"wpb_wrapper\"><div class=\"agni_custom_heading page-scroll\" ><h4 class=\"vc_custom_heading agni_custom_heading_content \" style=\"text-align: center; \"><span>[INTERIOR ACOUSTIC COLLECTION]<\/span><\/h4><div class=\"divide-line text-center \"><span style=\"width:60px; height:1px; background-color:#000000\"><\/span><\/div><\/div><div class=\"agni_empty_space vc_empty_space\"  style=\"height: 60px\" data-height = \"60px\" data-height-tab = \"50\" data-height-mobile = \"5\"><span class=\"vc_empty_space_inner\"><\/span><\/div>\n\n\t<div id=\"\" class=\"agni_text_column agni-text-block \"  >\n\t\t<p>Die Akustiktextilien unserer INTERIOR ACOUSTIC COLLECTION sind exklusiv zusammengestellt, um Ihnen eine optimale Auswahl an schallabsorbierenden Stoffen zu bieten. Ob als \u00e4u\u00dfere Sichtlage f\u00fcr unsere Schallschutzvorh\u00e4nge, im Einsatz f\u00fcr maximale Schallabsorption oder als transparente Akustikstoffe &#8211; die INTERIOR ACOUSTIC COLLECTION bietet eine umfassende Auswahl an hochwertigen Stoffen f\u00fcr den Einsatz im B\u00fcro, im Konzertsaal oder zu Hause.<\/p>\n<p>Dabei achten wir aus Gr\u00fcnden der Nachhaltigkeit darauf, unsere Akustikstoffe m\u00f6glichst von lokalen Webereien und Partnern zu beziehen. Kurze Transportwege, hochwertige und langlebige Materialien und manuelle Konfektion in unseren Werkst\u00e4tten in Deutschland und Frankreich unterst\u00fctzen die umweltschonende Produktion unserer Schallvorh\u00e4nge.<\/p>\n\n\t<\/div>\n<div class=\"agni_empty_space vc_empty_space\"  style=\"height: 32px\" data-height = \"32px\" data-height-tab = \"32px\" data-height-mobile = \"32px\"><span class=\"vc_empty_space_inner\"><\/span><\/div>\n<\/div><\/div><\/div><\/div><\/div><\/div><section class=\"vc_section agni-section\"><div id=\"agni-row-69871\" class=\"section-row\" ><div class=\"section-row-bg-container section-row-bg-container-agni-row-69871\"><div class=\"section-row-bg section-row-bg-color \"  ><\/div><\/div><div class=\"container\"><div class=\"vc_row vc_row_fluid \"><div id=\"agni-column-82460\" class=\"wpb_column agni_column_container agni_column vc_column_container vc_col-sm-6\"><div class=\"agni_column-inner vc_column-inner text-left\"  ><div class=\"section-column-bg-container section-column-bg-container-agni-column-82460 \" ><div class=\"section-column-bg section-column-bg-color \"  ><\/div><\/div><div class=\"wpb_wrapper\"><div class=\"agni_custom_heading page-scroll\" ><h4 class=\"vc_custom_heading agni_custom_heading_content \" style=\"text-align: center; \"><span><a href=\"https:\/\/www.gerriets-acoustics.com\/interior-acoustic-collection\/transparente-textilien\/\" title=\"Transparente Textilien\">Transparente Textilien<\/a><\/span><\/h4><\/div><div class=\" agni-image custom-image-container text-left\"><div class=\"animate\" data-animation=\"fadeInUp\" data-animation-offset=\"95%\" style=\"animation-duration: 0.8s;     animation-delay: 0.4s;     -moz-animation-duration: 0.8s;  -moz-animation-delay: 0.4s;    -webkit-animation-duration: 0.8s;   -webkit-animation-delay: 0.4s; \">\r\n\t\t\t<figure class=\"agni-image-figure\">\r\n\t\t\t\t<a href=\"https:\/\/www.gerriets-acoustics.com\/transparente-textilien\/\"  target=\"_self\"><img loading=\"lazy\" decoding=\"async\" style=\"\" width=\"3000\" height=\"2000\" src=\"https:\/\/www.gerriets-acoustics.com\/wp-content\/uploads\/2022\/03\/gerriets-interior-acoustic-collection-transparente-textilien_03_sow.jpg\" class=\"fullwidth-image attachment-full  attachment-full\" alt=\"lichtdurchl\u00e4ssige Stoffe f\u00fcr Akustikvorh\u00e4nge\" title=\"transparente Textilkollektion der INTERIOR ACOUSTIC COLLECTION von Gerriets\" srcset=\"https:\/\/www.gerriets-acoustics.com\/wp-content\/uploads\/2022\/03\/gerriets-interior-acoustic-collection-transparente-textilien_03_sow.jpg 3000w, https:\/\/www.gerriets-acoustics.com\/wp-content\/uploads\/2022\/03\/gerriets-interior-acoustic-collection-transparente-textilien_03_sow-300x200.jpg 300w, https:\/\/www.gerriets-acoustics.com\/wp-content\/uploads\/2022\/03\/gerriets-interior-acoustic-collection-transparente-textilien_03_sow-1024x683.jpg 1024w, https:\/\/www.gerriets-acoustics.com\/wp-content\/uploads\/2022\/03\/gerriets-interior-acoustic-collection-transparente-textilien_03_sow-768x512.jpg 768w, https:\/\/www.gerriets-acoustics.com\/wp-content\/uploads\/2022\/03\/gerriets-interior-acoustic-collection-transparente-textilien_03_sow-1536x1024.jpg 1536w, https:\/\/www.gerriets-acoustics.com\/wp-content\/uploads\/2022\/03\/gerriets-interior-acoustic-collection-transparente-textilien_03_sow-2048x1365.jpg 2048w, https:\/\/www.gerriets-acoustics.com\/wp-content\/uploads\/2022\/03\/gerriets-interior-acoustic-collection-transparente-textilien_03_sow-18x12.jpg 18w, https:\/\/www.gerriets-acoustics.com\/wp-content\/uploads\/2022\/03\/gerriets-interior-acoustic-collection-transparente-textilien_03_sow-960x640.jpg 960w\" sizes=\"auto, (max-width: 3000px) 100vw, 3000px\" \/><\/a>\r\n\t\t\t\t<figcaption class=\"vc_figure-caption\"><\/figcaption>\r\n\t\t\t<\/figure>\r\n\t\t<\/div><\/div><\/div><\/div><\/div><div id=\"agni-column-93602\" class=\"wpb_column agni_column_container agni_column vc_column_container vc_col-sm-6\"><div class=\"agni_column-inner vc_column-inner text-left\"  ><div class=\"section-column-bg-container section-column-bg-container-agni-column-93602 \" ><div class=\"section-column-bg section-column-bg-color \"  ><\/div><\/div><div class=\"wpb_wrapper\"><div class=\"agni_custom_heading page-scroll\" ><h4 class=\"vc_custom_heading agni_custom_heading_content \" style=\"text-align: center; \"><span><a href=\"https:\/\/www.gerriets-acoustics.com\/interior-acoustic-collection\/blickdichte-textilien\/\" title=\"Blickdichte Textilien\">Blickdichte Textilien<\/a><\/span><\/h4><\/div><div class=\" agni-image custom-image-container text-left\"><div class=\"animate\" data-animation=\"fadeInUp\" data-animation-offset=\"95%\" style=\"animation-duration: 0.8s;     animation-delay: 0.4s;     -moz-animation-duration: 0.8s;  -moz-animation-delay: 0.4s;    -webkit-animation-duration: 0.8s;   -webkit-animation-delay: 0.4s; \">\r\n\t\t\t<figure class=\"agni-image-figure\">\r\n\t\t\t\t<a href=\"https:\/\/www.gerriets-acoustics.com\/blickdichte-textilien\/\"  target=\"_self\"><img loading=\"lazy\" decoding=\"async\" style=\"\" width=\"1500\" height=\"1000\" src=\"https:\/\/www.gerriets-acoustics.com\/wp-content\/uploads\/2022\/06\/Gerriets-akustik-stoffmuster-01-1500x1000pix.jpg\" class=\"fullwidth-image attachment-full  attachment-full\" alt=\"Stoffmuster f\u00fcr Akustikvorhang in Creme- und Blaut\u00f6nen\" title=\"blickdichte Textilkollektion der INTERIOR ACOUSTIC COLLECTION von Gerriets\" srcset=\"https:\/\/www.gerriets-acoustics.com\/wp-content\/uploads\/2022\/06\/Gerriets-akustik-stoffmuster-01-1500x1000pix.jpg 1500w, https:\/\/www.gerriets-acoustics.com\/wp-content\/uploads\/2022\/06\/Gerriets-akustik-stoffmuster-01-1500x1000pix-300x200.jpg 300w, https:\/\/www.gerriets-acoustics.com\/wp-content\/uploads\/2022\/06\/Gerriets-akustik-stoffmuster-01-1500x1000pix-1024x683.jpg 1024w, https:\/\/www.gerriets-acoustics.com\/wp-content\/uploads\/2022\/06\/Gerriets-akustik-stoffmuster-01-1500x1000pix-768x512.jpg 768w, https:\/\/www.gerriets-acoustics.com\/wp-content\/uploads\/2022\/06\/Gerriets-akustik-stoffmuster-01-1500x1000pix-18x12.jpg 18w, https:\/\/www.gerriets-acoustics.com\/wp-content\/uploads\/2022\/06\/Gerriets-akustik-stoffmuster-01-1500x1000pix-960x640.jpg 960w\" sizes=\"auto, (max-width: 1500px) 100vw, 1500px\" \/><\/a>\r\n\t\t\t\t<figcaption class=\"vc_figure-caption\"><\/figcaption>\r\n\t\t\t<\/figure>\r\n\t\t<\/div><\/div><\/div><\/div><\/div><\/div><\/div><\/div><\/section><div id=\"agni-row-37829\" class=\"section-row\" ><div class=\"section-row-bg-container section-row-bg-container-agni-row-37829\"><div class=\"section-row-bg section-row-bg-color \"  ><\/div><\/div><div class=\"container\"><div class=\"vc_row vc_row_fluid \"><div id=\"agni-column-80897\" class=\"wpb_column agni_column_container agni_column vc_column_container vc_col-sm-12\"><div class=\"agni_column-inner vc_column-inner text-left\"  ><div class=\"section-column-bg-container section-column-bg-container-agni-column-80897 \" ><div class=\"section-column-bg section-column-bg-color \"  ><\/div><\/div><div class=\"wpb_wrapper\"><div class=\"agni_empty_space vc_empty_space\"  style=\"height: 80px\" data-height = \"80px\" data-height-tab = \"80px\" data-height-mobile = \"80px\"><span class=\"vc_empty_space_inner\"><\/span><\/div>\n<\/div><\/div><\/div><\/div><\/div><\/div>\n<\/section>","protected":false},"excerpt":{"rendered":"[INTERIOR ACOUSTIC COLLECTION] Die Akustiktextilien unserer INTERIOR ACOUSTIC COLLECTION sind exklusiv zusammengestellt, um Ihnen eine optimale Auswahl an schallabsorbierenden Stoffen zu bieten. Ob als \u00e4u\u00dfere Sichtlage f\u00fcr unsere Schallschutzvorh\u00e4nge, im Einsatz f\u00fcr maximale Schallabsorption oder als transparente Akustikstoffe - die INTERIOR ACOUSTIC COLLECTION bietet eine umfassende Auswahl an hochwertigen Stoffen f\u00fcr den Einsatz im B\u00fcro, [...]","protected":false},"author":1,"featured_media":0,"parent":0,"menu_order":0,"comment_status":"closed","ping_status":"closed","template":"","meta":{"footnotes":""},"class_list":["post-6481","page","type-page","status-publish","hentry"],"aioseo_notices":[],"_links":{"self":[{"href":"https:\/\/www.gerriets-acoustics.com\/pl\/wp-json\/wp\/v2\/pages\/6481","targetHints":{"allow":["GET"]}}],"collection":[{"href":"https:\/\/www.gerriets-acoustics.com\/pl\/wp-json\/wp\/v2\/pages"}],"about":[{"href":"https:\/\/www.gerriets-acoustics.com\/pl\/wp-json\/wp\/v2\/types\/page"}],"author":[{"embeddable":true,"href":"https:\/\/www.gerriets-acoustics.com\/pl\/wp-json\/wp\/v2\/users\/1"}],"replies":[{"embeddable":true,"href":"https:\/\/www.gerriets-acoustics.com\/pl\/wp-json\/wp\/v2\/comments?post=6481"}],"version-history":[{"count":0,"href":"https:\/\/www.gerriets-acoustics.com\/pl\/wp-json\/wp\/v2\/pages\/6481\/revisions"}],"wp:attachment":[{"href":"https:\/\/www.gerriets-acoustics.com\/pl\/wp-json\/wp\/v2\/media?parent=6481"}],"curies":[{"name":"wp","href":"https:\/\/api.w.org\/{rel}","templated":true}]}}