{"id":9319,"date":"2022-07-05T14:15:46","date_gmt":"2022-07-05T12:15:46","guid":{"rendered":"https:\/\/gerriets2021.webproofed.de\/?page_id=9319"},"modified":"2025-03-17T16:33:28","modified_gmt":"2025-03-17T15:33:28","slug":"contact-fr","status":"publish","type":"page","link":"https:\/\/www.gerriets-acoustics.com\/pl\/kontakt-fr\/","title":{"rendered":"Kontakt-fr"},"content":{"rendered":"<section class=\"wpb-content-wrapper\"><div id=\"kontakt\" class=\"section-row kontakt\" ><div class=\"section-row-bg-container section-row-bg-container-kontakt\"><div class=\"section-row-bg section-row-bg-color\"  ><\/div><\/div><div class=\"container\"><div class=\"vc_row vc_row_fluid\"><div id=\"agni-column-52245\" class=\"wpb_column agni_column_container agni_column vc_column_container vc_col-sm-12\"><div class=\"agni_column-inner vc_column-inner text-left\"  ><div class=\"section-column-bg-container section-column-bg-container-agni-column-52245\" ><div class=\"section-column-bg section-column-bg-color\"  ><\/div><\/div><div class=\"wpb_wrapper\"><div class=\"agni_empty_space vc_empty_space\"  style=\"height: 52px\" data-height = \"52px\" data-height-tab = \"52px\" data-height-mobile = \"52px\"><span class=\"vc_empty_space_inner\"><\/span><\/div>\n<div class=\"agni_custom_heading page-scroll\" ><h5 class=\"vc_custom_heading agni_custom_heading_content\" style=\"text-align: center; \"><span>Czekamy na Twoj\u0105 wiadomo\u015b\u0107<\/span><\/h5><\/div><div class=\"agni_empty_space vc_empty_space\"  style=\"height: 52px\" data-height = \"52px\" data-height-tab = \"52px\" data-height-mobile = \"52px\"><span class=\"vc_empty_space_inner\"><\/span><\/div>\n\n\t<div class=\"wpb_raw_code wpb_content_element wpb_raw_html\" >\n\t\t<div class=\"wpb_wrapper\">\n\t\t\t<style>\r\n\t#wpsl-stores .wpsl-store-thumb {height:45px !important; width:45px !important;}\r\n\t#wpsl-stores, #wpsl-direction-details, #wpsl-gmap {height:350px !important;}\r\n\t#wpsl-gmap .wpsl-info-window {max-width:225px !important;}\r\n\t.wpsl-input label, #wpsl-radius label, #wpsl-category label {width:95px;}\r\n\t#wpsl-search-input ,#wpsl-category .wpsl-dropdown {width:179px;}\r\n<\/style>\r\n<div id=\"wpsl-wrap\">\r\n\t<div class=\"wpsl-search wpsl-clearfix wpsl-filter\">\r\n\t\t<div id=\"wpsl-search-wrap\">\r\n\t\t\t<form autocomplete=\"off\" action=\"\">\r\n\t\t\t<div class=\"wpsl-input\">\r\n\t\t\t\t<div><label for=\"wpsl-search-input\">Twoja lokalizacja<\/label><\/div>\r\n\t\t\t\t<input id=\"wpsl-search-input\" type=\"text\" value=\"\" name=\"wpsl-search-input\" placeholder=\"\" aria-required=\"true\" \/>\r\n\t\t\t<\/div>\r\n\t\t\t<div class=\"wpsl-select-wrap\">\r\n\t\t\t\t<div id=\"wpsl-radius\">\r\n\t\t\t\t\t<label for=\"wpsl-radius-dropdown\">Promie\u0144 wyszukiwania<\/label>\r\n\t\t\t\t\t<select id=\"wpsl-radius-dropdown\" class=\"wpsl-dropdown\" name=\"wpsl-radius\">\r\n\t\t\t\t\t\t<option value=\"10\">10 km<\/option><option value=\"25\">25 km<\/option><option selected=\"selected\" value=\"50\">50 km<\/option><option value=\"100\">100 km<\/option><option value=\"200\">200 km<\/option><option value=\"500\">500 km<\/option>\r\n\t\t\t\t\t<\/select>\r\n\t\t\t\t<\/div>\r\n\t\t\t\t<div id=\"wpsl-results\">\r\n\t\t\t\t\t<label for=\"wpsl-results-dropdown\">Wyniki<\/label>\r\n\t\t\t\t\t<select id=\"wpsl-results-dropdown\" class=\"wpsl-dropdown\" name=\"wpsl-results\">\r\n\t\t\t\t\t\t<option selected=\"selected\" value=\"25\">25<\/option><option value=\"50\">50<\/option><option value=\"75\">75<\/option><option value=\"100\">100<\/option>\r\n\t\t\t\t\t<\/select>\r\n\t\t\t\t<\/div>\r\n\t\t\t<\/div>\r\n\t\t\t\t<div class=\"wpsl-search-btn-wrap\"><input id=\"wpsl-search-btn\" type=\"submit\" value=\"Wyszukiwanie\"><\/div>\r\n\t\t<input type=\"hidden\" name=\"trp-form-language\" value=\"pl\"\/><\/form>\r\n\t\t<\/div>\r\n\t<\/div>\r\n\t<div id=\"wpsl-gmap\" class=\"wpsl-gmap-canvas\"><\/div>\r\n\t<div id=\"wpsl-result-list\">\r\n\t\t<div id=\"wpsl-stores\" >\r\n\t\t\t<ul><\/ul>\r\n\t\t<\/div>\r\n\t\t<div id=\"wpsl-direction-details\">\r\n\t\t\t<ul><\/ul>\r\n\t\t<\/div>\r\n\t<\/div>\r\n<\/div>\r\n\n\t\t<\/div>\n\t<\/div>\n<div class=\"agni_empty_space vc_empty_space\"  style=\"height: 52px\" data-height = \"52px\" data-height-tab = \"52px\" data-height-mobile = \"52px\"><span class=\"vc_empty_space_inner\"><\/span><\/div>\n<\/div><\/div><\/div><\/div><\/div><\/div><div id=\"contact-form\" class=\"section-row contact-form\" ><div class=\"section-row-bg-container section-row-bg-container-contact-form\"><div class=\"section-row-bg section-row-bg-image\"  ><\/div><\/div><div class=\"container-fluid\"><div class=\"vc_row vc_row_fluid has-fullwidth-column-no-padding vc_row-o-equal-height vc_row-flex\"><div id=\"agni-column-88094\" class=\"wpb_column agni_column_container agni_column vc_column_container vc_col-sm-12 vc_col-md-6\"><div class=\"agni_column-inner vc_column-inner text-left\" style=\"padding-top: 25px; padding-right: 5%; padding-bottom: 25px; padding-left: 5%; \" ><div class=\"section-column-bg-container section-column-bg-container-agni-column-88094\" ><div class=\"section-column-bg section-column-bg-color\"  ><\/div><\/div><div class=\"wpb_wrapper\"><div id=\"agni-row-inner-89095\" class=\"section-row-inner vc_inner\" ><div class=\"section-row-inner-bg-container section-row-inner-bg-container-agni-row-inner-89095\"><div class=\"section-row-inner-bg section-row-inner-bg-color\"  ><\/div><\/div><div class=\"vc_row vc_row_fluid\"><div class=\"wpb_column agni_column_container vc_column_container vc_col-sm-10 vc_col-lg-offset-2 vc_col-lg-8 vc_col-md-offset-1 vc_col-md-10 vc_col-sm-offset-1\"><div class=\"section-column-bg-container section-column-bg-container-agni-column-93209\"><div class=\"section-column-inner-bg section-column-inner-bg-color\"  ><\/div><\/div><div class=\"agni_column-inner vc_column-inner text-left\" ><div class=\"wpb_wrapper\"><div class=\"agni_custom_heading page-scroll\" ><h6 class=\"vc_custom_heading agni_custom_heading_content\" style=\"text-align: left; \"><span>Wy\u015blij nam wiadomo\u015b\u0107<\/span><\/h6><\/div>\n\t<div id=\"\" class=\"agni_text_column agni-text-block\"  >\n\t\t<p>Chcesz zam\u00f3wi\u0107 nasze pr\u00f3bki kolor\u00f3w lub masz pytania dotycz\u0105ce Twojego projektu? Zapraszamy do kontaktu z nami z zapytaniem.<\/p>\n\n\t<\/div>\n\n<div class=\"wpcf7 no-js\" id=\"wpcf7-f9026-o1\" lang=\"de-DE\" dir=\"ltr\" data-wpcf7-id=\"9026\">\n<div class=\"screen-reader-response\"><p role=\"status\" aria-live=\"polite\" aria-atomic=\"true\"><\/p> <ul><\/ul><\/div>\n<form action=\"\/pl\/wp-json\/wp\/v2\/pages\/9319#wpcf7-f9026-o1\" method=\"post\" class=\"wpcf7-form init\" aria-label=\"Formularz kontaktowy\" novalidate=\"novalidate\" data-status=\"init\" data-trp-original-action=\"\/pl\/wp-json\/wp\/v2\/pages\/9319#wpcf7-f9026-o1\">\n<fieldset class=\"hidden-fields-container\"><input type=\"hidden\" name=\"_wpcf7\" value=\"9026\" \/><input type=\"hidden\" name=\"_wpcf7_version\" value=\"6.1.5\" \/><input type=\"hidden\" name=\"_wpcf7_locale\" value=\"de_DE_formal\" \/><input type=\"hidden\" name=\"_wpcf7_unit_tag\" value=\"wpcf7-f9026-o1\" \/><input type=\"hidden\" name=\"_wpcf7_container_post\" value=\"0\" \/><input type=\"hidden\" name=\"_wpcf7_posted_data_hash\" value=\"\" \/>\n<\/fieldset>\n<div class=\"row fortune-contact-form-style-2\">\n\t<div class=\"col-sm-12 col-md-12\">\n\t\t<p><label>Prosz\u0119 wybra\u0107 sw\u00f3j region<\/label><span class=\"wpcf7-form-control-wrap\" data-name=\"email-empfaenger\"><select class=\"wpcf7-form-control wpcf7-select wpcf7-validates-as-required\" aria-required=\"true\" aria-invalid=\"false\" name=\"email-empfaenger\"><option value=\"Europa\" selected=\"selected\">Europa<\/option><option value=\"USA\">USA<\/option><option value=\"andere Region\">Inny region<\/option><\/select><\/span>\n\t\t<\/p>\n\t<\/div>\n\t<div class=\"col-sm-12 col-md-6\">\n\t\t<p><span class=\"wpcf7-form-control-wrap\" data-name=\"vorname\"><input size=\"40\" maxlength=\"400\" class=\"wpcf7-form-control wpcf7-text wpcf7-validates-as-required\" aria-required=\"true\" aria-invalid=\"false\" placeholder=\"Imi\u0119 i nazwisko*\" value=\"\" type=\"text\" name=\"vorname\" \/><\/span>\n\t\t<\/p>\n\t<\/div>\n\t<div class=\"col-sm-12 col-md-6\">\n\t\t<p><span class=\"wpcf7-form-control-wrap\" data-name=\"your-name\"><input size=\"40\" maxlength=\"400\" class=\"wpcf7-form-control wpcf7-text wpcf7-validates-as-required\" aria-required=\"true\" aria-invalid=\"false\" placeholder=\"Nazwa*\" value=\"\" type=\"text\" name=\"your-name\" \/><\/span>\n\t\t<\/p>\n\t<\/div>\n\t<div class=\"col-sm-12 col-md-6\">\n\t\t<p><span class=\"wpcf7-form-control-wrap\" data-name=\"firma\"><input size=\"40\" maxlength=\"400\" class=\"wpcf7-form-control wpcf7-text\" aria-invalid=\"false\" placeholder=\"Firma\" value=\"\" type=\"text\" name=\"firma\" \/><\/span>\n\t\t<\/p>\n\t<\/div>\n\t<div class=\"col-sm-12 col-md-6\">\n\t\t<p><span class=\"wpcf7-form-control-wrap\" data-name=\"ort\"><input size=\"40\" maxlength=\"400\" class=\"wpcf7-form-control wpcf7-text\" aria-invalid=\"false\" placeholder=\"Kod pocztowy\/miejsce\" value=\"\" type=\"text\" name=\"ort\" \/><\/span>\n\t\t<\/p>\n\t<\/div>\n\t<div class=\"col-sm-12 col-md-6\">\n\t\t<p><span class=\"wpcf7-form-control-wrap\" data-name=\"strasse\"><input size=\"40\" maxlength=\"400\" class=\"wpcf7-form-control wpcf7-text\" aria-invalid=\"false\" placeholder=\"Ulica i numer domu\" value=\"\" type=\"text\" name=\"strasse\" \/><\/span>\n\t\t<\/p>\n\t<\/div>\n\t<div class=\"col-sm-12 col-md-6\">\n\t\t<p><span class=\"wpcf7-form-control-wrap\" data-name=\"land\"><input size=\"40\" maxlength=\"400\" class=\"wpcf7-form-control wpcf7-text\" aria-invalid=\"false\" placeholder=\"Kraj\" value=\"\" type=\"text\" name=\"land\" \/><\/span>\n\t\t<\/p>\n\t<\/div>\n\t<div class=\"col-sm-12 col-md-6\">\n\t\t<p><span class=\"wpcf7-form-control-wrap\" data-name=\"telefon\"><input size=\"40\" maxlength=\"400\" class=\"wpcf7-form-control wpcf7-text wpcf7-validates-as-required\" aria-required=\"true\" aria-invalid=\"false\" placeholder=\"Telefon*\" value=\"\" type=\"text\" name=\"telefon\" \/><\/span>\n\t\t<\/p>\n\t<\/div>\n\t<div class=\"col-sm-12 col-md-6\">\n\t\t<p><span class=\"wpcf7-form-control-wrap\" data-name=\"your-email\"><input size=\"40\" maxlength=\"400\" class=\"wpcf7-form-control wpcf7-email wpcf7-validates-as-required wpcf7-text wpcf7-validates-as-email\" aria-required=\"true\" aria-invalid=\"false\" placeholder=\"Email*\" value=\"\" type=\"email\" name=\"your-email\" \/><\/span>\n\t\t<\/p>\n\t<\/div>\n\t<div class=\"col-sm-12 col-md-12\">\n\t\t<p><span class=\"wpcf7-form-control-wrap\" data-name=\"subject\"><input size=\"40\" maxlength=\"400\" class=\"wpcf7-form-control wpcf7-text\" aria-invalid=\"false\" placeholder=\"Przedmiot\" value=\"\" type=\"text\" name=\"subject\" \/><\/span>\n\t\t<\/p>\n\t<\/div>\n\t<div class=\"col-sm-12 col-md-12\">\n\t\t<p><span class=\"wpcf7-form-control-wrap\" data-name=\"message\"><textarea cols=\"40\" rows=\"6\" maxlength=\"2000\" class=\"wpcf7-form-control wpcf7-textarea wpcf7-validates-as-required\" aria-required=\"true\" aria-invalid=\"false\" placeholder=\"Wiadomo\u015b\u0107*\" name=\"message\"><\/textarea><\/span>\n\t\t<\/p>\n\t<\/div>\n\t<p><span id=\"wpcf7-69f598d640ce7-wrapper\" class=\"wpcf7-form-control-wrap honeypot-904-wrap\" style=\"display:none !important; visibility:hidden !important;\"><label for=\"wpcf7-69f598d640ce7-field\" class=\"hp-message\">Pozostaw to pole puste.<\/label><input id=\"wpcf7-69f598d640ce7-field\"  class=\"wpcf7-form-control wpcf7-text\" type=\"text\" name=\"honeypot-904\" value=\"\" size=\"40\" tabindex=\"-1\" autocomplete=\"new-password\" \/><\/span>\n\t<\/p>\n\t<div class=\"col-sm-12 col-md-12\">\n\t\t<p><span class=\"wpcf7-form-control-wrap\" data-name=\"dsgvo\"><span class=\"wpcf7-form-control wpcf7-acceptance\"><span class=\"wpcf7-list-item\"><input type=\"checkbox\" name=\"dsgvo\" value=\"1\" aria-invalid=\"false\" \/><\/span><\/span><\/span>Wyra\u017cam zgod\u0119 na uzyskanie przez Gerriets GmbH danych osobowych od Pa\u0144stwa za pomoc\u0105 formularza kontaktowego. B\u0119d\u0105 one przetwarzane w celu realizacji zapytania i o ile z zapytania nie wynikaj\u0105 zobowi\u0105zania do przechowywania, zostan\u0105 r\u00f3wnie\u017c ponownie usuni\u0119te po realizacji celu. Zgod\u0119 t\u0119 mo\u017cna w ka\u017cdej chwili odwo\u0142a\u0107. Odwo\u0142anie zgody nie wp\u0142ywa na zgodno\u015b\u0107 z prawem przetwarzania dokonanego na podstawie zgody do momentu jej odwo\u0142ania. W przypadku zapyta\u0144 o charakterze przedumownym opieramy si\u0119 na art. 6 ust. 1 lit. b DSGVO.\n\t\t<\/p>\n\t<\/div>\n\t<div class=\"col-sm-12 col-md-12\">\n\t\t<p><input class=\"wpcf7-form-control wpcf7-submit has-spinner btn-primary\" type=\"submit\" value=\"Wy\u015blij\" \/>\n\t\t<\/p>\n\t<\/div>\n<\/div><div class=\"wpcf7-response-output\" aria-hidden=\"true\"><\/div>\n<input type=\"hidden\" name=\"trp-form-language\" value=\"pl\"\/><\/form>\n<\/div>\n<div class=\"agni_empty_space vc_empty_space\"  style=\"height: 80px\" data-height = \"80px\" data-height-tab = \"70\" data-height-mobile = \"25\"><span class=\"vc_empty_space_inner\"><\/span><\/div>\n<\/div><\/div><\/div><\/div><\/div><\/div><\/div><\/div><div id=\"agni-column-37428\" class=\"wpb_column agni_column_container agni_column vc_column_container vc_col-sm-12 vc_col-md-6\"><div class=\"agni_column-inner vc_column-inner text-left\" style=\"padding-top: 25px; padding-right: 5%; padding-bottom: 25px; padding-left: 5%; \" ><div class=\"section-column-bg-container section-column-bg-container-agni-column-37428\" ><div class=\"section-column-bg section-column-bg-color\"  ><\/div><\/div><div class=\"wpb_wrapper\"><div id=\"agni-row-inner-56925\" class=\"section-row-inner vc_inner\" ><div class=\"section-row-inner-bg-container section-row-inner-bg-container-agni-row-inner-56925\"><div class=\"section-row-inner-bg section-row-inner-bg-color\"  ><\/div><\/div><div class=\"vc_row vc_row_fluid\"><div class=\"wpb_column agni_column_container vc_column_container vc_col-sm-10\"><div class=\"section-column-bg-container section-column-bg-container-agni-column-63828\"><div class=\"section-column-inner-bg section-column-inner-bg-color\"  ><\/div><\/div><div class=\"agni_column-inner vc_column-inner text-left\" ><div class=\"wpb_wrapper\"><div class=\"agni_custom_heading page-scroll\" ><h6 class=\"vc_custom_heading agni_custom_heading_content\" style=\"text-align: left; \"><span>Um\u00f3w si\u0119 na indywidualn\u0105 konsultacj\u0119:<\/span><\/h6><\/div>\n\t<div id=\"\" class=\"agni_text_column agni-text-block\"  >\n\t\t<p>E-mail: <a href=\"mailto:acoustics@gerriets.com\">acoustics@gerriets.com<\/a><\/p>\n<p>Telefon: +49 7665 960-330<\/p>\n\n\t<\/div>\n<div class=\"agni_empty_space vc_empty_space\"  style=\"height: 32px\" data-height = \"32px\" data-height-tab = \"32px\" data-height-mobile = \"32px\"><span class=\"vc_empty_space_inner\"><\/span><\/div>\n\n\t<div id=\"\" class=\"agni_text_column agni-text-block\"  >\n\t\t<p><iframe loading=\"lazy\" style=\"border: 0;\" src=\"https:\/\/www.google.com\/maps\/embed?pb=!1m18!1m12!1m3!1d2669.196207752883!2d7.536434415519029!3d48.00991906802269!2m3!1f0!2f0!3f0!3m2!1i1024!2i768!4f13.1!3m3!1m2!1s0x47916d470b3fd52f%3A0x8d205016ffafb20!2sGerriets%20Sarl!5e0!3m2!1sde!2sde!4v1657023267238!5m2!1sde!2sde\" width=\"600\" height=\"450\" allowfullscreen=\"allowfullscreen\"><\/iframe><\/p>\n\n\t<\/div>\n<\/div><\/div><\/div><\/div><\/div><\/div><\/div><\/div><\/div><\/div><\/div><div id=\"contact-bar\" class=\"section-row contact-bar\" style=\"padding-top: 4%; padding-bottom: 4%; \"><div class=\"section-row-bg-container section-row-bg-container-contact-bar\"><div class=\"section-row-bg section-row-bg-image  parallax\" style=\"background-image: url(''); background-repeat:repeat; background-size:cover; background-position:center center; background-attachment:fixed; \" data-top-bottom=\"background-position: 0px -200px;\" data-center=\"background-position: 0px 0px\" data-bottom-top=\"background-position: 0px 200px\"><\/div><div class=\"section-row-bg-overlay overlay\" style=\"background-color:rgba(0,0,0,0.78);\"><\/div><\/div><div class=\"container\"><div class=\"vc_row vc_row_fluid\"><div id=\"agni-column-27915\" class=\"wpb_column agni_column_container agni_column vc_column_container vc_col-sm-6 vc_col-md-4\"><div class=\"agni_column-inner vc_column-inner text-center\" style=\"padding-top: 20px; \" ><div class=\"section-column-bg-container section-column-bg-container-agni-column-27915\" ><div class=\"section-column-bg section-column-bg-color\"  ><\/div><\/div><div class=\"wpb_wrapper\"><span class=\"agni-icon has-icon\" ><span class=\"agni-icon-container\" style=\"border-radius:50%; color:#4f62dd; \"><a href=\"mailto:acoustics@gerriets.com\" target=\"_self\"><i class=\"pe-7s-mail-open\" style=\"font-size:36px; border-radius:50%; color:#ffffff; \"><\/i><\/a><\/span><\/span><div class=\"agni_custom_heading page-scroll\" ><div class=\"vc_custom_heading agni_custom_heading_content\" style=\"font-size: 22px;color: #ffffff;text-align: center; font-weight:600; letter-spacing:0px; padding-top: 5px; \"><span>E-mail<\/span><\/div><\/div><div class=\"agni_custom_heading page-scroll\" ><p class=\"vc_custom_heading agni_custom_heading_content\" style=\"font-size: 18px;color: #ffffff;text-align: center; \"><span><a href=\"mailto:acoustics@gerriets.com\">acoustics@gerriets.com<\/a><\/span><\/p><\/div><\/div><\/div><\/div><div id=\"agni-column-82933\" class=\"wpb_column agni_column_container agni_column vc_column_container vc_col-sm-6 vc_col-md-4\"><div class=\"agni_column-inner vc_column-inner text-center\" style=\"padding-top: 20px; \" ><div class=\"section-column-bg-container section-column-bg-container-agni-column-82933\" ><div class=\"section-column-bg section-column-bg-color\"  ><\/div><\/div><div class=\"wpb_wrapper\"><span class=\"agni-icon has-icon\" ><span class=\"agni-icon-container\" style=\"border-radius:50%; color:#4f62dd; \"><i class=\"pe-7s-phone\" style=\"font-size:36px; border-radius:50%; color:#ffffff; \"><\/i><\/span><\/span><div class=\"agni_custom_heading page-scroll\" ><div class=\"vc_custom_heading agni_custom_heading_content\" style=\"font-size: 22px;color: #ffffff;text-align: center; font-weight:600; letter-spacing:0px; padding-top: 5px; \"><span>Telefon<\/span><\/div><\/div><div class=\"agni_custom_heading page-scroll\" ><p class=\"vc_custom_heading agni_custom_heading_content\" style=\"font-size: 18px;color: #ffffff;text-align: center; \"><span>+49 7665 960-330<\/span><\/p><\/div><\/div><\/div><\/div><div id=\"agni-column-94369\" class=\"wpb_column agni_column_container agni_column vc_column_container vc_col-sm-6 vc_col-md-4\"><div class=\"agni_column-inner vc_column-inner text-center\" style=\"padding-top: 20px; \" ><div class=\"section-column-bg-container section-column-bg-container-agni-column-94369\" ><div class=\"section-column-bg section-column-bg-color\"  ><\/div><\/div><div class=\"wpb_wrapper\"><span class=\"agni-icon has-icon\" ><span class=\"agni-icon-container\" style=\"border-radius:50%; color:#4f62dd; \"><i class=\"pe-7s-map-marker\" style=\"font-size:36px; border-radius:50%; color:#ffffff; \"><\/i><\/span><\/span><div class=\"agni_custom_heading page-scroll\" ><div class=\"vc_custom_heading agni_custom_heading_content\" style=\"font-size: 22px;color: #ffffff;text-align: center; font-weight:600; letter-spacing:0px; padding-top: 5px; \"><span>Adres<\/span><\/div><\/div><div class=\"agni_custom_heading page-scroll\" ><p class=\"vc_custom_heading agni_custom_heading_content\" style=\"font-size: 18px;color: #ffffff;text-align: center; \"><span><a href=\"https:\/\/www.google.com\/maps\/dir\/\/48.0393453,7.7614506\/@48.039345,7.761451,17z?hl=de\" target=\"_blank\">Im Kirchenh\u00fcrstle 5-7, D-79224 Umkirch<\/a><\/span><\/p><\/div><\/div><\/div><\/div><\/div><\/div><\/div><div id=\"agni-row-70427\" class=\"section-row\" ><div class=\"section-row-bg-container section-row-bg-container-agni-row-70427\"><div class=\"section-row-bg section-row-bg-color\"  ><\/div><\/div><div class=\"container\"><div class=\"vc_row vc_row_fluid\"><div id=\"agni-column-20088\" class=\"wpb_column agni_column_container agni_column vc_column_container vc_col-sm-12\"><div class=\"agni_column-inner vc_column-inner text-left\"  ><div class=\"section-column-bg-container section-column-bg-container-agni-column-20088\" ><div class=\"section-column-bg section-column-bg-color\"  ><\/div><\/div><div class=\"wpb_wrapper\"><div class=\"agni_empty_space vc_empty_space\"  style=\"height: 60px\" data-height = \"60px\" data-height-tab = \"70\" data-height-mobile = \"25\"><span class=\"vc_empty_space_inner\"><\/span><\/div>\n<\/div><\/div><\/div><\/div><\/div><\/div>\n<\/section>","protected":false},"excerpt":{"rendered":"Wir freuen uns \u00fcber Ihre Kontaktaufnahme Ihr Standort Suchradius 10 km25 km50 km100 km200 km500 km Ergebnisse 255075100 Senden Sie uns eine Nachricht Sie m\u00f6chten unsere Farbmuster anfordern oder haben Fragen bez\u00fcglich Ihres Projekts? Kommen Sie mit Ihrem Anliegen gerne auf uns zu. Bitte w\u00e4hlen Sie Ihre RegionEuropaUSAandere Region Bitte lassen Sie dieses Feld leer. [...]","protected":false},"author":1,"featured_media":0,"parent":0,"menu_order":7,"comment_status":"closed","ping_status":"closed","template":"","meta":{"footnotes":""},"class_list":["post-9319","page","type-page","status-publish","hentry"],"aioseo_notices":[],"_links":{"self":[{"href":"https:\/\/www.gerriets-acoustics.com\/pl\/wp-json\/wp\/v2\/pages\/9319","targetHints":{"allow":["GET"]}}],"collection":[{"href":"https:\/\/www.gerriets-acoustics.com\/pl\/wp-json\/wp\/v2\/pages"}],"about":[{"href":"https:\/\/www.gerriets-acoustics.com\/pl\/wp-json\/wp\/v2\/types\/page"}],"author":[{"embeddable":true,"href":"https:\/\/www.gerriets-acoustics.com\/pl\/wp-json\/wp\/v2\/users\/1"}],"replies":[{"embeddable":true,"href":"https:\/\/www.gerriets-acoustics.com\/pl\/wp-json\/wp\/v2\/comments?post=9319"}],"version-history":[{"count":1,"href":"https:\/\/www.gerriets-acoustics.com\/pl\/wp-json\/wp\/v2\/pages\/9319\/revisions"}],"predecessor-version":[{"id":10738,"href":"https:\/\/www.gerriets-acoustics.com\/pl\/wp-json\/wp\/v2\/pages\/9319\/revisions\/10738"}],"wp:attachment":[{"href":"https:\/\/www.gerriets-acoustics.com\/pl\/wp-json\/wp\/v2\/media?parent=9319"}],"curies":[{"name":"wp","href":"https:\/\/api.w.org\/{rel}","templated":true}]}}