{"id":9753,"date":"2023-01-26T11:58:29","date_gmt":"2023-01-26T10:58:29","guid":{"rendered":"https:\/\/www.gerriets-acoustics.com\/?page_id=9753"},"modified":"2025-06-16T13:56:02","modified_gmt":"2025-06-16T11:56:02","slug":"open-space-buero","status":"publish","type":"page","link":"https:\/\/www.gerriets-acoustics.com\/pl\/planowanie-konsultacje\/open-space-buero\/","title":{"rendered":"Akustyka w przestrzeni otwartej"},"content":{"rendered":"<section class=\"wpb-content-wrapper\"><section class=\"vc_section agni-section vc_custom_1674556576803 vc_section-has-fill\"><div id=\"intro\" class=\"section-row\" ><div class=\"section-row-bg-container section-row-bg-container-intro\"><div class=\"section-row-bg section-row-bg-color\" style=\"background-color: #ffffff; \" ><\/div><\/div><div class=\"container\"><div class=\"vc_row vc_row_fluid\"><div id=\"agni-column-84266\" class=\"wpb_column agni_column_container agni_column vc_column_container vc_col-sm-12\"><div class=\"agni_column-inner vc_column-inner text-left\"  ><div class=\"section-column-bg-container section-column-bg-container-agni-column-84266\" ><div class=\"section-column-bg section-column-bg-color\"  ><\/div><\/div><div class=\"wpb_wrapper\"><div class=\"agni_empty_space vc_empty_space\"  style=\"height: 32px\" data-height = \"32px\" data-height-tab = \"32px\" data-height-mobile = \"300px\"><span class=\"vc_empty_space_inner\"><\/span><\/div>\n<div class=\"agni_custom_heading page-scroll\" ><h1 class=\"vc_custom_heading agni_custom_heading_content\" style=\"font-size: 36px;text-align: center; \"><span>Akustyczne planowanie przestrzeni w biurze Open Space<\/span><\/h1><div class=\"divide-line text-center\"><span style=\"width:90px; height:1px; background-color:#020000\"><\/span><\/div><\/div>\n\t<div id=\"\" class=\"agni_text_column agni-text-block\"  style=\"padding-bottom: 15px; \">\n\t\t<p>Nie spos\u00f3b wyobrazi\u0107 sobie nowoczesnych koncepcji biurowych bez niej: biura typu open space. Zw\u0142aszcza od czasu silnego wtargni\u0119cia Corony koncepcja tzw. open space office zyskuje coraz wi\u0119ksze znaczenie. \u015awiat pracy si\u0119 zmieni\u0142, a wraz z nim zapotrzebowanie na stare dobre open office.<\/p>\n<p>Rdzeniem nowoczesnego krajobrazu biurowego jest cz\u0119sto du\u017ca wieloprzestrzenna powierzchnia biurowa, w kt\u00f3rej mo\u017cna po\u0142\u0105czy\u0107 r\u00f3\u017cne rodzaje codziennej pracy. Wielk\u0105 zalet\u0105 takich biur typu open space s\u0105 niewielkie odleg\u0142o\u015bci, mo\u017cliwo\u015b\u0107 otwartej komunikacji oraz zobrazowanie p\u0142askich hierarchii poprzez otwarte \u015brodki architektoniczne.<\/p>\n\n\t<\/div>\n<div class=\"agni_empty_space vc_empty_space\"  style=\"height: 32px\" data-height = \"32px\" data-height-tab = \"32px\" data-height-mobile = \"300px\"><span class=\"vc_empty_space_inner\"><\/span><\/div>\n<\/div><\/div><\/div><\/div><\/div><\/div><\/section><div id=\"herausforderung\" class=\"section-row\" ><div class=\"section-row-bg-container section-row-bg-container-herausforderung\"><div class=\"section-row-bg section-row-bg-color  parallax\" style=\"background-color: #efefef; \" data-top-bottom=\"background-position: 0px 600px;\" data-center=\"background-position: 0px 0px\" data-bottom-top=\"background-position: 0px 0px\"><\/div><\/div><div class=\"container\"><div class=\"vc_row vc_row_fluid vc_row-o-equal-height vc_row-flex\"><div id=\"agni-column-73685\" class=\"wpb_column agni_column_container agni_column vc_column_container vc_col-sm-12 vc_col-md-5\"><div class=\"agni_column-inner vc_column-inner text-left\" style=\"padding-top: 100px; padding-bottom: 50px; \" ><div class=\"section-column-bg-container section-column-bg-container-agni-column-73685\" ><div class=\"section-column-bg section-column-bg-color\"  ><\/div><\/div><div class=\"wpb_wrapper\"><div class=\"agni_custom_heading page-scroll\" ><h2 class=\"vc_custom_heading agni_custom_heading_content\" style=\"font-size: 24px;text-align: center; \"><span>Wyzwanie akustyczne<br \/>\nw otwartym biurze<\/span><\/h2><div class=\"divide-line text-center\"><span style=\"width:90px; height:1px; background-color:#020000\"><\/span><\/div><\/div>\n\t<div id=\"\" class=\"agni_text_column agni-text-block\"  >\n\t\t<p>Jednak mimo \u017ce elastyczno\u015b\u0107 otwartego biura mo\u017ce by\u0107 przyjemna, cz\u0119sto pojawiaj\u0105 si\u0119 wyzwania zwi\u0105zane z akustyk\u0105. Tak jak pozytywne s\u0105 zalety wsp\u00f3lnej pracy w biurze typu open space, tak trudna jest sytuacja akustyczna w takim wieloprzestrzennym obszarze bez akustycznej separacji pomieszcze\u0144.<\/p>\n<p>Jeden kolega g\u0142o\u015bno rozmawia przez telefon, drugi ekstatycznie pisze na klawiaturze, a w tle ludzie kr\u00f3tko wymieniaj\u0105 si\u0119 wra\u017ceniami z weekendu. \u015awietne dla kole\u017ce\u0144skich interakcji, ale nie jest to optymalna sytuacja akustyczna do pracy w New Work Office.<\/p>\n\n\t<\/div>\n<div class=\"agni_empty_space vc_empty_space\"  style=\"height: 150px\" data-height = \"150px\" data-height-tab = \"30\" data-height-mobile = \"5\"><span class=\"vc_empty_space_inner\"><\/span><\/div>\n<\/div><\/div><\/div><div id=\"agni-column-78460\" class=\"wpb_column agni_column_container agni_column vc_column_container vc_col-sm-12 vc_col-md-offset-1 vc_col-md-6\"><div class=\"agni_column-inner vc_column-inner text-left\"  ><div class=\"section-column-bg-container section-column-bg-container-agni-column-78460 has-bg-edge\" data-bg-edge=\"right\"><div class=\"section-column-bg section-column-bg-image\" style=\"background-image: url('https:\/\/www.gerriets-acoustics.com\/wp-content\/uploads\/2023\/01\/2022-Uster-CH-foryouandyourcustomers-Gerriets-Schallvorhang-02.jpg'); background-repeat:repeat; background-size:cover; background-position:left top; background-attachment:scroll; \" ><\/div><\/div><div class=\"wpb_wrapper\"><div class=\"agni_empty_space vc_empty_space\"  style=\"height: 32px\" data-height = \"32px\" data-height-tab = \"32px\" data-height-mobile = \"300px\"><span class=\"vc_empty_space_inner\"><\/span><\/div>\n<\/div><\/div><\/div><\/div><\/div><\/div><div id=\"agni-row-32455\" class=\"section-row\" ><div class=\"section-row-bg-container section-row-bg-container-agni-row-32455\"><div class=\"section-row-bg section-row-bg-color\" style=\"background-color: #efefef; \" ><\/div><\/div><div class=\"container\"><div class=\"vc_row vc_row_fluid vc_row-o-equal-height vc_row-flex\"><div id=\"agni-column-68921\" class=\"wpb_column agni_column_container agni_column vc_column_container vc_col-sm-12 vc_col-md-6 vc_hidden-sm vc_hidden-xs\"><div class=\"agni_column-inner vc_column-inner text-left\"  ><div class=\"section-column-bg-container section-column-bg-container-agni-column-68921 has-bg-edge\" data-bg-edge=\"left\"><div class=\"section-column-bg section-column-bg-image\" style=\"background-image: url('https:\/\/www.gerriets-acoustics.com\/wp-content\/uploads\/2023\/01\/2022-Stuttgart-Studio-Hans-SVO-6.jpg'); background-repeat:repeat; background-size:cover; background-position:center center; background-attachment:scroll; background-color: #ffffff; \" ><\/div><\/div><div class=\"wpb_wrapper\"><div class=\"agni_empty_space vc_empty_space\"  style=\"height: 32px\" data-height = \"32px\" data-height-tab = \"32px\" data-height-mobile = \"300px\"><span class=\"vc_empty_space_inner\"><\/span><\/div>\n<\/div><\/div><\/div><div id=\"agni-column-37578\" class=\"wpb_column agni_column_container agni_column vc_column_container vc_col-sm-12 vc_col-md-offset-1 vc_col-md-5\"><div class=\"agni_column-inner vc_column-inner text-left\" style=\"padding-top: 40px; padding-bottom: 40px; \" ><div class=\"section-column-bg-container section-column-bg-container-agni-column-37578\" ><div class=\"section-column-bg section-column-bg-color\"  ><\/div><\/div><div class=\"wpb_wrapper\"><div class=\"agni_custom_heading page-scroll\" ><h2 class=\"vc_custom_heading agni_custom_heading_content\" style=\"font-size: 24px;text-align: center; \"><span>Kurtyny d\u017awi\u0119kowe w<br \/>\nBiuro Open Space<\/span><\/h2><div class=\"divide-line text-center\"><span style=\"width:90px; height:1px; background-color:#020000\"><\/span><\/div><\/div><div class=\"agni_empty_space vc_empty_space\"  style=\"height: 20px\" data-height = \"20px\" data-height-tab = \"50\" data-height-mobile = \"5\"><span class=\"vc_empty_space_inner\"><\/span><\/div>\n\n\t<div id=\"\" class=\"agni_text_column agni-text-block\"  >\n\t\t<p>Nie byliby\u015bmy specjalistami od akustyki, gdyby\u015bmy nie mieli rozwi\u0105zania tego problemu w biurze typu open space. Dlatego projektantom biur New Work proponujemy nasze <a href=\"https:\/\/www.gerriets-acoustics.com\/pl\/kurtyny-dzwiekoszczelne\/\">Kurtyny d\u017awi\u0119kowe<\/a> umo\u017cliwia teraz realizacj\u0119 elastycznych obszar\u00f3w w ramach koncepcji biurowej Open Space. Dzi\u0119ki temu w biurze Multi Space mo\u017cna stworzy\u0107 akustyczn\u0105 separacj\u0119 bez zmniejszania lekko\u015bci otwartej architektury.<\/p>\n<p>Tymczasowo oddzielaj\u0105c strefy spotka\u0144, think tank\u00f3w lub ciche obszary, mo\u017cna na przyk\u0142ad zachowa\u0107 otwarto\u015b\u0107 obszaru wieloprzestrzennego, jednocze\u015bnie tworz\u0105c akustycznie oddzielne strefy robocze, zapewniaj\u0105ce skoncentrowan\u0105 atmosfer\u0119 pracy.<\/p>\n<p>Czy chcia\u0142by\u015b skoordynowa\u0107 z nami swoje osobiste rozwi\u0105zanie w zakresie izolacji akustycznej dla Twojego biura typu Open Space lub Multi Space? Skontaktuj si\u0119 z nami tutaj!<\/p>\n\n\t<\/div>\n<div class=\"agni-button  text-center page-scroll\"><a class=\"btn btn-alt btn-lg btn-accent\" target=\"_blank\" href=\"https:\/\/www.gerriets-acoustics.com\/pl\/kontakt\/\"  >Kontakt<\/a><\/div><div class=\"agni_empty_space vc_empty_space\"  style=\"height: 32px\" data-height = \"32px\" data-height-tab = \"50\" data-height-mobile = \"5\"><span class=\"vc_empty_space_inner\"><\/span><\/div>\n<\/div><\/div><\/div><\/div><\/div><\/div><div id=\"agni-row-35783\" class=\"section-row\" ><div class=\"section-row-bg-container section-row-bg-container-agni-row-35783\"><div class=\"section-row-bg section-row-bg-color  parallax\" style=\"background-color: #efefef; \" data-top-bottom=\"background-position: 0px 600px;\" data-center=\"background-position: 0px 0px\" data-bottom-top=\"background-position: 0px 0px\"><\/div><\/div><div class=\"container\"><div class=\"vc_row vc_row_fluid vc_row-o-equal-height vc_row-flex\"><div id=\"agni-column-82575\" class=\"wpb_column agni_column_container agni_column vc_column_container vc_col-sm-12 vc_col-md-5\"><div class=\"agni_column-inner vc_column-inner text-left\" style=\"padding-top: 40px; padding-bottom: 40px; \" ><div class=\"section-column-bg-container section-column-bg-container-agni-column-82575\" ><div class=\"section-column-bg section-column-bg-color\" style=\"background-color: #efefef; \" ><\/div><\/div><div class=\"wpb_wrapper\"><div class=\"agni_custom_heading page-scroll\" ><h2 class=\"vc_custom_heading agni_custom_heading_content\" style=\"font-size: 24px;text-align: center; \"><span>Planowanie akustyczne pomieszcze\u0144 biurowych dla Nowego Biura Pracy<\/span><\/h2><div class=\"divide-line text-center\"><span style=\"width:90px; height:1px; background-color:#020000\"><\/span><\/div><\/div>\n\t<div id=\"\" class=\"agni_text_column agni-text-block\"  >\n\t\t<p>Dobrze zaplanowana pozwala na spokojniejsz\u0105 prac\u0119. Dlatego przed wyposa\u017ceniem biura open space nale\u017cy dok\u0142adnie przyjrze\u0107 si\u0119 jego powierzchni. Obecne planowanie biur akustycznych cz\u0119sto wykorzystuje w procesie planowania biur otwartych norm\u0119 ISO 22955 (Acoustic Quality in Open Plan Offices).<\/p>\n<p>W ten spos\u00f3b biuro typu open space zostaje podzielone na r\u00f3\u017cne typy zastosowa\u0144, kt\u00f3re mo\u017cna nast\u0119pnie oddzieli\u0107 akustycznie od siebie za pomoc\u0105 rozwi\u0105za\u0144 typu \"pok\u00f3j w pokoju\", zmiennych stref, mobilnych \u015bcianek dzia\u0142owych i dobrze przemy\u015blanych podzia\u0142\u00f3w pomieszcze\u0144.<\/p>\n<p>W ramach tych typ\u00f3w (\"Space Types\") miejsca pracy New Work s\u0105 planowane albo pod k\u0105tem komunikacji ze sob\u0105, albo skoncentrowanej pracy indywidualnej. Pom\u00f3c w tym mog\u0105 poch\u0142aniacze d\u017awi\u0119ku umieszczone sensownie w biurze typu open space oraz np. elastyczne miejsca pracy. <a href=\"https:\/\/www.gerriets-acoustics.com\/pl\/planowanie-konsultacje\/kurtyna-akustyczna-2\/\">Kurtyny akustyczne<\/a>aby akustycznie podzieli\u0107 biuro Open Space.<\/p>\n\n\t<\/div>\n<div class=\"agni_empty_space vc_empty_space\"  style=\"height: 60px\" data-height = \"60px\" data-height-tab = \"50\" data-height-mobile = \"5\"><span class=\"vc_empty_space_inner\"><\/span><\/div>\n<\/div><\/div><\/div><div id=\"agni-column-97231\" class=\"wpb_column agni_column_container agni_column vc_column_container vc_col-sm-12 vc_col-md-offset-1 vc_col-md-6\"><div class=\"agni_column-inner vc_column-inner text-left\"  ><div class=\"section-column-bg-container section-column-bg-container-agni-column-97231 has-bg-edge\" data-bg-edge=\"right\"><div class=\"section-column-bg section-column-bg-image\" style=\"background-image: url('https:\/\/www.gerriets-acoustics.com\/wp-content\/uploads\/2023\/01\/2022-Stuttgart-Gerriets_Schallvorhang_OFFICE_Fraunhofer_Institut_-1.jpg'); background-repeat:repeat; background-size:cover; background-position:center center; background-attachment:scroll; background-color: #ffffff; \" ><\/div><\/div><div class=\"wpb_wrapper\"><div class=\"agni_empty_space vc_empty_space\"  style=\"height: 32px\" data-height = \"32px\" data-height-tab = \"32px\" data-height-mobile = \"300px\"><span class=\"vc_empty_space_inner\"><\/span><\/div>\n<\/div><\/div><\/div><\/div><\/div><\/div><div id=\"agni-row-11465\" class=\"section-row\" ><div class=\"section-row-bg-container section-row-bg-container-agni-row-11465\"><div class=\"section-row-bg section-row-bg-color\" style=\"background-color: #efefef; \" ><\/div><\/div><div class=\"container\"><div class=\"vc_row vc_row_fluid vc_row-o-equal-height vc_row-flex\"><div id=\"agni-column-20630\" class=\"wpb_column agni_column_container agni_column vc_column_container vc_col-sm-12 vc_col-md-6 vc_hidden-sm vc_hidden-xs\"><div class=\"agni_column-inner vc_column-inner text-left\"  ><div class=\"section-column-bg-container section-column-bg-container-agni-column-20630 has-bg-edge\" data-bg-edge=\"left\"><div class=\"section-column-bg section-column-bg-image\" style=\"background-image: url('https:\/\/www.gerriets-acoustics.com\/wp-content\/uploads\/2022\/03\/gw-2021-vitra-club-office-03.jpg'); background-repeat:repeat; background-size:cover; background-position:right top; background-attachment:scroll; background-color: #ffffff; \" ><\/div><\/div><div class=\"wpb_wrapper\"><div class=\"agni_empty_space vc_empty_space\"  style=\"height: 32px\" data-height = \"32px\" data-height-tab = \"32px\" data-height-mobile = \"300px\"><span class=\"vc_empty_space_inner\"><\/span><\/div>\n<\/div><\/div><\/div><div id=\"agni-column-76972\" class=\"wpb_column agni_column_container agni_column vc_column_container vc_col-sm-12 vc_col-md-offset-1 vc_col-md-5\"><div class=\"agni_column-inner vc_column-inner text-left\" style=\"padding-top: 40px; padding-bottom: 40px; \" ><div class=\"section-column-bg-container section-column-bg-container-agni-column-76972\" ><div class=\"section-column-bg section-column-bg-color\"  ><\/div><\/div><div class=\"wpb_wrapper\"><div class=\"agni_custom_heading page-scroll\" ><h2 class=\"vc_custom_heading agni_custom_heading_content\" style=\"font-size: 24px;text-align: center; \"><span>Vitra - Club Office jako biuro w otwartej przestrzeni<\/span><\/h2><div class=\"divide-line text-center\"><span style=\"width:90px; height:1px; background-color:#020000\"><\/span><\/div><\/div><div class=\"agni_empty_space vc_empty_space\"  style=\"height: 20px\" data-height = \"20px\" data-height-tab = \"50\" data-height-mobile = \"5\"><span class=\"vc_empty_space_inner\"><\/span><\/div>\n\n\t<div id=\"\" class=\"agni_text_column agni-text-block\"  >\n\t\t<p>Doskona\u0142ym przyk\u0142adem takiej nowoczesnej koncepcji biura typu open space jest <a href=\"https:\/\/www.gerriets-acoustics.com\/pl\/portfolio\/vitra-club-office\/\" target=\"_blank\" rel=\"noopener\">Biuro Klubu Vitra<\/a> w siedzibie firmy Vitra w Birsfelden. Gerriets Interior Acoustic Solutions z dum\u0105 dostarcza kurtyny poch\u0142aniaj\u0105ce d\u017awi\u0119k (<a href=\"https:\/\/www.gerriets-acoustics.com\/pl\/interior-acoustic-collection\/tekstylia-transparentne\/\" target=\"_blank\" rel=\"noopener\">\u015aWIAT\u0141O ABSORBERA<\/a>), kurtyny poch\u0142aniaj\u0105ce d\u017awi\u0119k (<a href=\"https:\/\/www.gerriets-acoustics.com\/pl\/kurtyny-dzwiekoszczelne\/\" target=\"_blank\" rel=\"noopener\">KURTYNA D\u0179WI\u0118KOWA DO BIURA<\/a>) i specjalne profile szyn (<a href=\"https:\/\/www.gerriets-acoustics.com\/pl\/systemy-kolejowe\/\" target=\"_blank\" rel=\"noopener\">System szynowy STUDIO OFFICE<\/a>), kt\u00f3re maj\u0105 by\u0107 reprezentowane w projekcie.<\/p>\n<p>Dzi\u0119ki naszym elastycznym przegrodom do pomieszcze\u0144 Open Space Office, Vitra Club Office mo\u017cna podzieli\u0107 na stref\u0119 publiczn\u0105, p\u00f3\u0142publiczn\u0105 i prywatn\u0105. Wynikaj\u0105ca z tego zmienna akustyka pomieszcze\u0144 w biurze New Work sprzyja temu, \u017ce spontaniczne spotkania w Vitra Club Office mog\u0105 odbywa\u0107 si\u0119 p\u00f3\u0142publicznie, a warsztaty lub wideokonferencje w prywatnej strefie Open Space Office.<\/p>\n\n\t<\/div>\n<div class=\"agni_empty_space vc_empty_space\"  style=\"height: 50px\" data-height = \"50px\" data-height-tab = \"50\" data-height-mobile = \"5\"><span class=\"vc_empty_space_inner\"><\/span><\/div>\n<\/div><\/div><\/div><\/div><\/div><\/div><div id=\"agni-row-22987\" class=\"section-row\" ><div class=\"section-row-bg-container section-row-bg-container-agni-row-22987\"><div class=\"section-row-bg section-row-bg-color  parallax\" style=\"background-color: #efefef; \" data-top-bottom=\"background-position: 0px 600px;\" data-center=\"background-position: 0px 0px\" data-bottom-top=\"background-position: 0px 0px\"><\/div><\/div><div class=\"container\"><div class=\"vc_row vc_row_fluid vc_row-o-equal-height vc_row-flex\"><div id=\"agni-column-79423\" class=\"wpb_column agni_column_container agni_column vc_column_container vc_col-sm-12 vc_col-md-5\"><div class=\"agni_column-inner vc_column-inner text-left\" style=\"padding-top: 40px; padding-bottom: 40px; \" ><div class=\"section-column-bg-container section-column-bg-container-agni-column-79423\" ><div class=\"section-column-bg section-column-bg-color\" style=\"background-color: #efefef; \" ><\/div><\/div><div class=\"wpb_wrapper\"><div class=\"agni_custom_heading page-scroll\" ><h2 class=\"vc_custom_heading agni_custom_heading_content\" style=\"font-size: 24px;text-align: center; \"><span>Elastyczne i tymczasowe \u015bcianki dzia\u0142owe w biurze Open Space<\/span><\/h2><div class=\"divide-line text-center\"><span style=\"width:90px; height:1px; background-color:#020000\"><\/span><\/div><\/div>\n\t<div id=\"\" class=\"agni_text_column agni-text-block\"  >\n\t\t<p>Dlatego te\u017c przy planowaniu przestrzeni akustycznej w biurze typu open space nale\u017cy zawsze mie\u0107 na uwadze odpowiednie wymagania dotycz\u0105ce u\u017cytkowania poszczeg\u00f3lnych obszar\u00f3w w ramach przestrzeni wieloprzestrzennej. Po jasnym zdefiniowaniu, informacje te mog\u0105 by\u0107 wykorzystane do fundamentalnego strefowania przestrzeni biura open space.<\/p>\n<p>Elastyczne i tymczasowe \u015bcianki dzia\u0142owe zapewniaj\u0105 optymalne wsparcie przy tworzeniu wysp konferencyjnych, stref wypoczynkowych lub stref w pomieszczeniach w biurze Multi Space. W po\u0142\u0105czeniu z akustycznie efektywnymi elementami pomieszcze\u0144, kt\u00f3re tworz\u0105 mikroarchitektur\u0119 w obszarze Multi Space, koncepcja biura otwartego mo\u017ce r\u00f3wnie\u017c funkcjonowa\u0107 bez zak\u0142\u00f3ce\u0144 i tworzy\u0107 stymuluj\u0105c\u0105, nowoczesn\u0105 atmosfer\u0119 pracy w biurze Open Space.<\/p>\n\n\t<\/div>\n<div class=\"agni_empty_space vc_empty_space\"  style=\"height: 60px\" data-height = \"60px\" data-height-tab = \"50\" data-height-mobile = \"5\"><span class=\"vc_empty_space_inner\"><\/span><\/div>\n<\/div><\/div><\/div><div id=\"agni-column-34743\" class=\"wpb_column agni_column_container agni_column vc_column_container vc_col-sm-12 vc_col-md-offset-1 vc_col-md-6\"><div class=\"agni_column-inner vc_column-inner text-left\"  ><div class=\"section-column-bg-container section-column-bg-container-agni-column-34743 has-bg-edge\" data-bg-edge=\"right\"><div class=\"section-column-bg section-column-bg-image\" style=\"background-image: url('https:\/\/www.gerriets-acoustics.com\/wp-content\/uploads\/2025\/04\/2025-Bad-Homburg-Mainmetall-SVO-10.jpg'); background-repeat:repeat; background-size:cover; background-position:center center; background-attachment:scroll; background-color: #ffffff; \" ><\/div><\/div><div class=\"wpb_wrapper\"><div class=\"agni_empty_space vc_empty_space\"  style=\"height: 32px\" data-height = \"32px\" data-height-tab = \"32px\" data-height-mobile = \"300px\"><span class=\"vc_empty_space_inner\"><\/span><\/div>\n<\/div><\/div><\/div><\/div><\/div><\/div><div id=\"agni-row-42964\" class=\"section-row\" ><div class=\"section-row-bg-container section-row-bg-container-agni-row-42964\"><div class=\"section-row-bg section-row-bg-color\" style=\"background-color: #efefef; \" ><\/div><\/div><div class=\"container\"><div class=\"vc_row vc_row_fluid vc_row-o-equal-height vc_row-flex\"><div id=\"agni-column-97477\" class=\"wpb_column agni_column_container agni_column vc_column_container vc_col-sm-12 vc_col-md-6 vc_hidden-sm vc_hidden-xs\"><div class=\"agni_column-inner vc_column-inner text-left\"  ><div class=\"section-column-bg-container section-column-bg-container-agni-column-97477 has-bg-edge\" data-bg-edge=\"left\"><div class=\"section-column-bg section-column-bg-image\" style=\"background-image: url('https:\/\/www.gerriets-acoustics.com\/wp-content\/uploads\/2023\/01\/2022-Gerriets-London-Vitra-Showroom-Tramshed-HR-1-curtains-05.jpg'); background-repeat:repeat; background-size:cover; background-position:left center; background-attachment:scroll; background-color: #ffffff; \" ><\/div><\/div><div class=\"wpb_wrapper\"><div class=\"agni_empty_space vc_empty_space\"  style=\"height: 32px\" data-height = \"32px\" data-height-tab = \"32px\" data-height-mobile = \"300px\"><span class=\"vc_empty_space_inner\"><\/span><\/div>\n<\/div><\/div><\/div><div id=\"agni-column-70127\" class=\"wpb_column agni_column_container agni_column vc_column_container vc_col-sm-12 vc_col-md-offset-1 vc_col-md-5\"><div class=\"agni_column-inner vc_column-inner text-left\" style=\"padding-top: 40px; padding-bottom: 40px; \" ><div class=\"section-column-bg-container section-column-bg-container-agni-column-70127\" ><div class=\"section-column-bg section-column-bg-color\"  ><\/div><\/div><div class=\"wpb_wrapper\"><div class=\"agni_custom_heading page-scroll\" ><h2 class=\"vc_custom_heading agni_custom_heading_content\" style=\"font-size: 24px;text-align: center; \"><span>Twoje biuro New Work - jeste\u015bmy tam od planowania do instalacji<br \/>\ntam dla ciebie<\/span><\/h2><div class=\"divide-line text-center\"><span style=\"width:90px; height:1px; background-color:#020000\"><\/span><\/div><\/div><div class=\"agni_empty_space vc_empty_space\"  style=\"height: 20px\" data-height = \"20px\" data-height-tab = \"50\" data-height-mobile = \"5\"><span class=\"vc_empty_space_inner\"><\/span><\/div>\n\n\t<div id=\"\" class=\"agni_text_column agni-text-block\"  >\n\t\t<p>Dla akustycznego planowania biur Multi Space decyduj\u0105ce znaczenie maj\u0105 wiarygodne warto\u015bci pomiarowe, jak r\u00f3wnie\u017c mo\u017cliwo\u015b\u0107 towarzysz\u0105cych pomiar\u00f3w i doradztwa podczas ca\u0142ego procesu budowy. Dlatego jeste\u015bmy dla Pa\u0144stwa od pierwszego pomys\u0142u do ostatecznej realizacji, planujemy, dostarczamy i instalujemy.<\/p>\n<p>Testujemy wszystkie u\u017cyte tekstylia pod k\u0105tem ich skuteczno\u015bci, aby znale\u017a\u0107 optymaln\u0105 kombinacj\u0119 dla Pa\u0144stwa biura typu open space. Nasze portfolio rozwi\u0105za\u0144 d\u017awi\u0119koszczelnych dla nowych biur pracy jest tak wszechstronne, \u017ce mo\u017cemy indywidualnie zestawi\u0107 dla Pa\u0144stwa odpowiedni wariant. Czy s\u0105 Pa\u0144stwo zainteresowani optymalnym i elastycznym rozwi\u0105zaniem w zakresie izolacji akustycznej dla Pa\u0144stwa biura typu Multi Space?<\/p>\n<p>W takim razie porozmawiajmy bez \u017cadnych zobowi\u0105za\u0144.<\/p>\n\n\t<\/div>\n<div class=\"agni_empty_space vc_empty_space\"  style=\"height: 50px\" data-height = \"50px\" data-height-tab = \"50\" data-height-mobile = \"5\"><span class=\"vc_empty_space_inner\"><\/span><\/div>\n<div class=\"agni-button  text-center page-scroll\"><a class=\"btn btn-alt btn-lg btn-accent\" target=\"_blank\" href=\"https:\/\/www.gerriets-acoustics.com\/pl\/kontakt\/\"  >Um\u00f3w si\u0119 na konsultacj\u0119 ju\u017c teraz<\/a><\/div><div class=\"agni_empty_space vc_empty_space\"  style=\"height: 50px\" data-height = \"50px\" data-height-tab = \"50\" data-height-mobile = \"5\"><span class=\"vc_empty_space_inner\"><\/span><\/div>\n<\/div><\/div><\/div><\/div><\/div><\/div>\n<\/section>","protected":false},"excerpt":{"rendered":"Akustische Raumplanung im Open Space \u00adB\u00fcro Es ist aus dem Bereich der modernen B\u00fcrokonzepte nicht mehr wegzudenken: das Open Space B\u00fcro. Insbesondere seit dem starken Einschnitt durch Corona gewinnt der Begriff des sogenannten Open Space Office immer mehr an Bedeutung. Die Arbeitswelt hat sich ver\u00e4ndert und damit auch der Anspruch an das gute alte offene [...]","protected":false},"author":33,"featured_media":0,"parent":4800,"menu_order":0,"comment_status":"closed","ping_status":"closed","template":"","meta":{"footnotes":""},"class_list":["post-9753","page","type-page","status-publish","hentry"],"aioseo_notices":[],"_links":{"self":[{"href":"https:\/\/www.gerriets-acoustics.com\/pl\/wp-json\/wp\/v2\/pages\/9753","targetHints":{"allow":["GET"]}}],"collection":[{"href":"https:\/\/www.gerriets-acoustics.com\/pl\/wp-json\/wp\/v2\/pages"}],"about":[{"href":"https:\/\/www.gerriets-acoustics.com\/pl\/wp-json\/wp\/v2\/types\/page"}],"author":[{"embeddable":true,"href":"https:\/\/www.gerriets-acoustics.com\/pl\/wp-json\/wp\/v2\/users\/33"}],"replies":[{"embeddable":true,"href":"https:\/\/www.gerriets-acoustics.com\/pl\/wp-json\/wp\/v2\/comments?post=9753"}],"version-history":[{"count":3,"href":"https:\/\/www.gerriets-acoustics.com\/pl\/wp-json\/wp\/v2\/pages\/9753\/revisions"}],"predecessor-version":[{"id":10796,"href":"https:\/\/www.gerriets-acoustics.com\/pl\/wp-json\/wp\/v2\/pages\/9753\/revisions\/10796"}],"up":[{"embeddable":true,"href":"https:\/\/www.gerriets-acoustics.com\/pl\/wp-json\/wp\/v2\/pages\/4800"}],"wp:attachment":[{"href":"https:\/\/www.gerriets-acoustics.com\/pl\/wp-json\/wp\/v2\/media?parent=9753"}],"curies":[{"name":"wp","href":"https:\/\/api.w.org\/{rel}","templated":true}]}}